{"id":914,"date":"2023-03-22T09:52:58","date_gmt":"2023-03-22T06:52:58","guid":{"rendered":"https:\/\/sweetheaven.com.tr\/?post_type=product&#038;p=914"},"modified":"2023-04-18T21:58:54","modified_gmt":"2023-04-18T18:58:54","slug":"beyaz-cikolatali-kalpli-pasta","status":"publish","type":"product","link":"https:\/\/sweetheaven.com.tr\/it\/beyaz-cikolatali-kalpli-pasta\/","title":{"rendered":"Torta cuore di cioccolato bianco"},"content":{"rendered":"<div class=\"wpb-content-wrapper\"><div class=\"vc_row wpb_row vc_row-fluid\"><div class=\"wpb_column vc_column_container vc_col-sm-12\"><div class=\"vc_column-inner\"><div class=\"wpb_wrapper\">\n\t<div class=\"wpb_text_column wpb_content_element\" id=\"custom-description\">\n\t\t<div class=\"wpb_wrapper\">\n\t\t\t<p>\u2018\u2019Lezzeti ve g\u00f6rseli ile kalbinizi mest edecek Beyaz \u00c7ikolatal\u0131 Kalpli Pasta\u201d<\/p>\n\n\t\t<\/div>\n\t<\/div>\n\n\t<div class=\"wpb_text_column wpb_content_element weight\" >\n\t\t<div class=\"wpb_wrapper\">\n\t\t\t<p>850 gr.<\/p>\n\n\t\t<\/div>\n\t<\/div>\n\n\t<div class=\"wpb_raw_code wpb_raw_html wpb_content_element tables\" >\n\t\t<div class=\"wpb_wrapper\">\n\t\t\t<table class=\"custom-desc\">\n    <tr>\n        <td colspan=\"3\">Dettagli del prodotto<\/td>\n    <\/tr>\n    <tr>\n        <td>Kutu \u0130\u00e7i<\/td>\n        <td>Peso<\/td>\n        <td>Porsiyon <\/td>\n    <\/tr>\n    <tr class=\"properties\">\n        <td><span>15<\/span><span>pezzi<\/span><\/td>\n        <td><span>850 gr.<\/span><span>\u00b1 5 gr.<\/span><\/td>\n        <td><span>56 gr.<\/span><span>\u00b1 5 gr.<\/span><\/td>\n    <\/tr>\n<\/table>\n\n<table class=\"custom-desc\">\n    <tr>\n        <td colspan=\"3\">Condizioni di conservazione<\/td>\n    <\/tr>\n    <tr>\n        <td>Periodo di stoccaggio<\/td>\n        <td>Tempo di scongelamento<\/td>\n        <td>Durata<\/td>\n    <\/tr>\n    <tr class=\"properties\">\n        <td><span>a -18 \u00b0C<\/span><span>12 mesi<\/span><\/td>\n        <td><span>a +4 \u00b0C<\/span><span>3-3,5 ore<\/span><\/td>\n        <td><span>a +4 \u00b0C<\/span><span>3 o 4 giorni<\/span><\/td>\n    <\/tr>\n<\/table>\n\t\t<\/div>\n\t<\/div>\n<\/div><\/div><\/div><\/div>\n<\/div>","protected":false},"excerpt":{"rendered":"\u2018\u2019Lezzeti ve g\u00f6rseli ile kalbinizi mest edecek Beyaz \u00c7ikolatal\u0131 Kalpli Pasta\u201d 850 gr. \u00dcr\u00fcn Detaylar\u0131 Kutu \u0130\u00e7i A\u011f\u0131rl\u0131k Porsiyon 15adet","protected":false},"featured_media":917,"template":"","meta":[],"product_cat":[65,33,36],"product_tag":[],"class_list":{"0":"post-914","1":"product","2":"type-product","3":"status-publish","4":"has-post-thumbnail","6":"product_cat-urunlerimiz","7":"product_cat-pastalar","8":"product_cat-dugun-pastalari","10":"first","11":"instock","12":"shipping-taxable","13":"product-type-simple"},"yoast_head":"<!-- This site is optimized with the Yoast SEO plugin v23.8 - https:\/\/yoast.com\/wordpress\/plugins\/seo\/ -->\n<title>Beyaz \u00c7ikolatal\u0131 Kalpli Pasta - Sweet Heaven Cakes &amp; Coffee<\/title>\n<meta name=\"robots\" content=\"index, follow, max-snippet:-1, max-image-preview:large, max-video-preview:-1\" \/>\n<link rel=\"canonical\" href=\"https:\/\/sweetheaven.com.tr\/it\/beyaz-cikolatali-kalpli-pasta\/\" \/>\n<meta property=\"og:locale\" content=\"it_IT\" \/>\n<meta property=\"og:type\" content=\"article\" \/>\n<meta property=\"og:title\" content=\"Beyaz \u00c7ikolatal\u0131 Kalpli Pasta - Sweet Heaven Cakes &amp; Coffee\" \/>\n<meta property=\"og:url\" content=\"https:\/\/sweetheaven.com.tr\/it\/beyaz-cikolatali-kalpli-pasta\/\" \/>\n<meta property=\"og:site_name\" content=\"Sweet Heaven Cakes &amp; Coffee\" \/>\n<meta property=\"article:modified_time\" content=\"2023-04-18T18:58:54+00:00\" \/>\n<meta property=\"og:image\" content=\"https:\/\/sweetheaven.com.tr\/wp-content\/uploads\/2023\/03\/beyaz-cikolatali-kalpli-pasta.jpg\" \/>\n\t<meta property=\"og:image:width\" content=\"1000\" \/>\n\t<meta property=\"og:image:height\" content=\"602\" \/>\n\t<meta property=\"og:image:type\" content=\"image\/jpeg\" \/>\n<meta name=\"twitter:card\" content=\"summary_large_image\" \/>\n<meta name=\"twitter:label1\" content=\"Tempo di lettura stimato\" \/>\n\t<meta name=\"twitter:data1\" content=\"1 minuto\" \/>\n<script type=\"application\/ld+json\" class=\"yoast-schema-graph\">{\"@context\":\"https:\/\/schema.org\",\"@graph\":[{\"@type\":\"WebPage\",\"@id\":\"https:\/\/sweetheaven.com.tr\/beyaz-cikolatali-kalpli-pasta\/\",\"url\":\"https:\/\/sweetheaven.com.tr\/beyaz-cikolatali-kalpli-pasta\/\",\"name\":\"Beyaz \u00c7ikolatal\u0131 Kalpli Pasta - Sweet Heaven Cakes &amp; Coffee\",\"isPartOf\":{\"@id\":\"https:\/\/sweetheaven.com.tr\/#website\"},\"primaryImageOfPage\":{\"@id\":\"https:\/\/sweetheaven.com.tr\/beyaz-cikolatali-kalpli-pasta\/#primaryimage\"},\"image\":{\"@id\":\"https:\/\/sweetheaven.com.tr\/beyaz-cikolatali-kalpli-pasta\/#primaryimage\"},\"thumbnailUrl\":\"https:\/\/sweetheaven.com.tr\/wp-content\/uploads\/2023\/03\/beyaz-cikolatali-kalpli-pasta.jpg\",\"datePublished\":\"2023-03-22T06:52:58+00:00\",\"dateModified\":\"2023-04-18T18:58:54+00:00\",\"breadcrumb\":{\"@id\":\"https:\/\/sweetheaven.com.tr\/beyaz-cikolatali-kalpli-pasta\/#breadcrumb\"},\"inLanguage\":\"it-IT\",\"potentialAction\":[{\"@type\":\"ReadAction\",\"target\":[\"https:\/\/sweetheaven.com.tr\/beyaz-cikolatali-kalpli-pasta\/\"]}]},{\"@type\":\"ImageObject\",\"inLanguage\":\"it-IT\",\"@id\":\"https:\/\/sweetheaven.com.tr\/beyaz-cikolatali-kalpli-pasta\/#primaryimage\",\"url\":\"https:\/\/sweetheaven.com.tr\/wp-content\/uploads\/2023\/03\/beyaz-cikolatali-kalpli-pasta.jpg\",\"contentUrl\":\"https:\/\/sweetheaven.com.tr\/wp-content\/uploads\/2023\/03\/beyaz-cikolatali-kalpli-pasta.jpg\",\"width\":1000,\"height\":602},{\"@type\":\"BreadcrumbList\",\"@id\":\"https:\/\/sweetheaven.com.tr\/beyaz-cikolatali-kalpli-pasta\/#breadcrumb\",\"itemListElement\":[{\"@type\":\"ListItem\",\"position\":1,\"name\":\"Anasayfa\",\"item\":\"https:\/\/sweetheaven.com.tr\/en\/\"},{\"@type\":\"ListItem\",\"position\":2,\"name\":\"Ma\u011faza\",\"item\":\"https:\/\/sweetheaven.com.tr\/en\/magaza\/\"},{\"@type\":\"ListItem\",\"position\":3,\"name\":\"Beyaz \u00c7ikolatal\u0131 Kalpli Pasta\"}]},{\"@type\":\"WebSite\",\"@id\":\"https:\/\/sweetheaven.com.tr\/#website\",\"url\":\"https:\/\/sweetheaven.com.tr\/\",\"name\":\"Sweet Heaven Cakes &amp; Coffee\",\"description\":\"\",\"potentialAction\":[{\"@type\":\"SearchAction\",\"target\":{\"@type\":\"EntryPoint\",\"urlTemplate\":\"https:\/\/sweetheaven.com.tr\/?s={search_term_string}\"},\"query-input\":{\"@type\":\"PropertyValueSpecification\",\"valueRequired\":true,\"valueName\":\"search_term_string\"}}],\"inLanguage\":\"it-IT\"}]}<\/script>\n<!-- \/ Yoast SEO plugin. -->","yoast_head_json":{"title":"Beyaz \u00c7ikolatal\u0131 Kalpli Pasta - Sweet Heaven Cakes &amp; Coffee","robots":{"index":"index","follow":"follow","max-snippet":"max-snippet:-1","max-image-preview":"max-image-preview:large","max-video-preview":"max-video-preview:-1"},"canonical":"https:\/\/sweetheaven.com.tr\/it\/beyaz-cikolatali-kalpli-pasta\/","og_locale":"it_IT","og_type":"article","og_title":"Beyaz \u00c7ikolatal\u0131 Kalpli Pasta - Sweet Heaven Cakes &amp; Coffee","og_url":"https:\/\/sweetheaven.com.tr\/it\/beyaz-cikolatali-kalpli-pasta\/","og_site_name":"Sweet Heaven Cakes &amp; Coffee","article_modified_time":"2023-04-18T18:58:54+00:00","og_image":[{"width":1000,"height":602,"url":"https:\/\/sweetheaven.com.tr\/wp-content\/uploads\/2023\/03\/beyaz-cikolatali-kalpli-pasta.jpg","type":"image\/jpeg"}],"twitter_card":"summary_large_image","twitter_misc":{"Tempo di lettura stimato":"1 minuto"},"schema":{"@context":"https:\/\/schema.org","@graph":[{"@type":"WebPage","@id":"https:\/\/sweetheaven.com.tr\/beyaz-cikolatali-kalpli-pasta\/","url":"https:\/\/sweetheaven.com.tr\/beyaz-cikolatali-kalpli-pasta\/","name":"Beyaz \u00c7ikolatal\u0131 Kalpli Pasta - Sweet Heaven Cakes &amp; Coffee","isPartOf":{"@id":"https:\/\/sweetheaven.com.tr\/#website"},"primaryImageOfPage":{"@id":"https:\/\/sweetheaven.com.tr\/beyaz-cikolatali-kalpli-pasta\/#primaryimage"},"image":{"@id":"https:\/\/sweetheaven.com.tr\/beyaz-cikolatali-kalpli-pasta\/#primaryimage"},"thumbnailUrl":"https:\/\/sweetheaven.com.tr\/wp-content\/uploads\/2023\/03\/beyaz-cikolatali-kalpli-pasta.jpg","datePublished":"2023-03-22T06:52:58+00:00","dateModified":"2023-04-18T18:58:54+00:00","breadcrumb":{"@id":"https:\/\/sweetheaven.com.tr\/beyaz-cikolatali-kalpli-pasta\/#breadcrumb"},"inLanguage":"it-IT","potentialAction":[{"@type":"ReadAction","target":["https:\/\/sweetheaven.com.tr\/beyaz-cikolatali-kalpli-pasta\/"]}]},{"@type":"ImageObject","inLanguage":"it-IT","@id":"https:\/\/sweetheaven.com.tr\/beyaz-cikolatali-kalpli-pasta\/#primaryimage","url":"https:\/\/sweetheaven.com.tr\/wp-content\/uploads\/2023\/03\/beyaz-cikolatali-kalpli-pasta.jpg","contentUrl":"https:\/\/sweetheaven.com.tr\/wp-content\/uploads\/2023\/03\/beyaz-cikolatali-kalpli-pasta.jpg","width":1000,"height":602},{"@type":"BreadcrumbList","@id":"https:\/\/sweetheaven.com.tr\/beyaz-cikolatali-kalpli-pasta\/#breadcrumb","itemListElement":[{"@type":"ListItem","position":1,"name":"Anasayfa","item":"https:\/\/sweetheaven.com.tr\/en\/"},{"@type":"ListItem","position":2,"name":"Ma\u011faza","item":"https:\/\/sweetheaven.com.tr\/en\/magaza\/"},{"@type":"ListItem","position":3,"name":"Beyaz \u00c7ikolatal\u0131 Kalpli Pasta"}]},{"@type":"WebSite","@id":"https:\/\/sweetheaven.com.tr\/#website","url":"https:\/\/sweetheaven.com.tr\/","name":"Sweet Heaven Cakes &amp; Coffee","description":"","potentialAction":[{"@type":"SearchAction","target":{"@type":"EntryPoint","urlTemplate":"https:\/\/sweetheaven.com.tr\/?s={search_term_string}"},"query-input":{"@type":"PropertyValueSpecification","valueRequired":true,"valueName":"search_term_string"}}],"inLanguage":"it-IT"}]}},"_links":{"self":[{"href":"https:\/\/sweetheaven.com.tr\/it\/wp-json\/wp\/v2\/product\/914","targetHints":{"allow":["GET"]}}],"collection":[{"href":"https:\/\/sweetheaven.com.tr\/it\/wp-json\/wp\/v2\/product"}],"about":[{"href":"https:\/\/sweetheaven.com.tr\/it\/wp-json\/wp\/v2\/types\/product"}],"wp:featuredmedia":[{"embeddable":true,"href":"https:\/\/sweetheaven.com.tr\/it\/wp-json\/wp\/v2\/media\/917"}],"wp:attachment":[{"href":"https:\/\/sweetheaven.com.tr\/it\/wp-json\/wp\/v2\/media?parent=914"}],"wp:term":[{"taxonomy":"product_cat","embeddable":true,"href":"https:\/\/sweetheaven.com.tr\/it\/wp-json\/wp\/v2\/product_cat?post=914"},{"taxonomy":"product_tag","embeddable":true,"href":"https:\/\/sweetheaven.com.tr\/it\/wp-json\/wp\/v2\/product_tag?post=914"}],"curies":[{"name":"wp","href":"https:\/\/api.w.org\/{rel}","templated":true}]}}