{"id":695,"date":"2023-03-21T16:45:38","date_gmt":"2023-03-21T13:45:38","guid":{"rendered":"https:\/\/sweetheaven.com.tr\/?post_type=product&#038;p=695"},"modified":"2023-08-18T12:18:27","modified_gmt":"2023-08-18T09:18:27","slug":"tropikal-meyve-cayi","status":"publish","type":"product","link":"https:\/\/sweetheaven.com.tr\/it\/tropikal-meyve-cayi\/","title":{"rendered":"T\u00e8 ai frutti tropicali"},"content":{"rendered":"<div class=\"wpb-content-wrapper\"><div class=\"vc_row wpb_row vc_row-fluid\"><div class=\"wpb_column vc_column_container vc_col-sm-12\"><div class=\"vc_column-inner\"><div class=\"wpb_wrapper\">\n\t<div class=\"wpb_text_column wpb_content_element weight\" >\n\t\t<div class=\"wpb_wrapper\">\n\t\t\t<p>200 gr.<\/p>\n\n\t\t<\/div>\n\t<\/div>\n\n\t<div class=\"wpb_text_column wpb_content_element\" >\n\t\t<div class=\"wpb_wrapper\">\n\t\t\t<p>Rosa canina, mela essiccata, fiori di gombo africano, mirtillo, buccia d'arancia, buccia di mandarino, buccia di pompelmo, buccia di...<\/p>\n<p>Preparazione: Si prepara in una pressa francese o in una teiera di vetro, aggiungendo 10 gr. di t\u00e8 a 225 ml di acqua appena bollita e lasciando in infusione per 3-4 minuti.<\/p>\n\n\t\t<\/div>\n\t<\/div>\n<\/div><\/div><\/div><\/div>\n<\/div>","protected":false},"excerpt":{"rendered":"200 gr. Ku\u015fburnu, elma kurusu, afrika bamya \u00e7i\u00e7e\u011fi, yaban mersini, portakal kabu\u011fu, mandalina kabu\u011fu, greyfurt kabu\u011fu, yemi\u015fen meyvesi, tropik aromas\u0131yla","protected":false},"featured_media":1294,"template":"","meta":[],"product_cat":[65,58],"product_tag":[],"class_list":{"0":"post-695","1":"product","2":"type-product","3":"status-publish","4":"has-post-thumbnail","6":"product_cat-urunlerimiz","7":"product_cat-meyve-caylari","9":"first","10":"instock","11":"shipping-taxable","12":"product-type-simple"},"yoast_head":"<!-- This site is optimized with the Yoast SEO plugin v23.8 - https:\/\/yoast.com\/wordpress\/plugins\/seo\/ -->\n<title>Tropikal Meyve \u00c7ay\u0131 - Sweet Heaven Cakes &amp; Coffee<\/title>\n<meta name=\"robots\" content=\"index, follow, max-snippet:-1, max-image-preview:large, max-video-preview:-1\" \/>\n<link rel=\"canonical\" href=\"https:\/\/sweetheaven.com.tr\/it\/tropikal-meyve-cayi\/\" \/>\n<meta property=\"og:locale\" content=\"it_IT\" \/>\n<meta property=\"og:type\" content=\"article\" \/>\n<meta property=\"og:title\" content=\"Tropikal Meyve \u00c7ay\u0131 - Sweet Heaven Cakes &amp; Coffee\" \/>\n<meta property=\"og:url\" content=\"https:\/\/sweetheaven.com.tr\/it\/tropikal-meyve-cayi\/\" \/>\n<meta property=\"og:site_name\" content=\"Sweet Heaven Cakes &amp; Coffee\" \/>\n<meta property=\"article:modified_time\" content=\"2023-08-18T09:18:27+00:00\" \/>\n<meta property=\"og:image\" content=\"https:\/\/sweetheaven.com.tr\/wp-content\/uploads\/2023\/03\/tropikal-1.jpg\" \/>\n\t<meta property=\"og:image:width\" content=\"1280\" \/>\n\t<meta property=\"og:image:height\" content=\"770\" \/>\n\t<meta property=\"og:image:type\" content=\"image\/jpeg\" \/>\n<meta name=\"twitter:card\" content=\"summary_large_image\" \/>\n<meta name=\"twitter:label1\" content=\"Tempo di lettura stimato\" \/>\n\t<meta name=\"twitter:data1\" content=\"1 minuto\" \/>\n<script type=\"application\/ld+json\" class=\"yoast-schema-graph\">{\"@context\":\"https:\/\/schema.org\",\"@graph\":[{\"@type\":\"WebPage\",\"@id\":\"https:\/\/sweetheaven.com.tr\/tropikal-meyve-cayi\/\",\"url\":\"https:\/\/sweetheaven.com.tr\/tropikal-meyve-cayi\/\",\"name\":\"Tropikal Meyve \u00c7ay\u0131 - Sweet Heaven Cakes &amp; Coffee\",\"isPartOf\":{\"@id\":\"https:\/\/sweetheaven.com.tr\/#website\"},\"primaryImageOfPage\":{\"@id\":\"https:\/\/sweetheaven.com.tr\/tropikal-meyve-cayi\/#primaryimage\"},\"image\":{\"@id\":\"https:\/\/sweetheaven.com.tr\/tropikal-meyve-cayi\/#primaryimage\"},\"thumbnailUrl\":\"https:\/\/sweetheaven.com.tr\/wp-content\/uploads\/2023\/03\/tropikal-1.jpg\",\"datePublished\":\"2023-03-21T13:45:38+00:00\",\"dateModified\":\"2023-08-18T09:18:27+00:00\",\"breadcrumb\":{\"@id\":\"https:\/\/sweetheaven.com.tr\/tropikal-meyve-cayi\/#breadcrumb\"},\"inLanguage\":\"it-IT\",\"potentialAction\":[{\"@type\":\"ReadAction\",\"target\":[\"https:\/\/sweetheaven.com.tr\/tropikal-meyve-cayi\/\"]}]},{\"@type\":\"ImageObject\",\"inLanguage\":\"it-IT\",\"@id\":\"https:\/\/sweetheaven.com.tr\/tropikal-meyve-cayi\/#primaryimage\",\"url\":\"https:\/\/sweetheaven.com.tr\/wp-content\/uploads\/2023\/03\/tropikal-1.jpg\",\"contentUrl\":\"https:\/\/sweetheaven.com.tr\/wp-content\/uploads\/2023\/03\/tropikal-1.jpg\",\"width\":1280,\"height\":770},{\"@type\":\"BreadcrumbList\",\"@id\":\"https:\/\/sweetheaven.com.tr\/tropikal-meyve-cayi\/#breadcrumb\",\"itemListElement\":[{\"@type\":\"ListItem\",\"position\":1,\"name\":\"Anasayfa\",\"item\":\"https:\/\/sweetheaven.com.tr\/en\/\"},{\"@type\":\"ListItem\",\"position\":2,\"name\":\"Ma\u011faza\",\"item\":\"https:\/\/sweetheaven.com.tr\/en\/magaza\/\"},{\"@type\":\"ListItem\",\"position\":3,\"name\":\"Tropikal Meyve \u00c7ay\u0131\"}]},{\"@type\":\"WebSite\",\"@id\":\"https:\/\/sweetheaven.com.tr\/#website\",\"url\":\"https:\/\/sweetheaven.com.tr\/\",\"name\":\"Sweet Heaven Cakes &amp; Coffee\",\"description\":\"\",\"potentialAction\":[{\"@type\":\"SearchAction\",\"target\":{\"@type\":\"EntryPoint\",\"urlTemplate\":\"https:\/\/sweetheaven.com.tr\/?s={search_term_string}\"},\"query-input\":{\"@type\":\"PropertyValueSpecification\",\"valueRequired\":true,\"valueName\":\"search_term_string\"}}],\"inLanguage\":\"it-IT\"}]}<\/script>\n<!-- \/ Yoast SEO plugin. -->","yoast_head_json":{"title":"Tropikal Meyve \u00c7ay\u0131 - Sweet Heaven Cakes &amp; Coffee","robots":{"index":"index","follow":"follow","max-snippet":"max-snippet:-1","max-image-preview":"max-image-preview:large","max-video-preview":"max-video-preview:-1"},"canonical":"https:\/\/sweetheaven.com.tr\/it\/tropikal-meyve-cayi\/","og_locale":"it_IT","og_type":"article","og_title":"Tropikal Meyve \u00c7ay\u0131 - Sweet Heaven Cakes &amp; Coffee","og_url":"https:\/\/sweetheaven.com.tr\/it\/tropikal-meyve-cayi\/","og_site_name":"Sweet Heaven Cakes &amp; Coffee","article_modified_time":"2023-08-18T09:18:27+00:00","og_image":[{"width":1280,"height":770,"url":"https:\/\/sweetheaven.com.tr\/wp-content\/uploads\/2023\/03\/tropikal-1.jpg","type":"image\/jpeg"}],"twitter_card":"summary_large_image","twitter_misc":{"Tempo di lettura stimato":"1 minuto"},"schema":{"@context":"https:\/\/schema.org","@graph":[{"@type":"WebPage","@id":"https:\/\/sweetheaven.com.tr\/tropikal-meyve-cayi\/","url":"https:\/\/sweetheaven.com.tr\/tropikal-meyve-cayi\/","name":"Tropikal Meyve \u00c7ay\u0131 - Sweet Heaven Cakes &amp; Coffee","isPartOf":{"@id":"https:\/\/sweetheaven.com.tr\/#website"},"primaryImageOfPage":{"@id":"https:\/\/sweetheaven.com.tr\/tropikal-meyve-cayi\/#primaryimage"},"image":{"@id":"https:\/\/sweetheaven.com.tr\/tropikal-meyve-cayi\/#primaryimage"},"thumbnailUrl":"https:\/\/sweetheaven.com.tr\/wp-content\/uploads\/2023\/03\/tropikal-1.jpg","datePublished":"2023-03-21T13:45:38+00:00","dateModified":"2023-08-18T09:18:27+00:00","breadcrumb":{"@id":"https:\/\/sweetheaven.com.tr\/tropikal-meyve-cayi\/#breadcrumb"},"inLanguage":"it-IT","potentialAction":[{"@type":"ReadAction","target":["https:\/\/sweetheaven.com.tr\/tropikal-meyve-cayi\/"]}]},{"@type":"ImageObject","inLanguage":"it-IT","@id":"https:\/\/sweetheaven.com.tr\/tropikal-meyve-cayi\/#primaryimage","url":"https:\/\/sweetheaven.com.tr\/wp-content\/uploads\/2023\/03\/tropikal-1.jpg","contentUrl":"https:\/\/sweetheaven.com.tr\/wp-content\/uploads\/2023\/03\/tropikal-1.jpg","width":1280,"height":770},{"@type":"BreadcrumbList","@id":"https:\/\/sweetheaven.com.tr\/tropikal-meyve-cayi\/#breadcrumb","itemListElement":[{"@type":"ListItem","position":1,"name":"Anasayfa","item":"https:\/\/sweetheaven.com.tr\/en\/"},{"@type":"ListItem","position":2,"name":"Ma\u011faza","item":"https:\/\/sweetheaven.com.tr\/en\/magaza\/"},{"@type":"ListItem","position":3,"name":"Tropikal Meyve \u00c7ay\u0131"}]},{"@type":"WebSite","@id":"https:\/\/sweetheaven.com.tr\/#website","url":"https:\/\/sweetheaven.com.tr\/","name":"Sweet Heaven Cakes &amp; Coffee","description":"","potentialAction":[{"@type":"SearchAction","target":{"@type":"EntryPoint","urlTemplate":"https:\/\/sweetheaven.com.tr\/?s={search_term_string}"},"query-input":{"@type":"PropertyValueSpecification","valueRequired":true,"valueName":"search_term_string"}}],"inLanguage":"it-IT"}]}},"_links":{"self":[{"href":"https:\/\/sweetheaven.com.tr\/it\/wp-json\/wp\/v2\/product\/695","targetHints":{"allow":["GET"]}}],"collection":[{"href":"https:\/\/sweetheaven.com.tr\/it\/wp-json\/wp\/v2\/product"}],"about":[{"href":"https:\/\/sweetheaven.com.tr\/it\/wp-json\/wp\/v2\/types\/product"}],"wp:featuredmedia":[{"embeddable":true,"href":"https:\/\/sweetheaven.com.tr\/it\/wp-json\/wp\/v2\/media\/1294"}],"wp:attachment":[{"href":"https:\/\/sweetheaven.com.tr\/it\/wp-json\/wp\/v2\/media?parent=695"}],"wp:term":[{"taxonomy":"product_cat","embeddable":true,"href":"https:\/\/sweetheaven.com.tr\/it\/wp-json\/wp\/v2\/product_cat?post=695"},{"taxonomy":"product_tag","embeddable":true,"href":"https:\/\/sweetheaven.com.tr\/it\/wp-json\/wp\/v2\/product_tag?post=695"}],"curies":[{"name":"wp","href":"https:\/\/api.w.org\/{rel}","templated":true}]}}