{"id":60,"date":"2023-02-15T09:35:41","date_gmt":"2023-02-15T06:35:41","guid":{"rendered":"https:\/\/sweetheaven.com.tr\/?page_id=60"},"modified":"2023-03-23T10:08:10","modified_gmt":"2023-03-23T07:08:10","slug":"sevkiyat","status":"publish","type":"page","link":"https:\/\/sweetheaven.com.tr\/it\/sevkiyat\/","title":{"rendered":"Spedizione"},"content":{"rendered":"<div class=\"wpb-content-wrapper\"><div id=\"title\" data-vc-full-width=\"true\" data-vc-full-width-init=\"false\" data-vc-stretch-content=\"true\" class=\"vc_row wpb_row vc_row-fluid vc_row-no-padding wd-rs-64195bd1ba728\"><div class=\"wpb_column vc_column_container vc_col-sm-12\"><div class=\"vc_column-inner\"><div class=\"wpb_wrapper\">\n\t\t<div id=\"wd-6419634ad3b7c\" class=\"title-wrapper wd-wpb set-mb-s reset-last-child  wd-rs-6419634ad3b7c wd-title-color-default wd-title-style-default text-center  wd-underline-colored\">\n\t\t\t\n\t\t\t<div class=\"liner-continer\">\n\t\t\t\t<h1 class=\"woodmart-title-container title  wd-font-weight- wd-fontsize-xl\" >Spedizione<\/h1>\n\t\t\t\t\t\t\t<\/div>\n\t\t\t\n\t\t\t\n\t\t\t\n\t\t<\/div>\n\t\t\n\t\t<\/div><\/div><\/div><\/div><div class=\"vc_row-full-width vc_clearfix\"><\/div><div class=\"vc_row wpb_row vc_row-fluid\"><div class=\"wpb_column vc_column_container vc_col-sm-12\"><div class=\"vc_column-inner\"><div class=\"wpb_wrapper\">\t\t<div id=\"wd-64195328ebfc3\" class=\"wd-image wd-wpb wd-rs-64195328ebfc3 text-left\">\n\t\t\t\n\t\t\t<img loading=\"lazy\" decoding=\"async\" width=\"1744\" height=\"502\" src=\"https:\/\/sweetheaven.com.tr\/wp-content\/uploads\/2023\/03\/sevkiyat.jpg\" class=\"attachment-full\" alt=\"\" title=\"sevkiyat\" srcset=\"https:\/\/sweetheaven.com.tr\/wp-content\/uploads\/2023\/03\/sevkiyat.jpg 1744w, https:\/\/sweetheaven.com.tr\/wp-content\/uploads\/2023\/03\/sevkiyat-150x43.jpg 150w, https:\/\/sweetheaven.com.tr\/wp-content\/uploads\/2023\/03\/sevkiyat-1200x345.jpg 1200w, https:\/\/sweetheaven.com.tr\/wp-content\/uploads\/2023\/03\/sevkiyat-300x86.jpg 300w, https:\/\/sweetheaven.com.tr\/wp-content\/uploads\/2023\/03\/sevkiyat-1024x295.jpg 1024w, https:\/\/sweetheaven.com.tr\/wp-content\/uploads\/2023\/03\/sevkiyat-768x221.jpg 768w, https:\/\/sweetheaven.com.tr\/wp-content\/uploads\/2023\/03\/sevkiyat-1536x442.jpg 1536w\" sizes=\"auto, (max-width: 1744px) 100vw, 1744px\" \/>\n\t\t\t\t\t<\/div>\n\t\t\n\t\t<div id=\"wd-6419527557b59\" class=\"title-wrapper wd-wpb set-mb-s reset-last-child  wd-rs-6419527557b59 wd-title-color-default wd-title-style-default text-left  wd-underline-colored\">\n\t\t\t\n\t\t\t<div class=\"liner-continer\">\n\t\t\t\t<h4 class=\"woodmart-title-container title  wd-font-weight- wd-fontsize-xl\" >Etkin Sevkiyat Sistemi<\/h4>\n\t\t\t\t\t\t\t<\/div>\n\t\t\t\n\t\t\t\t\t\t\t<div class=\"title-after_title  set-cont-mb-s reset-last-child  wd-fontsize-s\">\u00dcr\u00fcnlerimiz -18 derecede so\u011futulmu\u015f frigofirik ara\u00e7lar\u0131m\u0131zla her g\u00fcn da\u011f\u0131t\u0131lmakta ve ara\u00e7lar\u0131m\u0131zda geriye d\u00f6n\u00fck olarak 3 ayl\u0131k \u0131s\u0131 takip raporlar\u0131 al\u0131nmaktad\u0131r. Sizlere daha iyi hizmet verebilmek i\u00e7in ara\u00e7 filomuz her y\u0131l yenilenmektedir.<\/div>\n\t\t\t\n\t\t\t\n\t\t<\/div>\n\t\t\n\t\t<\/div><\/div><\/div><\/div>\n<\/div>","protected":false},"excerpt":{"rendered":"Sevkiyat Etkin Sevkiyat Sistemi \u00dcr\u00fcnlerimiz -18 derecede so\u011futulmu\u015f frigofirik ara\u00e7lar\u0131m\u0131zla her g\u00fcn da\u011f\u0131t\u0131lmakta ve ara\u00e7lar\u0131m\u0131zda geriye d\u00f6n\u00fck olarak 3 ayl\u0131k","protected":false},"author":1,"featured_media":0,"parent":0,"menu_order":0,"comment_status":"closed","ping_status":"closed","template":"","meta":{"footnotes":""},"class_list":["post-60","page","type-page","status-publish","hentry"],"yoast_head":"<!-- This site is optimized with the Yoast SEO plugin v23.8 - https:\/\/yoast.com\/wordpress\/plugins\/seo\/ -->\n<title>Sevkiyat - Sweet Heaven Cakes &amp; Coffee<\/title>\n<meta name=\"robots\" content=\"index, follow, max-snippet:-1, max-image-preview:large, max-video-preview:-1\" \/>\n<link rel=\"canonical\" href=\"https:\/\/sweetheaven.com.tr\/it\/sevkiyat\/\" \/>\n<meta property=\"og:locale\" content=\"it_IT\" \/>\n<meta property=\"og:type\" content=\"article\" \/>\n<meta property=\"og:title\" content=\"Sevkiyat - Sweet Heaven Cakes &amp; Coffee\" \/>\n<meta property=\"og:url\" content=\"https:\/\/sweetheaven.com.tr\/it\/sevkiyat\/\" \/>\n<meta property=\"og:site_name\" content=\"Sweet Heaven Cakes &amp; Coffee\" \/>\n<meta property=\"article:modified_time\" content=\"2023-03-23T07:08:10+00:00\" \/>\n<meta name=\"twitter:card\" content=\"summary_large_image\" \/>\n<meta name=\"twitter:label1\" content=\"Tempo di lettura stimato\" \/>\n\t<meta name=\"twitter:data1\" content=\"1 minuto\" \/>\n<script type=\"application\/ld+json\" class=\"yoast-schema-graph\">{\"@context\":\"https:\/\/schema.org\",\"@graph\":[{\"@type\":\"WebPage\",\"@id\":\"https:\/\/sweetheaven.com.tr\/sevkiyat\/\",\"url\":\"https:\/\/sweetheaven.com.tr\/sevkiyat\/\",\"name\":\"Sevkiyat - Sweet Heaven Cakes &amp; Coffee\",\"isPartOf\":{\"@id\":\"https:\/\/sweetheaven.com.tr\/#website\"},\"datePublished\":\"2023-02-15T06:35:41+00:00\",\"dateModified\":\"2023-03-23T07:08:10+00:00\",\"breadcrumb\":{\"@id\":\"https:\/\/sweetheaven.com.tr\/sevkiyat\/#breadcrumb\"},\"inLanguage\":\"it-IT\",\"potentialAction\":[{\"@type\":\"ReadAction\",\"target\":[\"https:\/\/sweetheaven.com.tr\/sevkiyat\/\"]}]},{\"@type\":\"BreadcrumbList\",\"@id\":\"https:\/\/sweetheaven.com.tr\/sevkiyat\/#breadcrumb\",\"itemListElement\":[{\"@type\":\"ListItem\",\"position\":1,\"name\":\"Anasayfa\",\"item\":\"https:\/\/sweetheaven.com.tr\/en\/\"},{\"@type\":\"ListItem\",\"position\":2,\"name\":\"Sevkiyat\"}]},{\"@type\":\"WebSite\",\"@id\":\"https:\/\/sweetheaven.com.tr\/#website\",\"url\":\"https:\/\/sweetheaven.com.tr\/\",\"name\":\"Sweet Heaven Cakes &amp; Coffee\",\"description\":\"\",\"potentialAction\":[{\"@type\":\"SearchAction\",\"target\":{\"@type\":\"EntryPoint\",\"urlTemplate\":\"https:\/\/sweetheaven.com.tr\/?s={search_term_string}\"},\"query-input\":{\"@type\":\"PropertyValueSpecification\",\"valueRequired\":true,\"valueName\":\"search_term_string\"}}],\"inLanguage\":\"it-IT\"}]}<\/script>\n<!-- \/ Yoast SEO plugin. -->","yoast_head_json":{"title":"Sevkiyat - Sweet Heaven Cakes &amp; Coffee","robots":{"index":"index","follow":"follow","max-snippet":"max-snippet:-1","max-image-preview":"max-image-preview:large","max-video-preview":"max-video-preview:-1"},"canonical":"https:\/\/sweetheaven.com.tr\/it\/sevkiyat\/","og_locale":"it_IT","og_type":"article","og_title":"Sevkiyat - Sweet Heaven Cakes &amp; Coffee","og_url":"https:\/\/sweetheaven.com.tr\/it\/sevkiyat\/","og_site_name":"Sweet Heaven Cakes &amp; Coffee","article_modified_time":"2023-03-23T07:08:10+00:00","twitter_card":"summary_large_image","twitter_misc":{"Tempo di lettura stimato":"1 minuto"},"schema":{"@context":"https:\/\/schema.org","@graph":[{"@type":"WebPage","@id":"https:\/\/sweetheaven.com.tr\/sevkiyat\/","url":"https:\/\/sweetheaven.com.tr\/sevkiyat\/","name":"Sevkiyat - Sweet Heaven Cakes &amp; Coffee","isPartOf":{"@id":"https:\/\/sweetheaven.com.tr\/#website"},"datePublished":"2023-02-15T06:35:41+00:00","dateModified":"2023-03-23T07:08:10+00:00","breadcrumb":{"@id":"https:\/\/sweetheaven.com.tr\/sevkiyat\/#breadcrumb"},"inLanguage":"it-IT","potentialAction":[{"@type":"ReadAction","target":["https:\/\/sweetheaven.com.tr\/sevkiyat\/"]}]},{"@type":"BreadcrumbList","@id":"https:\/\/sweetheaven.com.tr\/sevkiyat\/#breadcrumb","itemListElement":[{"@type":"ListItem","position":1,"name":"Anasayfa","item":"https:\/\/sweetheaven.com.tr\/en\/"},{"@type":"ListItem","position":2,"name":"Sevkiyat"}]},{"@type":"WebSite","@id":"https:\/\/sweetheaven.com.tr\/#website","url":"https:\/\/sweetheaven.com.tr\/","name":"Sweet Heaven Cakes &amp; Coffee","description":"","potentialAction":[{"@type":"SearchAction","target":{"@type":"EntryPoint","urlTemplate":"https:\/\/sweetheaven.com.tr\/?s={search_term_string}"},"query-input":{"@type":"PropertyValueSpecification","valueRequired":true,"valueName":"search_term_string"}}],"inLanguage":"it-IT"}]}},"_links":{"self":[{"href":"https:\/\/sweetheaven.com.tr\/it\/wp-json\/wp\/v2\/pages\/60","targetHints":{"allow":["GET"]}}],"collection":[{"href":"https:\/\/sweetheaven.com.tr\/it\/wp-json\/wp\/v2\/pages"}],"about":[{"href":"https:\/\/sweetheaven.com.tr\/it\/wp-json\/wp\/v2\/types\/page"}],"author":[{"embeddable":true,"href":"https:\/\/sweetheaven.com.tr\/it\/wp-json\/wp\/v2\/users\/1"}],"replies":[{"embeddable":true,"href":"https:\/\/sweetheaven.com.tr\/it\/wp-json\/wp\/v2\/comments?post=60"}],"version-history":[{"count":0,"href":"https:\/\/sweetheaven.com.tr\/it\/wp-json\/wp\/v2\/pages\/60\/revisions"}],"wp:attachment":[{"href":"https:\/\/sweetheaven.com.tr\/it\/wp-json\/wp\/v2\/media?parent=60"}],"curies":[{"name":"wp","href":"https:\/\/api.w.org\/{rel}","templated":true}]}}