{"id":34,"date":"2022-11-22T09:39:49","date_gmt":"2022-11-22T06:39:49","guid":{"rendered":"https:\/\/sweetheaven.com.tr\/?page_id=34"},"modified":"2023-11-08T14:44:41","modified_gmt":"2023-11-08T11:44:41","slug":"hakkimizda","status":"publish","type":"page","link":"https:\/\/sweetheaven.com.tr\/it\/hakkimizda\/","title":{"rendered":"Chi siamo"},"content":{"rendered":"<div class=\"wpb-content-wrapper\"><div class=\"vc_row wpb_row vc_row-fluid\"><div class=\"wpb_column vc_column_container vc_col-sm-12\"><div class=\"vc_column-inner\"><div class=\"wpb_wrapper\"><div class=\"vc_row wpb_row vc_inner vc_row-fluid vc_row-o-content-middle vc_row-flex wd-rs-63edfde661d26\"><div class=\"wpb_column vc_column_container vc_col-sm-6\"><div class=\"vc_column-inner\"><div class=\"wpb_wrapper\">\t\t<div id=\"wd-641d5c2241d35\" class=\"wd-image wd-wpb wd-rs-641d5c2241d35 text-center\">\n\t\t\t\n\t\t\t<img loading=\"lazy\" decoding=\"async\" width=\"590\" height=\"558\" src=\"https:\/\/sweetheaven.com.tr\/wp-content\/uploads\/2023\/03\/sweet-heaven-hakkimizda-gorsel.png\" class=\"attachment-full\" alt=\"\" title=\"sweet-heaven-hakkimizda-gorsel\" srcset=\"https:\/\/sweetheaven.com.tr\/wp-content\/uploads\/2023\/03\/sweet-heaven-hakkimizda-gorsel.png 590w, https:\/\/sweetheaven.com.tr\/wp-content\/uploads\/2023\/03\/sweet-heaven-hakkimizda-gorsel-150x142.png 150w, https:\/\/sweetheaven.com.tr\/wp-content\/uploads\/2023\/03\/sweet-heaven-hakkimizda-gorsel-300x284.png 300w\" sizes=\"auto, (max-width: 590px) 100vw, 590px\" \/>\n\t\t\t\t\t<\/div>\n\t\t<\/div><\/div><\/div><div class=\"wpb_column vc_column_container vc_col-sm-6\"><div class=\"vc_column-inner\"><div class=\"wpb_wrapper\">\n\t\t<div id=\"wd-643e755295642\" class=\"title-wrapper wd-wpb set-mb-s reset-last-child  wd-rs-643e755295642 wd-title-color-default wd-title-style-default text-left  wd-underline-colored\">\n\t\t\t\n\t\t\t<div class=\"liner-continer\">\n\t\t\t\t<h1 class=\"woodmart-title-container title  wd-font-weight- wd-fontsize-xl\" >SU DI NOI<\/h1>\n\t\t\t\t\t\t\t<\/div>\n\t\t\t\n\t\t\t\t\t\t\t<div class=\"title-after_title  set-cont-mb-s reset-last-child  wd-fontsize-s\">Come famiglia Sweet Heaven, con le nostre ricette speciali e la nostra vasta gamma di prodotti dal 2007, i sapori irresistibili di ristoranti, caff\u00e8 e bistrot provengono da anni dal nostro dolce paradiso. Siamo felici di consegnare le nostre torte, i nostri dolci e le nostre torte preparate con ricette naturali nei luoghi in cui trascorrete del tempo con piacere. La nostra avventura, iniziata con due persone, si \u00e8 trasformata in una grande famiglia di 300 persone che oggi fanno il loro lavoro con amore grazie ad anni di esperienza artigianale, investimenti, tecnologia e sistemi di gestione. Siamo orgogliosi di servirvi con 32 concessionari principali in tutta la Turchia. Con i nostri rivenditori, che hanno la nostra stessa passione, continuiamo a consegnarvi i nostri prodotti in patria e all'estero con la stessa sensibilit\u00e0 e felicit\u00e0.<\/div>\n\t\t\t\n\t\t\t\n\t\t<\/div>\n\t\t\n\t\t<\/div><\/div><\/div><\/div><div class=\"vc_row wpb_row vc_inner vc_row-fluid\"><div class=\"wpb_column vc_column_container vc_col-sm-6\"><div class=\"vc_column-inner\"><div class=\"wpb_wrapper\">\n\t\t<div id=\"wd-654b72af550c1\" class=\"title-wrapper wd-wpb set-mb-s reset-last-child  wd-rs-654b72af550c1 wd-title-color-default wd-title-style-default text-left  wd-title-empty wd-underline-colored\">\n\t\t\t\n\t\t\t<div class=\"liner-continer\">\n\t\t\t\t<h4 class=\"woodmart-title-container title  wd-font-weight- wd-fontsize-l\" ><\/h4>\n\t\t\t\t\t\t\t<\/div>\n\t\t\t\n\t\t\t\t\t\t\t<div class=\"title-after_title  set-cont-mb-s reset-last-child  wd-fontsize-xs\">Volevamo offrire un buon caff\u00e8 insieme alle migliori torte, il cui sapore va dal palato al cuore.<br \/>\nCon la nostra esperienza nel campo delle torte surgelate, abbiamo deciso di fare un altro grande passo e di produrre caff\u00e8 da accompagnare alla torta. In questo contesto, offriamo il miglior caff\u00e8 e la migliore torta ai nostri consumatori e ai professionisti con le nostre variet\u00e0 di caff\u00e8 che abbiamo iniziato a produrre a partire dal 2016 selezionando i chicchi di caff\u00e8 pi\u00f9 qualificati.<\/p>\n<p>Anche se dimostriamo la nostra qualit\u00e0 con i sapori che lasciamo al palato e le risposte che riceviamo dai nostri clienti, il nostro certificato BRC dimostra ufficialmente il nostro successo.<\/p>\n<p>Consegniamo con successo i nostri prodotti igienici ai quattro angoli della Turchia e del mondo con la nostra qualit\u00e0 certificata. Grazie al nostro sistema perfettamente funzionante e all'alta disciplina del nostro personale esperto, ogni ordine prende posto nelle vetrine in tempo, nella freschezza del primo giorno.<\/div>\n\t\t\t\n\t\t\t\n\t\t<\/div>\n\t\t\n\t\t<\/div><\/div><\/div><div class=\"wpb_column vc_column_container vc_col-sm-6\"><div class=\"vc_column-inner\"><div class=\"wpb_wrapper\">\n\t<div class=\"wpb_raw_code wpb_raw_html wpb_content_element\" >\n\t\t<div class=\"wpb_wrapper\">\n\t\t\t<iframe loading=\"lazy\" width=\"560\" height=\"315\" src=\"https:\/\/www.youtube.com\/embed\/onxDcvNopuE?autoplay=1\" title=\"Sweet Heaven Cakes and Coffee \u2013 Kurumsal Tan\u0131t\u0131m Filmi\" frameborder=\"0\" allow=\"accelerometer; autoplay=1; clipboard-write; encrypted-media; gyroscope; picture-in-picture; web-share\" allowfullscreen><\/iframe>\n\t\t<\/div>\n\t<\/div>\n<\/div><\/div><\/div><\/div><\/div><\/div><\/div><\/div>\n<\/div>","protected":false},"excerpt":{"rendered":"HAKKIMIZDA Sweet Heaven ailesi olarak 2007 y\u0131l\u0131ndan bug\u00fcne \u00f6zel re\u00e7etelerimiz ve geni\u015f \u00fcr\u00fcn yelpazemiz ile restoran , kafe, bistrolar\u0131n kar\u015f\u0131","protected":false},"author":1,"featured_media":0,"parent":0,"menu_order":0,"comment_status":"closed","ping_status":"closed","template":"","meta":{"footnotes":""},"class_list":["post-34","page","type-page","status-publish","hentry"],"yoast_head":"<!-- This site is optimized with the Yoast SEO plugin v23.8 - https:\/\/yoast.com\/wordpress\/plugins\/seo\/ -->\n<title>Hakk\u0131m\u0131zda - Sweet Heaven Cakes &amp; Coffee<\/title>\n<meta name=\"robots\" content=\"index, follow, max-snippet:-1, max-image-preview:large, max-video-preview:-1\" \/>\n<link rel=\"canonical\" href=\"https:\/\/sweetheaven.com.tr\/it\/hakkimizda\/\" \/>\n<meta property=\"og:locale\" content=\"it_IT\" \/>\n<meta property=\"og:type\" content=\"article\" \/>\n<meta property=\"og:title\" content=\"Hakk\u0131m\u0131zda - Sweet Heaven Cakes &amp; Coffee\" \/>\n<meta property=\"og:url\" content=\"https:\/\/sweetheaven.com.tr\/it\/hakkimizda\/\" \/>\n<meta property=\"og:site_name\" content=\"Sweet Heaven Cakes &amp; Coffee\" \/>\n<meta property=\"article:modified_time\" content=\"2023-11-08T11:44:41+00:00\" \/>\n<meta name=\"twitter:card\" content=\"summary_large_image\" \/>\n<meta name=\"twitter:label1\" content=\"Tempo di lettura stimato\" \/>\n\t<meta name=\"twitter:data1\" content=\"2 minuti\" \/>\n<script type=\"application\/ld+json\" class=\"yoast-schema-graph\">{\"@context\":\"https:\/\/schema.org\",\"@graph\":[{\"@type\":\"WebPage\",\"@id\":\"https:\/\/sweetheaven.com.tr\/hakkimizda\/\",\"url\":\"https:\/\/sweetheaven.com.tr\/hakkimizda\/\",\"name\":\"Hakk\u0131m\u0131zda - Sweet Heaven Cakes &amp; Coffee\",\"isPartOf\":{\"@id\":\"https:\/\/sweetheaven.com.tr\/#website\"},\"datePublished\":\"2022-11-22T06:39:49+00:00\",\"dateModified\":\"2023-11-08T11:44:41+00:00\",\"breadcrumb\":{\"@id\":\"https:\/\/sweetheaven.com.tr\/hakkimizda\/#breadcrumb\"},\"inLanguage\":\"it-IT\",\"potentialAction\":[{\"@type\":\"ReadAction\",\"target\":[\"https:\/\/sweetheaven.com.tr\/hakkimizda\/\"]}]},{\"@type\":\"BreadcrumbList\",\"@id\":\"https:\/\/sweetheaven.com.tr\/hakkimizda\/#breadcrumb\",\"itemListElement\":[{\"@type\":\"ListItem\",\"position\":1,\"name\":\"Anasayfa\",\"item\":\"https:\/\/sweetheaven.com.tr\/en\/\"},{\"@type\":\"ListItem\",\"position\":2,\"name\":\"Hakk\u0131m\u0131zda\"}]},{\"@type\":\"WebSite\",\"@id\":\"https:\/\/sweetheaven.com.tr\/#website\",\"url\":\"https:\/\/sweetheaven.com.tr\/\",\"name\":\"Sweet Heaven Cakes &amp; Coffee\",\"description\":\"\",\"potentialAction\":[{\"@type\":\"SearchAction\",\"target\":{\"@type\":\"EntryPoint\",\"urlTemplate\":\"https:\/\/sweetheaven.com.tr\/?s={search_term_string}\"},\"query-input\":{\"@type\":\"PropertyValueSpecification\",\"valueRequired\":true,\"valueName\":\"search_term_string\"}}],\"inLanguage\":\"it-IT\"}]}<\/script>\n<!-- \/ Yoast SEO plugin. -->","yoast_head_json":{"title":"Hakk\u0131m\u0131zda - Sweet Heaven Cakes &amp; Coffee","robots":{"index":"index","follow":"follow","max-snippet":"max-snippet:-1","max-image-preview":"max-image-preview:large","max-video-preview":"max-video-preview:-1"},"canonical":"https:\/\/sweetheaven.com.tr\/it\/hakkimizda\/","og_locale":"it_IT","og_type":"article","og_title":"Hakk\u0131m\u0131zda - Sweet Heaven Cakes &amp; Coffee","og_url":"https:\/\/sweetheaven.com.tr\/it\/hakkimizda\/","og_site_name":"Sweet Heaven Cakes &amp; Coffee","article_modified_time":"2023-11-08T11:44:41+00:00","twitter_card":"summary_large_image","twitter_misc":{"Tempo di lettura stimato":"2 minuti"},"schema":{"@context":"https:\/\/schema.org","@graph":[{"@type":"WebPage","@id":"https:\/\/sweetheaven.com.tr\/hakkimizda\/","url":"https:\/\/sweetheaven.com.tr\/hakkimizda\/","name":"Hakk\u0131m\u0131zda - Sweet Heaven Cakes &amp; Coffee","isPartOf":{"@id":"https:\/\/sweetheaven.com.tr\/#website"},"datePublished":"2022-11-22T06:39:49+00:00","dateModified":"2023-11-08T11:44:41+00:00","breadcrumb":{"@id":"https:\/\/sweetheaven.com.tr\/hakkimizda\/#breadcrumb"},"inLanguage":"it-IT","potentialAction":[{"@type":"ReadAction","target":["https:\/\/sweetheaven.com.tr\/hakkimizda\/"]}]},{"@type":"BreadcrumbList","@id":"https:\/\/sweetheaven.com.tr\/hakkimizda\/#breadcrumb","itemListElement":[{"@type":"ListItem","position":1,"name":"Anasayfa","item":"https:\/\/sweetheaven.com.tr\/en\/"},{"@type":"ListItem","position":2,"name":"Hakk\u0131m\u0131zda"}]},{"@type":"WebSite","@id":"https:\/\/sweetheaven.com.tr\/#website","url":"https:\/\/sweetheaven.com.tr\/","name":"Sweet Heaven Cakes &amp; Coffee","description":"","potentialAction":[{"@type":"SearchAction","target":{"@type":"EntryPoint","urlTemplate":"https:\/\/sweetheaven.com.tr\/?s={search_term_string}"},"query-input":{"@type":"PropertyValueSpecification","valueRequired":true,"valueName":"search_term_string"}}],"inLanguage":"it-IT"}]}},"_links":{"self":[{"href":"https:\/\/sweetheaven.com.tr\/it\/wp-json\/wp\/v2\/pages\/34","targetHints":{"allow":["GET"]}}],"collection":[{"href":"https:\/\/sweetheaven.com.tr\/it\/wp-json\/wp\/v2\/pages"}],"about":[{"href":"https:\/\/sweetheaven.com.tr\/it\/wp-json\/wp\/v2\/types\/page"}],"author":[{"embeddable":true,"href":"https:\/\/sweetheaven.com.tr\/it\/wp-json\/wp\/v2\/users\/1"}],"replies":[{"embeddable":true,"href":"https:\/\/sweetheaven.com.tr\/it\/wp-json\/wp\/v2\/comments?post=34"}],"version-history":[{"count":0,"href":"https:\/\/sweetheaven.com.tr\/it\/wp-json\/wp\/v2\/pages\/34\/revisions"}],"wp:attachment":[{"href":"https:\/\/sweetheaven.com.tr\/it\/wp-json\/wp\/v2\/media?parent=34"}],"curies":[{"name":"wp","href":"https:\/\/api.w.org\/{rel}","templated":true}]}}