{"id":163,"date":"2023-02-15T14:42:17","date_gmt":"2023-02-15T11:42:17","guid":{"rendered":"https:\/\/sweetheaven.com.tr\/?page_id=163"},"modified":"2023-03-21T09:42:47","modified_gmt":"2023-03-21T06:42:47","slug":"neden-donuk-pasta","status":"publish","type":"page","link":"https:\/\/sweetheaven.com.tr\/it\/neden-donuk-pasta\/","title":{"rendered":"Perch\u00e9 una torta surgelata?"},"content":{"rendered":"<div class=\"wpb-content-wrapper\"><div data-vc-full-width=\"true\" data-vc-full-width-init=\"false\" class=\"vc_row wpb_row vc_row-fluid wd-rs-641951e05e1ab\"><div class=\"wpb_column vc_column_container vc_col-sm-12\"><div class=\"vc_column-inner\"><div class=\"wpb_wrapper\">\n\t\t<div id=\"wd-641951755439a\" class=\"title-wrapper wd-wpb set-mb-s reset-last-child  wd-rs-641951755439a wd-title-color-default wd-title-style-default text-left  wd-underline-colored\">\n\t\t\t\n\t\t\t<div class=\"liner-continer\">\n\t\t\t\t<h4 class=\"woodmart-title-container title  wd-font-weight- wd-fontsize-xl\" >Perch\u00e9 una torta surgelata?<\/h4>\n\t\t\t\t\t\t\t<\/div>\n\t\t\t\n\t\t\t\t\t\t\t<div class=\"title-after_title  set-cont-mb-s reset-last-child  wd-fontsize-s\">Il settore della pasticceria, che nel corso della storia ha avuto lo scopo di dare felicit\u00e0 alle persone, \u00e8 ora diventato un ``ramo artistico``. Queste opere d'arte colorate che adornano le vetrine di caff\u00e8 e ristoranti sono realizzate dagli operatori di Sweet Heaven, che si avvicinano alla cucina toccando con mano quest'opera d'arte. Gli operatori di Sweet Heaven, che hanno iniziato a occuparsi di pasticceria fin da giovanissimi, sono stati i pionieri del settore dei dolci surgelati fin dal 2007, grazie alla loro conoscenza del gusto eccellente, della produzione in condizioni igieniche e dell'alta qualit\u00e0.<\/p>\n<p>In Sweet Heaven, che dispone dei certificati ISO 22000 Food Safety Management System e ISO 9001 Quality Management System, tutti i controlli dei prodotti sono effettuati da ingegneri e tecnici alimentari fino al raggiungimento del consumatore finale. Le politiche di non mangiare ci\u00f2 che gli operatori non mangiano e di aumentare costantemente la qualit\u00e0 hanno fatto s\u00ec che i deliziosi dolci prodotti dalla famiglia Sweet Heaven siano preferiti.<\/div>\n\t\t\t\n\t\t\t\n\t\t<\/div>\n\t\t\n\t\t<\/div><\/div><\/div><\/div><div class=\"vc_row-full-width vc_clearfix\"><\/div>\n<\/div>","protected":false},"excerpt":{"rendered":"Neden Donuk Pasta? Tarih boyunca insanlara mutluluk vermeyi ama\u00e7lam\u0131\u015f pastac\u0131l\u0131k sekt\u00f6r\u00fc art\u0131k bir ``sanat dal\u0131`` haline gelmi\u015ftir. Kafe ve restoranlar\u0131n","protected":false},"author":1,"featured_media":0,"parent":0,"menu_order":0,"comment_status":"closed","ping_status":"closed","template":"","meta":{"footnotes":""},"class_list":["post-163","page","type-page","status-publish","hentry"],"yoast_head":"<!-- This site is optimized with the Yoast SEO plugin v23.8 - https:\/\/yoast.com\/wordpress\/plugins\/seo\/ -->\n<title>Neden Donuk Pasta? - Sweet Heaven Cakes &amp; Coffee<\/title>\n<meta name=\"robots\" content=\"index, follow, max-snippet:-1, max-image-preview:large, max-video-preview:-1\" \/>\n<link rel=\"canonical\" href=\"https:\/\/sweetheaven.com.tr\/it\/neden-donuk-pasta\/\" \/>\n<meta property=\"og:locale\" content=\"it_IT\" \/>\n<meta property=\"og:type\" content=\"article\" \/>\n<meta property=\"og:title\" content=\"Neden Donuk Pasta? - Sweet Heaven Cakes &amp; Coffee\" \/>\n<meta property=\"og:url\" content=\"https:\/\/sweetheaven.com.tr\/it\/neden-donuk-pasta\/\" \/>\n<meta property=\"og:site_name\" content=\"Sweet Heaven Cakes &amp; Coffee\" \/>\n<meta property=\"article:modified_time\" content=\"2023-03-21T06:42:47+00:00\" \/>\n<meta name=\"twitter:card\" content=\"summary_large_image\" \/>\n<meta name=\"twitter:label1\" content=\"Tempo di lettura stimato\" \/>\n\t<meta name=\"twitter:data1\" content=\"1 minuto\" \/>\n<script type=\"application\/ld+json\" class=\"yoast-schema-graph\">{\"@context\":\"https:\/\/schema.org\",\"@graph\":[{\"@type\":\"WebPage\",\"@id\":\"https:\/\/sweetheaven.com.tr\/neden-donuk-pasta\/\",\"url\":\"https:\/\/sweetheaven.com.tr\/neden-donuk-pasta\/\",\"name\":\"Neden Donuk Pasta? - Sweet Heaven Cakes &amp; Coffee\",\"isPartOf\":{\"@id\":\"https:\/\/sweetheaven.com.tr\/#website\"},\"datePublished\":\"2023-02-15T11:42:17+00:00\",\"dateModified\":\"2023-03-21T06:42:47+00:00\",\"breadcrumb\":{\"@id\":\"https:\/\/sweetheaven.com.tr\/neden-donuk-pasta\/#breadcrumb\"},\"inLanguage\":\"it-IT\",\"potentialAction\":[{\"@type\":\"ReadAction\",\"target\":[\"https:\/\/sweetheaven.com.tr\/neden-donuk-pasta\/\"]}]},{\"@type\":\"BreadcrumbList\",\"@id\":\"https:\/\/sweetheaven.com.tr\/neden-donuk-pasta\/#breadcrumb\",\"itemListElement\":[{\"@type\":\"ListItem\",\"position\":1,\"name\":\"Anasayfa\",\"item\":\"https:\/\/sweetheaven.com.tr\/en\/\"},{\"@type\":\"ListItem\",\"position\":2,\"name\":\"Neden Donuk Pasta?\"}]},{\"@type\":\"WebSite\",\"@id\":\"https:\/\/sweetheaven.com.tr\/#website\",\"url\":\"https:\/\/sweetheaven.com.tr\/\",\"name\":\"Sweet Heaven Cakes &amp; Coffee\",\"description\":\"\",\"potentialAction\":[{\"@type\":\"SearchAction\",\"target\":{\"@type\":\"EntryPoint\",\"urlTemplate\":\"https:\/\/sweetheaven.com.tr\/?s={search_term_string}\"},\"query-input\":{\"@type\":\"PropertyValueSpecification\",\"valueRequired\":true,\"valueName\":\"search_term_string\"}}],\"inLanguage\":\"it-IT\"}]}<\/script>\n<!-- \/ Yoast SEO plugin. -->","yoast_head_json":{"title":"Neden Donuk Pasta? - Sweet Heaven Cakes &amp; Coffee","robots":{"index":"index","follow":"follow","max-snippet":"max-snippet:-1","max-image-preview":"max-image-preview:large","max-video-preview":"max-video-preview:-1"},"canonical":"https:\/\/sweetheaven.com.tr\/it\/neden-donuk-pasta\/","og_locale":"it_IT","og_type":"article","og_title":"Neden Donuk Pasta? - Sweet Heaven Cakes &amp; Coffee","og_url":"https:\/\/sweetheaven.com.tr\/it\/neden-donuk-pasta\/","og_site_name":"Sweet Heaven Cakes &amp; Coffee","article_modified_time":"2023-03-21T06:42:47+00:00","twitter_card":"summary_large_image","twitter_misc":{"Tempo di lettura stimato":"1 minuto"},"schema":{"@context":"https:\/\/schema.org","@graph":[{"@type":"WebPage","@id":"https:\/\/sweetheaven.com.tr\/neden-donuk-pasta\/","url":"https:\/\/sweetheaven.com.tr\/neden-donuk-pasta\/","name":"Neden Donuk Pasta? - Sweet Heaven Cakes &amp; Coffee","isPartOf":{"@id":"https:\/\/sweetheaven.com.tr\/#website"},"datePublished":"2023-02-15T11:42:17+00:00","dateModified":"2023-03-21T06:42:47+00:00","breadcrumb":{"@id":"https:\/\/sweetheaven.com.tr\/neden-donuk-pasta\/#breadcrumb"},"inLanguage":"it-IT","potentialAction":[{"@type":"ReadAction","target":["https:\/\/sweetheaven.com.tr\/neden-donuk-pasta\/"]}]},{"@type":"BreadcrumbList","@id":"https:\/\/sweetheaven.com.tr\/neden-donuk-pasta\/#breadcrumb","itemListElement":[{"@type":"ListItem","position":1,"name":"Anasayfa","item":"https:\/\/sweetheaven.com.tr\/en\/"},{"@type":"ListItem","position":2,"name":"Neden Donuk Pasta?"}]},{"@type":"WebSite","@id":"https:\/\/sweetheaven.com.tr\/#website","url":"https:\/\/sweetheaven.com.tr\/","name":"Sweet Heaven Cakes &amp; Coffee","description":"","potentialAction":[{"@type":"SearchAction","target":{"@type":"EntryPoint","urlTemplate":"https:\/\/sweetheaven.com.tr\/?s={search_term_string}"},"query-input":{"@type":"PropertyValueSpecification","valueRequired":true,"valueName":"search_term_string"}}],"inLanguage":"it-IT"}]}},"_links":{"self":[{"href":"https:\/\/sweetheaven.com.tr\/it\/wp-json\/wp\/v2\/pages\/163","targetHints":{"allow":["GET"]}}],"collection":[{"href":"https:\/\/sweetheaven.com.tr\/it\/wp-json\/wp\/v2\/pages"}],"about":[{"href":"https:\/\/sweetheaven.com.tr\/it\/wp-json\/wp\/v2\/types\/page"}],"author":[{"embeddable":true,"href":"https:\/\/sweetheaven.com.tr\/it\/wp-json\/wp\/v2\/users\/1"}],"replies":[{"embeddable":true,"href":"https:\/\/sweetheaven.com.tr\/it\/wp-json\/wp\/v2\/comments?post=163"}],"version-history":[{"count":0,"href":"https:\/\/sweetheaven.com.tr\/it\/wp-json\/wp\/v2\/pages\/163\/revisions"}],"wp:attachment":[{"href":"https:\/\/sweetheaven.com.tr\/it\/wp-json\/wp\/v2\/media?parent=163"}],"curies":[{"name":"wp","href":"https:\/\/api.w.org\/{rel}","templated":true}]}}