{"id":773,"date":"2023-03-21T17:23:26","date_gmt":"2023-03-21T14:23:26","guid":{"rendered":"https:\/\/sweetheaven.com.tr\/?post_type=product&#038;p=773"},"modified":"2023-07-31T13:23:13","modified_gmt":"2023-07-31T10:23:13","slug":"beyaz-sicak-cikolata","status":"publish","type":"product","link":"https:\/\/sweetheaven.com.tr\/fr\/beyaz-sicak-cikolata\/","title":{"rendered":"Chocolat chaud blanc"},"content":{"rendered":"<div class=\"wpb-content-wrapper\"><div class=\"vc_row wpb_row vc_row-fluid\"><div class=\"wpb_column vc_column_container vc_col-sm-12\"><div class=\"vc_column-inner\"><div class=\"wpb_wrapper\">\n\t<div class=\"wpb_text_column wpb_content_element weight\" >\n\t\t<div class=\"wpb_wrapper\">\n\t\t\t<p>1000 gr.<\/p>\n\n\t\t<\/div>\n\t<\/div>\n\n\t<div class=\"wpb_text_column wpb_content_element\" id=\"custom-description\">\n\t\t<div class=\"wpb_wrapper\">\n\t\t\t<p>La combinaison du cacao et de la saveur du chocolat blanc...<\/p>\n<p>Pr\u00e9paration : Ajouter 25gr (1 cuill\u00e8re \u00e0 soupe) de poudre de chocolat chaud blanc \u00e0 150ml de lait (une tasse en porcelaine) et m\u00e9langer, puis cuire sur un b\u00e2ton \u00e0 vapeur jusqu'\u00e0 \u00e9bullition.<\/p>\n\n\t\t<\/div>\n\t<\/div>\n<\/div><\/div><\/div><\/div>\n<\/div>","protected":false},"excerpt":{"rendered":"1000 gr. Kakaonun Beyaz \u00c7ikolata aromas\u0131yla birle\u015fimi\u2026 Haz\u0131rlan\u0131\u015f\u0131: 150ml s\u00fct (bir porselen fincan) i\u00e7ine 25gr (1 \u00f6l\u00e7\u00fc ka\u015f\u0131\u011f\u0131) Beyaz S\u0131cak","protected":false},"featured_media":1407,"template":"","meta":[],"product_cat":[65,61],"product_tag":[],"class_list":{"0":"post-773","1":"product","2":"type-product","3":"status-publish","4":"has-post-thumbnail","6":"product_cat-urunlerimiz","7":"product_cat-sicak-cikolata-cesitleri","9":"first","10":"instock","11":"shipping-taxable","12":"product-type-simple"},"yoast_head":"<!-- This site is optimized with the Yoast SEO plugin v23.8 - https:\/\/yoast.com\/wordpress\/plugins\/seo\/ -->\n<title>Beyaz S\u0131cak \u00c7ikolata - Sweet Heaven Cakes &amp; Coffee<\/title>\n<meta name=\"robots\" content=\"index, follow, max-snippet:-1, max-image-preview:large, max-video-preview:-1\" \/>\n<link rel=\"canonical\" href=\"https:\/\/sweetheaven.com.tr\/fr\/beyaz-sicak-cikolata\/\" \/>\n<meta property=\"og:locale\" content=\"fr_FR\" \/>\n<meta property=\"og:type\" content=\"article\" \/>\n<meta property=\"og:title\" content=\"Beyaz S\u0131cak \u00c7ikolata - Sweet Heaven Cakes &amp; Coffee\" \/>\n<meta property=\"og:url\" content=\"https:\/\/sweetheaven.com.tr\/fr\/beyaz-sicak-cikolata\/\" \/>\n<meta property=\"og:site_name\" content=\"Sweet Heaven Cakes &amp; Coffee\" \/>\n<meta property=\"article:modified_time\" content=\"2023-07-31T10:23:13+00:00\" \/>\n<meta property=\"og:image\" content=\"https:\/\/sweetheaven.com.tr\/wp-content\/uploads\/2023\/03\/beyaz-cikolata-5.jpg\" \/>\n\t<meta property=\"og:image:width\" content=\"1280\" \/>\n\t<meta property=\"og:image:height\" content=\"770\" \/>\n\t<meta property=\"og:image:type\" content=\"image\/jpeg\" \/>\n<meta name=\"twitter:card\" content=\"summary_large_image\" \/>\n<meta name=\"twitter:label1\" content=\"Dur\u00e9e de lecture estim\u00e9e\" \/>\n\t<meta name=\"twitter:data1\" content=\"1 minute\" \/>\n<script type=\"application\/ld+json\" class=\"yoast-schema-graph\">{\"@context\":\"https:\/\/schema.org\",\"@graph\":[{\"@type\":\"WebPage\",\"@id\":\"https:\/\/sweetheaven.com.tr\/beyaz-sicak-cikolata\/\",\"url\":\"https:\/\/sweetheaven.com.tr\/beyaz-sicak-cikolata\/\",\"name\":\"Beyaz S\u0131cak \u00c7ikolata - Sweet Heaven Cakes &amp; Coffee\",\"isPartOf\":{\"@id\":\"https:\/\/sweetheaven.com.tr\/#website\"},\"primaryImageOfPage\":{\"@id\":\"https:\/\/sweetheaven.com.tr\/beyaz-sicak-cikolata\/#primaryimage\"},\"image\":{\"@id\":\"https:\/\/sweetheaven.com.tr\/beyaz-sicak-cikolata\/#primaryimage\"},\"thumbnailUrl\":\"https:\/\/sweetheaven.com.tr\/wp-content\/uploads\/2023\/03\/beyaz-cikolata-5.jpg\",\"datePublished\":\"2023-03-21T14:23:26+00:00\",\"dateModified\":\"2023-07-31T10:23:13+00:00\",\"breadcrumb\":{\"@id\":\"https:\/\/sweetheaven.com.tr\/beyaz-sicak-cikolata\/#breadcrumb\"},\"inLanguage\":\"fr-FR\",\"potentialAction\":[{\"@type\":\"ReadAction\",\"target\":[\"https:\/\/sweetheaven.com.tr\/beyaz-sicak-cikolata\/\"]}]},{\"@type\":\"ImageObject\",\"inLanguage\":\"fr-FR\",\"@id\":\"https:\/\/sweetheaven.com.tr\/beyaz-sicak-cikolata\/#primaryimage\",\"url\":\"https:\/\/sweetheaven.com.tr\/wp-content\/uploads\/2023\/03\/beyaz-cikolata-5.jpg\",\"contentUrl\":\"https:\/\/sweetheaven.com.tr\/wp-content\/uploads\/2023\/03\/beyaz-cikolata-5.jpg\",\"width\":1280,\"height\":770},{\"@type\":\"BreadcrumbList\",\"@id\":\"https:\/\/sweetheaven.com.tr\/beyaz-sicak-cikolata\/#breadcrumb\",\"itemListElement\":[{\"@type\":\"ListItem\",\"position\":1,\"name\":\"Anasayfa\",\"item\":\"https:\/\/sweetheaven.com.tr\/en\/\"},{\"@type\":\"ListItem\",\"position\":2,\"name\":\"Ma\u011faza\",\"item\":\"https:\/\/sweetheaven.com.tr\/en\/magaza\/\"},{\"@type\":\"ListItem\",\"position\":3,\"name\":\"Beyaz S\u0131cak \u00c7ikolata\"}]},{\"@type\":\"WebSite\",\"@id\":\"https:\/\/sweetheaven.com.tr\/#website\",\"url\":\"https:\/\/sweetheaven.com.tr\/\",\"name\":\"Sweet Heaven Cakes &amp; Coffee\",\"description\":\"\",\"potentialAction\":[{\"@type\":\"SearchAction\",\"target\":{\"@type\":\"EntryPoint\",\"urlTemplate\":\"https:\/\/sweetheaven.com.tr\/?s={search_term_string}\"},\"query-input\":{\"@type\":\"PropertyValueSpecification\",\"valueRequired\":true,\"valueName\":\"search_term_string\"}}],\"inLanguage\":\"fr-FR\"}]}<\/script>\n<!-- \/ Yoast SEO plugin. -->","yoast_head_json":{"title":"Beyaz S\u0131cak \u00c7ikolata - Sweet Heaven Cakes &amp; Coffee","robots":{"index":"index","follow":"follow","max-snippet":"max-snippet:-1","max-image-preview":"max-image-preview:large","max-video-preview":"max-video-preview:-1"},"canonical":"https:\/\/sweetheaven.com.tr\/fr\/beyaz-sicak-cikolata\/","og_locale":"fr_FR","og_type":"article","og_title":"Beyaz S\u0131cak \u00c7ikolata - Sweet Heaven Cakes &amp; Coffee","og_url":"https:\/\/sweetheaven.com.tr\/fr\/beyaz-sicak-cikolata\/","og_site_name":"Sweet Heaven Cakes &amp; Coffee","article_modified_time":"2023-07-31T10:23:13+00:00","og_image":[{"width":1280,"height":770,"url":"https:\/\/sweetheaven.com.tr\/wp-content\/uploads\/2023\/03\/beyaz-cikolata-5.jpg","type":"image\/jpeg"}],"twitter_card":"summary_large_image","twitter_misc":{"Dur\u00e9e de lecture estim\u00e9e":"1 minute"},"schema":{"@context":"https:\/\/schema.org","@graph":[{"@type":"WebPage","@id":"https:\/\/sweetheaven.com.tr\/beyaz-sicak-cikolata\/","url":"https:\/\/sweetheaven.com.tr\/beyaz-sicak-cikolata\/","name":"Beyaz S\u0131cak \u00c7ikolata - Sweet Heaven Cakes &amp; Coffee","isPartOf":{"@id":"https:\/\/sweetheaven.com.tr\/#website"},"primaryImageOfPage":{"@id":"https:\/\/sweetheaven.com.tr\/beyaz-sicak-cikolata\/#primaryimage"},"image":{"@id":"https:\/\/sweetheaven.com.tr\/beyaz-sicak-cikolata\/#primaryimage"},"thumbnailUrl":"https:\/\/sweetheaven.com.tr\/wp-content\/uploads\/2023\/03\/beyaz-cikolata-5.jpg","datePublished":"2023-03-21T14:23:26+00:00","dateModified":"2023-07-31T10:23:13+00:00","breadcrumb":{"@id":"https:\/\/sweetheaven.com.tr\/beyaz-sicak-cikolata\/#breadcrumb"},"inLanguage":"fr-FR","potentialAction":[{"@type":"ReadAction","target":["https:\/\/sweetheaven.com.tr\/beyaz-sicak-cikolata\/"]}]},{"@type":"ImageObject","inLanguage":"fr-FR","@id":"https:\/\/sweetheaven.com.tr\/beyaz-sicak-cikolata\/#primaryimage","url":"https:\/\/sweetheaven.com.tr\/wp-content\/uploads\/2023\/03\/beyaz-cikolata-5.jpg","contentUrl":"https:\/\/sweetheaven.com.tr\/wp-content\/uploads\/2023\/03\/beyaz-cikolata-5.jpg","width":1280,"height":770},{"@type":"BreadcrumbList","@id":"https:\/\/sweetheaven.com.tr\/beyaz-sicak-cikolata\/#breadcrumb","itemListElement":[{"@type":"ListItem","position":1,"name":"Anasayfa","item":"https:\/\/sweetheaven.com.tr\/en\/"},{"@type":"ListItem","position":2,"name":"Ma\u011faza","item":"https:\/\/sweetheaven.com.tr\/en\/magaza\/"},{"@type":"ListItem","position":3,"name":"Beyaz S\u0131cak \u00c7ikolata"}]},{"@type":"WebSite","@id":"https:\/\/sweetheaven.com.tr\/#website","url":"https:\/\/sweetheaven.com.tr\/","name":"Sweet Heaven Cakes &amp; Coffee","description":"","potentialAction":[{"@type":"SearchAction","target":{"@type":"EntryPoint","urlTemplate":"https:\/\/sweetheaven.com.tr\/?s={search_term_string}"},"query-input":{"@type":"PropertyValueSpecification","valueRequired":true,"valueName":"search_term_string"}}],"inLanguage":"fr-FR"}]}},"_links":{"self":[{"href":"https:\/\/sweetheaven.com.tr\/fr\/wp-json\/wp\/v2\/product\/773","targetHints":{"allow":["GET"]}}],"collection":[{"href":"https:\/\/sweetheaven.com.tr\/fr\/wp-json\/wp\/v2\/product"}],"about":[{"href":"https:\/\/sweetheaven.com.tr\/fr\/wp-json\/wp\/v2\/types\/product"}],"wp:featuredmedia":[{"embeddable":true,"href":"https:\/\/sweetheaven.com.tr\/fr\/wp-json\/wp\/v2\/media\/1407"}],"wp:attachment":[{"href":"https:\/\/sweetheaven.com.tr\/fr\/wp-json\/wp\/v2\/media?parent=773"}],"wp:term":[{"taxonomy":"product_cat","embeddable":true,"href":"https:\/\/sweetheaven.com.tr\/fr\/wp-json\/wp\/v2\/product_cat?post=773"},{"taxonomy":"product_tag","embeddable":true,"href":"https:\/\/sweetheaven.com.tr\/fr\/wp-json\/wp\/v2\/product_tag?post=773"}],"curies":[{"name":"wp","href":"https:\/\/api.w.org\/{rel}","templated":true}]}}