{"id":672,"date":"2023-03-21T16:38:02","date_gmt":"2023-03-21T13:38:02","guid":{"rendered":"https:\/\/sweetheaven.com.tr\/?post_type=product&#038;p=672"},"modified":"2023-08-17T17:38:12","modified_gmt":"2023-08-17T14:38:12","slug":"kirmizi-orman-meyveli-cay","status":"publish","type":"product","link":"https:\/\/sweetheaven.com.tr\/fr\/kirmizi-orman-meyveli-cay\/","title":{"rendered":"Th\u00e9 aux fruits de la for\u00eat rouge"},"content":{"rendered":"<div class=\"wpb-content-wrapper\"><div class=\"vc_row wpb_row vc_row-fluid\"><div class=\"wpb_column vc_column_container vc_col-sm-12\"><div class=\"vc_column-inner\"><div class=\"wpb_wrapper\">\n\t<div class=\"wpb_text_column wpb_content_element weight\" >\n\t\t<div class=\"wpb_wrapper\">\n\t\t\t<p>200 gr.<\/p>\n\n\t\t<\/div>\n\t<\/div>\n\n\t<div class=\"wpb_text_column wpb_content_element\" >\n\t\t<div class=\"wpb_wrapper\">\n\t\t\t<p>\u00c9corce d'\u00e9glantier, fleur de gombo africain, fruit d'aub\u00e9pine, pomme s\u00e9ch\u00e9e, myrtille, \u00e9corce de mandarine, \u00e9glantier, ar\u00f4mes de fruits ; th\u00e9 aux fruits de la for\u00eat rouge...<\/p>\n<p>Pr\u00e9paration : Il est pr\u00e9par\u00e9 dans une presse fran\u00e7aise ou une th\u00e9i\u00e8re en verre, 10 gr. de th\u00e9 sont ajout\u00e9s \u00e0 225 ml d'eau fra\u00eechement bouillie et laiss\u00e9s \u00e0 infuser pendant 3-4 minutes et pr\u00eats \u00e0 boire.<\/p>\n\n\t\t<\/div>\n\t<\/div>\n<\/div><\/div><\/div><\/div>\n<\/div>","protected":false},"excerpt":{"rendered":"200 gr. Ku\u015fburnu kabu\u011fu , Afrika bamya \u00e7i\u00e7e\u011fi, yemi\u015fen meyvesi ( al\u0131\u00e7 meyvesi), elma kurusu, yaban mersini, mandalina kabu\u011fu, ku\u015fburnu,","protected":false},"featured_media":1313,"template":"","meta":[],"product_cat":[65,58],"product_tag":[],"class_list":{"0":"post-672","1":"product","2":"type-product","3":"status-publish","4":"has-post-thumbnail","6":"product_cat-urunlerimiz","7":"product_cat-meyve-caylari","9":"first","10":"instock","11":"shipping-taxable","12":"product-type-simple"},"yoast_head":"<!-- This site is optimized with the Yoast SEO plugin v23.8 - https:\/\/yoast.com\/wordpress\/plugins\/seo\/ -->\n<title>K\u0131rm\u0131z\u0131 Orman Meyveli \u00c7ay - Sweet Heaven Cakes &amp; Coffee<\/title>\n<meta name=\"robots\" content=\"index, follow, max-snippet:-1, max-image-preview:large, max-video-preview:-1\" \/>\n<link rel=\"canonical\" href=\"https:\/\/sweetheaven.com.tr\/fr\/kirmizi-orman-meyveli-cay\/\" \/>\n<meta property=\"og:locale\" content=\"fr_FR\" \/>\n<meta property=\"og:type\" content=\"article\" \/>\n<meta property=\"og:title\" content=\"K\u0131rm\u0131z\u0131 Orman Meyveli \u00c7ay - Sweet Heaven Cakes &amp; Coffee\" \/>\n<meta property=\"og:url\" content=\"https:\/\/sweetheaven.com.tr\/fr\/kirmizi-orman-meyveli-cay\/\" \/>\n<meta property=\"og:site_name\" content=\"Sweet Heaven Cakes &amp; Coffee\" \/>\n<meta property=\"article:modified_time\" content=\"2023-08-17T14:38:12+00:00\" \/>\n<meta property=\"og:image\" content=\"https:\/\/sweetheaven.com.tr\/wp-content\/uploads\/2023\/03\/kirmizi-orman-meyveleri-3.jpg\" \/>\n\t<meta property=\"og:image:width\" content=\"1280\" \/>\n\t<meta property=\"og:image:height\" content=\"770\" \/>\n\t<meta property=\"og:image:type\" content=\"image\/jpeg\" \/>\n<meta name=\"twitter:card\" content=\"summary_large_image\" \/>\n<meta name=\"twitter:label1\" content=\"Dur\u00e9e de lecture estim\u00e9e\" \/>\n\t<meta name=\"twitter:data1\" content=\"1 minute\" \/>\n<script type=\"application\/ld+json\" class=\"yoast-schema-graph\">{\"@context\":\"https:\/\/schema.org\",\"@graph\":[{\"@type\":\"WebPage\",\"@id\":\"https:\/\/sweetheaven.com.tr\/kirmizi-orman-meyveli-cay\/\",\"url\":\"https:\/\/sweetheaven.com.tr\/kirmizi-orman-meyveli-cay\/\",\"name\":\"K\u0131rm\u0131z\u0131 Orman Meyveli \u00c7ay - Sweet Heaven Cakes &amp; Coffee\",\"isPartOf\":{\"@id\":\"https:\/\/sweetheaven.com.tr\/#website\"},\"primaryImageOfPage\":{\"@id\":\"https:\/\/sweetheaven.com.tr\/kirmizi-orman-meyveli-cay\/#primaryimage\"},\"image\":{\"@id\":\"https:\/\/sweetheaven.com.tr\/kirmizi-orman-meyveli-cay\/#primaryimage\"},\"thumbnailUrl\":\"https:\/\/sweetheaven.com.tr\/wp-content\/uploads\/2023\/03\/kirmizi-orman-meyveleri-3.jpg\",\"datePublished\":\"2023-03-21T13:38:02+00:00\",\"dateModified\":\"2023-08-17T14:38:12+00:00\",\"breadcrumb\":{\"@id\":\"https:\/\/sweetheaven.com.tr\/kirmizi-orman-meyveli-cay\/#breadcrumb\"},\"inLanguage\":\"fr-FR\",\"potentialAction\":[{\"@type\":\"ReadAction\",\"target\":[\"https:\/\/sweetheaven.com.tr\/kirmizi-orman-meyveli-cay\/\"]}]},{\"@type\":\"ImageObject\",\"inLanguage\":\"fr-FR\",\"@id\":\"https:\/\/sweetheaven.com.tr\/kirmizi-orman-meyveli-cay\/#primaryimage\",\"url\":\"https:\/\/sweetheaven.com.tr\/wp-content\/uploads\/2023\/03\/kirmizi-orman-meyveleri-3.jpg\",\"contentUrl\":\"https:\/\/sweetheaven.com.tr\/wp-content\/uploads\/2023\/03\/kirmizi-orman-meyveleri-3.jpg\",\"width\":1280,\"height\":770},{\"@type\":\"BreadcrumbList\",\"@id\":\"https:\/\/sweetheaven.com.tr\/kirmizi-orman-meyveli-cay\/#breadcrumb\",\"itemListElement\":[{\"@type\":\"ListItem\",\"position\":1,\"name\":\"Anasayfa\",\"item\":\"https:\/\/sweetheaven.com.tr\/en\/\"},{\"@type\":\"ListItem\",\"position\":2,\"name\":\"Ma\u011faza\",\"item\":\"https:\/\/sweetheaven.com.tr\/en\/magaza\/\"},{\"@type\":\"ListItem\",\"position\":3,\"name\":\"K\u0131rm\u0131z\u0131 Orman Meyveli \u00c7ay\"}]},{\"@type\":\"WebSite\",\"@id\":\"https:\/\/sweetheaven.com.tr\/#website\",\"url\":\"https:\/\/sweetheaven.com.tr\/\",\"name\":\"Sweet Heaven Cakes &amp; Coffee\",\"description\":\"\",\"potentialAction\":[{\"@type\":\"SearchAction\",\"target\":{\"@type\":\"EntryPoint\",\"urlTemplate\":\"https:\/\/sweetheaven.com.tr\/?s={search_term_string}\"},\"query-input\":{\"@type\":\"PropertyValueSpecification\",\"valueRequired\":true,\"valueName\":\"search_term_string\"}}],\"inLanguage\":\"fr-FR\"}]}<\/script>\n<!-- \/ Yoast SEO plugin. -->","yoast_head_json":{"title":"K\u0131rm\u0131z\u0131 Orman Meyveli \u00c7ay - Sweet Heaven Cakes &amp; Coffee","robots":{"index":"index","follow":"follow","max-snippet":"max-snippet:-1","max-image-preview":"max-image-preview:large","max-video-preview":"max-video-preview:-1"},"canonical":"https:\/\/sweetheaven.com.tr\/fr\/kirmizi-orman-meyveli-cay\/","og_locale":"fr_FR","og_type":"article","og_title":"K\u0131rm\u0131z\u0131 Orman Meyveli \u00c7ay - Sweet Heaven Cakes &amp; Coffee","og_url":"https:\/\/sweetheaven.com.tr\/fr\/kirmizi-orman-meyveli-cay\/","og_site_name":"Sweet Heaven Cakes &amp; Coffee","article_modified_time":"2023-08-17T14:38:12+00:00","og_image":[{"width":1280,"height":770,"url":"https:\/\/sweetheaven.com.tr\/wp-content\/uploads\/2023\/03\/kirmizi-orman-meyveleri-3.jpg","type":"image\/jpeg"}],"twitter_card":"summary_large_image","twitter_misc":{"Dur\u00e9e de lecture estim\u00e9e":"1 minute"},"schema":{"@context":"https:\/\/schema.org","@graph":[{"@type":"WebPage","@id":"https:\/\/sweetheaven.com.tr\/kirmizi-orman-meyveli-cay\/","url":"https:\/\/sweetheaven.com.tr\/kirmizi-orman-meyveli-cay\/","name":"K\u0131rm\u0131z\u0131 Orman Meyveli \u00c7ay - Sweet Heaven Cakes &amp; Coffee","isPartOf":{"@id":"https:\/\/sweetheaven.com.tr\/#website"},"primaryImageOfPage":{"@id":"https:\/\/sweetheaven.com.tr\/kirmizi-orman-meyveli-cay\/#primaryimage"},"image":{"@id":"https:\/\/sweetheaven.com.tr\/kirmizi-orman-meyveli-cay\/#primaryimage"},"thumbnailUrl":"https:\/\/sweetheaven.com.tr\/wp-content\/uploads\/2023\/03\/kirmizi-orman-meyveleri-3.jpg","datePublished":"2023-03-21T13:38:02+00:00","dateModified":"2023-08-17T14:38:12+00:00","breadcrumb":{"@id":"https:\/\/sweetheaven.com.tr\/kirmizi-orman-meyveli-cay\/#breadcrumb"},"inLanguage":"fr-FR","potentialAction":[{"@type":"ReadAction","target":["https:\/\/sweetheaven.com.tr\/kirmizi-orman-meyveli-cay\/"]}]},{"@type":"ImageObject","inLanguage":"fr-FR","@id":"https:\/\/sweetheaven.com.tr\/kirmizi-orman-meyveli-cay\/#primaryimage","url":"https:\/\/sweetheaven.com.tr\/wp-content\/uploads\/2023\/03\/kirmizi-orman-meyveleri-3.jpg","contentUrl":"https:\/\/sweetheaven.com.tr\/wp-content\/uploads\/2023\/03\/kirmizi-orman-meyveleri-3.jpg","width":1280,"height":770},{"@type":"BreadcrumbList","@id":"https:\/\/sweetheaven.com.tr\/kirmizi-orman-meyveli-cay\/#breadcrumb","itemListElement":[{"@type":"ListItem","position":1,"name":"Anasayfa","item":"https:\/\/sweetheaven.com.tr\/en\/"},{"@type":"ListItem","position":2,"name":"Ma\u011faza","item":"https:\/\/sweetheaven.com.tr\/en\/magaza\/"},{"@type":"ListItem","position":3,"name":"K\u0131rm\u0131z\u0131 Orman Meyveli \u00c7ay"}]},{"@type":"WebSite","@id":"https:\/\/sweetheaven.com.tr\/#website","url":"https:\/\/sweetheaven.com.tr\/","name":"Sweet Heaven Cakes &amp; Coffee","description":"","potentialAction":[{"@type":"SearchAction","target":{"@type":"EntryPoint","urlTemplate":"https:\/\/sweetheaven.com.tr\/?s={search_term_string}"},"query-input":{"@type":"PropertyValueSpecification","valueRequired":true,"valueName":"search_term_string"}}],"inLanguage":"fr-FR"}]}},"_links":{"self":[{"href":"https:\/\/sweetheaven.com.tr\/fr\/wp-json\/wp\/v2\/product\/672","targetHints":{"allow":["GET"]}}],"collection":[{"href":"https:\/\/sweetheaven.com.tr\/fr\/wp-json\/wp\/v2\/product"}],"about":[{"href":"https:\/\/sweetheaven.com.tr\/fr\/wp-json\/wp\/v2\/types\/product"}],"wp:featuredmedia":[{"embeddable":true,"href":"https:\/\/sweetheaven.com.tr\/fr\/wp-json\/wp\/v2\/media\/1313"}],"wp:attachment":[{"href":"https:\/\/sweetheaven.com.tr\/fr\/wp-json\/wp\/v2\/media?parent=672"}],"wp:term":[{"taxonomy":"product_cat","embeddable":true,"href":"https:\/\/sweetheaven.com.tr\/fr\/wp-json\/wp\/v2\/product_cat?post=672"},{"taxonomy":"product_tag","embeddable":true,"href":"https:\/\/sweetheaven.com.tr\/fr\/wp-json\/wp\/v2\/product_tag?post=672"}],"curies":[{"name":"wp","href":"https:\/\/api.w.org\/{rel}","templated":true}]}}