{"id":497,"date":"2023-03-21T11:20:05","date_gmt":"2023-03-21T08:20:05","guid":{"rendered":"https:\/\/sweetheaven.com.tr\/?post_type=product&#038;p=497"},"modified":"2023-04-20T11:21:04","modified_gmt":"2023-04-20T08:21:04","slug":"frambuazli-cheesecake-3","status":"publish","type":"product","link":"https:\/\/sweetheaven.com.tr\/fr\/frambuazli-cheesecake-3\/","title":{"rendered":"G\u00e2teau au fromage \u00e0 la framboise"},"content":{"rendered":"<div class=\"wpb-content-wrapper\"><div class=\"vc_row wpb_row vc_row-fluid\"><div class=\"wpb_column vc_column_container vc_col-sm-12\"><div class=\"vc_column-inner\"><div class=\"wpb_wrapper\">\n\t<div class=\"wpb_text_column wpb_content_element\" id=\"custom-description\">\n\t\t<div class=\"wpb_wrapper\">\n\t\t\t<div class=\"col-md-12 ProductDetailMTop\">G\u00e2teau au fromage \u00e0 la framboise cuit au four (style Newyork) sur notre biscuit sp\u00e9cialement...<\/div>\n<div class=\"col-md-12 mt-5 text-right\">\n<div class=\"addthis_inline_share_toolbox\" data-url=\"https:\/\/www.sweetheaven.com.tr\/tr-TR\/Urunler\/pastalar\/cheesecakeler\/frambuazli-cheesecake\" data-title=\"Frambuazl\u0131 Cheesecake - Sweet Heaven Cakes &amp; Coffee\">\n<div id=\"atstbx\" class=\"at-resp-share-element at-style-responsive addthis-smartlayers addthis-animated at4-show\" role=\"region\" aria-labelledby=\"at-dde15ab3-3d71-47d0-a026-f24dd60d999d\"><\/div>\n<\/div>\n<\/div>\n\n\t\t<\/div>\n\t<\/div>\n\n\t<div class=\"wpb_text_column wpb_content_element weight\" >\n\t\t<div class=\"wpb_wrapper\">\n\t\t\t<p>1600 gr.<\/p>\n\n\t\t<\/div>\n\t<\/div>\n\n\t<div class=\"wpb_raw_code wpb_raw_html wpb_content_element tables\" >\n\t\t<div class=\"wpb_wrapper\">\n\t\t\t<table class=\"custom-desc\">\n    <tr>\n        <td colspan=\"3\">D\u00e9tails du produit<\/td>\n    <\/tr>\n    <tr>\n        <td>Nombre de tranches<\/td>\n        <td>Poids<\/td>\n        <td>Poids de la portion<\/td>\n    <\/tr>\n    <tr class=\"properties\">\n        <td><span>10<\/span><span>pi\u00e8ces<\/span><\/td>\n        <td><span>1600 gr.<\/span><span>\u00b1 5 gr.<\/span><\/td>\n        <td><span>160 gr.<\/span><span>\u00b1 5 gr.<\/span><\/td>\n    <\/tr>\n<\/table>\n\n<table class=\"custom-desc\">\n    <tr>\n        <td colspan=\"3\">Conditions de stockage<\/td>\n    <\/tr>\n    <tr>\n        <td>P\u00e9riode de stockage<\/td>\n        <td>Temps de d\u00e9cong\u00e9lation<\/td>\n        <td>Dur\u00e9e de l'accord<\/td>\n    <\/tr>\n    <tr class=\"properties\">\n        <td><span>\u00e0 -18 \u00b0C<\/span><span>12 mois<\/span><\/td>\n        <td><span>\u00e0 +4 \u00b0C<\/span><span>3-3,5 heures<\/span><\/td>\n        <td><span>\u00e0 +4 \u00b0C<\/span><span>3 ou 4 jours<\/span><\/td>\n    <\/tr>\n<\/table>\n\t\t<\/div>\n\t<\/div>\n<\/div><\/div><\/div><\/div>\n<\/div>","protected":false},"excerpt":{"rendered":"\u00d6zel \u00fcretti\u011fimiz bisk\u00fcvi \u00fczerinde f\u0131r\u0131nlanm\u0131\u015f(Newyork usul\u00fc) frambuazl\u0131 cheesecake... 1600 gr. \u00dcr\u00fcn Detaylar\u0131 Dilim Adedi A\u011f\u0131rl\u0131k Porsiyon Gramaj 10adet 1600 gr.\u00b1","protected":false},"featured_media":872,"template":"","meta":[],"product_cat":[65,33,35],"product_tag":[],"class_list":{"0":"post-497","1":"product","2":"type-product","3":"status-publish","4":"has-post-thumbnail","6":"product_cat-urunlerimiz","7":"product_cat-pastalar","8":"product_cat-cheesecakeler","10":"first","11":"instock","12":"shipping-taxable","13":"product-type-simple"},"yoast_head":"<!-- This site is optimized with the Yoast SEO plugin v23.8 - https:\/\/yoast.com\/wordpress\/plugins\/seo\/ -->\n<title>Frambuazl\u0131 Cheesecake - Sweet Heaven Cakes &amp; Coffee<\/title>\n<meta name=\"robots\" content=\"index, follow, max-snippet:-1, max-image-preview:large, max-video-preview:-1\" \/>\n<link rel=\"canonical\" href=\"https:\/\/sweetheaven.com.tr\/fr\/frambuazli-cheesecake-3\/\" \/>\n<meta property=\"og:locale\" content=\"fr_FR\" \/>\n<meta property=\"og:type\" content=\"article\" \/>\n<meta property=\"og:title\" content=\"Frambuazl\u0131 Cheesecake - Sweet Heaven Cakes &amp; Coffee\" \/>\n<meta property=\"og:url\" content=\"https:\/\/sweetheaven.com.tr\/fr\/frambuazli-cheesecake-3\/\" \/>\n<meta property=\"og:site_name\" content=\"Sweet Heaven Cakes &amp; Coffee\" \/>\n<meta property=\"article:modified_time\" content=\"2023-04-20T08:21:04+00:00\" \/>\n<meta property=\"og:image\" content=\"https:\/\/sweetheaven.com.tr\/wp-content\/uploads\/2023\/03\/frambuazli-dilim-1.jpg\" \/>\n\t<meta property=\"og:image:width\" content=\"1280\" \/>\n\t<meta property=\"og:image:height\" content=\"770\" \/>\n\t<meta property=\"og:image:type\" content=\"image\/jpeg\" \/>\n<meta name=\"twitter:card\" content=\"summary_large_image\" \/>\n<meta name=\"twitter:label1\" content=\"Dur\u00e9e de lecture estim\u00e9e\" \/>\n\t<meta name=\"twitter:data1\" content=\"1 minute\" \/>\n<script type=\"application\/ld+json\" class=\"yoast-schema-graph\">{\"@context\":\"https:\/\/schema.org\",\"@graph\":[{\"@type\":\"WebPage\",\"@id\":\"https:\/\/sweetheaven.com.tr\/frambuazli-cheesecake-3\/\",\"url\":\"https:\/\/sweetheaven.com.tr\/frambuazli-cheesecake-3\/\",\"name\":\"Frambuazl\u0131 Cheesecake - Sweet Heaven Cakes &amp; Coffee\",\"isPartOf\":{\"@id\":\"https:\/\/sweetheaven.com.tr\/#website\"},\"primaryImageOfPage\":{\"@id\":\"https:\/\/sweetheaven.com.tr\/frambuazli-cheesecake-3\/#primaryimage\"},\"image\":{\"@id\":\"https:\/\/sweetheaven.com.tr\/frambuazli-cheesecake-3\/#primaryimage\"},\"thumbnailUrl\":\"https:\/\/sweetheaven.com.tr\/wp-content\/uploads\/2023\/03\/frambuazli-dilim-1.jpg\",\"datePublished\":\"2023-03-21T08:20:05+00:00\",\"dateModified\":\"2023-04-20T08:21:04+00:00\",\"breadcrumb\":{\"@id\":\"https:\/\/sweetheaven.com.tr\/frambuazli-cheesecake-3\/#breadcrumb\"},\"inLanguage\":\"fr-FR\",\"potentialAction\":[{\"@type\":\"ReadAction\",\"target\":[\"https:\/\/sweetheaven.com.tr\/frambuazli-cheesecake-3\/\"]}]},{\"@type\":\"ImageObject\",\"inLanguage\":\"fr-FR\",\"@id\":\"https:\/\/sweetheaven.com.tr\/frambuazli-cheesecake-3\/#primaryimage\",\"url\":\"https:\/\/sweetheaven.com.tr\/wp-content\/uploads\/2023\/03\/frambuazli-dilim-1.jpg\",\"contentUrl\":\"https:\/\/sweetheaven.com.tr\/wp-content\/uploads\/2023\/03\/frambuazli-dilim-1.jpg\",\"width\":1280,\"height\":770},{\"@type\":\"BreadcrumbList\",\"@id\":\"https:\/\/sweetheaven.com.tr\/frambuazli-cheesecake-3\/#breadcrumb\",\"itemListElement\":[{\"@type\":\"ListItem\",\"position\":1,\"name\":\"Anasayfa\",\"item\":\"https:\/\/sweetheaven.com.tr\/en\/\"},{\"@type\":\"ListItem\",\"position\":2,\"name\":\"Ma\u011faza\",\"item\":\"https:\/\/sweetheaven.com.tr\/en\/magaza\/\"},{\"@type\":\"ListItem\",\"position\":3,\"name\":\"Frambuazl\u0131 Cheesecake\"}]},{\"@type\":\"WebSite\",\"@id\":\"https:\/\/sweetheaven.com.tr\/#website\",\"url\":\"https:\/\/sweetheaven.com.tr\/\",\"name\":\"Sweet Heaven Cakes &amp; Coffee\",\"description\":\"\",\"potentialAction\":[{\"@type\":\"SearchAction\",\"target\":{\"@type\":\"EntryPoint\",\"urlTemplate\":\"https:\/\/sweetheaven.com.tr\/?s={search_term_string}\"},\"query-input\":{\"@type\":\"PropertyValueSpecification\",\"valueRequired\":true,\"valueName\":\"search_term_string\"}}],\"inLanguage\":\"fr-FR\"}]}<\/script>\n<!-- \/ Yoast SEO plugin. -->","yoast_head_json":{"title":"Frambuazl\u0131 Cheesecake - Sweet Heaven Cakes &amp; Coffee","robots":{"index":"index","follow":"follow","max-snippet":"max-snippet:-1","max-image-preview":"max-image-preview:large","max-video-preview":"max-video-preview:-1"},"canonical":"https:\/\/sweetheaven.com.tr\/fr\/frambuazli-cheesecake-3\/","og_locale":"fr_FR","og_type":"article","og_title":"Frambuazl\u0131 Cheesecake - Sweet Heaven Cakes &amp; Coffee","og_url":"https:\/\/sweetheaven.com.tr\/fr\/frambuazli-cheesecake-3\/","og_site_name":"Sweet Heaven Cakes &amp; Coffee","article_modified_time":"2023-04-20T08:21:04+00:00","og_image":[{"width":1280,"height":770,"url":"https:\/\/sweetheaven.com.tr\/wp-content\/uploads\/2023\/03\/frambuazli-dilim-1.jpg","type":"image\/jpeg"}],"twitter_card":"summary_large_image","twitter_misc":{"Dur\u00e9e de lecture estim\u00e9e":"1 minute"},"schema":{"@context":"https:\/\/schema.org","@graph":[{"@type":"WebPage","@id":"https:\/\/sweetheaven.com.tr\/frambuazli-cheesecake-3\/","url":"https:\/\/sweetheaven.com.tr\/frambuazli-cheesecake-3\/","name":"Frambuazl\u0131 Cheesecake - Sweet Heaven Cakes &amp; Coffee","isPartOf":{"@id":"https:\/\/sweetheaven.com.tr\/#website"},"primaryImageOfPage":{"@id":"https:\/\/sweetheaven.com.tr\/frambuazli-cheesecake-3\/#primaryimage"},"image":{"@id":"https:\/\/sweetheaven.com.tr\/frambuazli-cheesecake-3\/#primaryimage"},"thumbnailUrl":"https:\/\/sweetheaven.com.tr\/wp-content\/uploads\/2023\/03\/frambuazli-dilim-1.jpg","datePublished":"2023-03-21T08:20:05+00:00","dateModified":"2023-04-20T08:21:04+00:00","breadcrumb":{"@id":"https:\/\/sweetheaven.com.tr\/frambuazli-cheesecake-3\/#breadcrumb"},"inLanguage":"fr-FR","potentialAction":[{"@type":"ReadAction","target":["https:\/\/sweetheaven.com.tr\/frambuazli-cheesecake-3\/"]}]},{"@type":"ImageObject","inLanguage":"fr-FR","@id":"https:\/\/sweetheaven.com.tr\/frambuazli-cheesecake-3\/#primaryimage","url":"https:\/\/sweetheaven.com.tr\/wp-content\/uploads\/2023\/03\/frambuazli-dilim-1.jpg","contentUrl":"https:\/\/sweetheaven.com.tr\/wp-content\/uploads\/2023\/03\/frambuazli-dilim-1.jpg","width":1280,"height":770},{"@type":"BreadcrumbList","@id":"https:\/\/sweetheaven.com.tr\/frambuazli-cheesecake-3\/#breadcrumb","itemListElement":[{"@type":"ListItem","position":1,"name":"Anasayfa","item":"https:\/\/sweetheaven.com.tr\/en\/"},{"@type":"ListItem","position":2,"name":"Ma\u011faza","item":"https:\/\/sweetheaven.com.tr\/en\/magaza\/"},{"@type":"ListItem","position":3,"name":"Frambuazl\u0131 Cheesecake"}]},{"@type":"WebSite","@id":"https:\/\/sweetheaven.com.tr\/#website","url":"https:\/\/sweetheaven.com.tr\/","name":"Sweet Heaven Cakes &amp; Coffee","description":"","potentialAction":[{"@type":"SearchAction","target":{"@type":"EntryPoint","urlTemplate":"https:\/\/sweetheaven.com.tr\/?s={search_term_string}"},"query-input":{"@type":"PropertyValueSpecification","valueRequired":true,"valueName":"search_term_string"}}],"inLanguage":"fr-FR"}]}},"_links":{"self":[{"href":"https:\/\/sweetheaven.com.tr\/fr\/wp-json\/wp\/v2\/product\/497","targetHints":{"allow":["GET"]}}],"collection":[{"href":"https:\/\/sweetheaven.com.tr\/fr\/wp-json\/wp\/v2\/product"}],"about":[{"href":"https:\/\/sweetheaven.com.tr\/fr\/wp-json\/wp\/v2\/types\/product"}],"wp:featuredmedia":[{"embeddable":true,"href":"https:\/\/sweetheaven.com.tr\/fr\/wp-json\/wp\/v2\/media\/872"}],"wp:attachment":[{"href":"https:\/\/sweetheaven.com.tr\/fr\/wp-json\/wp\/v2\/media?parent=497"}],"wp:term":[{"taxonomy":"product_cat","embeddable":true,"href":"https:\/\/sweetheaven.com.tr\/fr\/wp-json\/wp\/v2\/product_cat?post=497"},{"taxonomy":"product_tag","embeddable":true,"href":"https:\/\/sweetheaven.com.tr\/fr\/wp-json\/wp\/v2\/product_tag?post=497"}],"curies":[{"name":"wp","href":"https:\/\/api.w.org\/{rel}","templated":true}]}}