{"id":688,"date":"2023-03-21T16:43:00","date_gmt":"2023-03-21T13:43:00","guid":{"rendered":"https:\/\/sweetheaven.com.tr\/?post_type=product&#038;p=688"},"modified":"2023-08-17T17:16:19","modified_gmt":"2023-08-17T14:16:19","slug":"naneli-yesil-cay","status":"publish","type":"product","link":"https:\/\/sweetheaven.com.tr\/en\/naneli-yesil-cay\/","title":{"rendered":"Green Tea with Mint"},"content":{"rendered":"<div class=\"wpb-content-wrapper\"><div class=\"vc_row wpb_row vc_row-fluid\"><div class=\"wpb_column vc_column_container vc_col-sm-12\"><div class=\"vc_column-inner\"><div class=\"wpb_wrapper\">\n\t<div class=\"wpb_text_column wpb_content_element weight\" >\n\t\t<div class=\"wpb_wrapper\">\n\t\t\t<p>200 gr.<\/p>\n\n\t\t<\/div>\n\t<\/div>\n\n\t<div class=\"wpb_text_column wpb_content_element\" >\n\t\t<div class=\"wpb_wrapper\">\n\t\t\t<p>Strong anti-oxidant effect with green tea leaf and mint leaf\u2026<\/p>\n<p>Preparation: Prepared in a French press or glass teapot, 10 gr. It is added to the tea with 225 ml of freshly boiled water and is ready to drink after being allowed to brew for 3-4 minutes.<\/p>\n\n\t\t<\/div>\n\t<\/div>\n<\/div><\/div><\/div><\/div>\n<\/div>","protected":false},"excerpt":{"rendered":"200 gr. Ye\u015fil \u00e7ay yapra\u011f\u0131 ve nane yapra\u011f\u0131 ile g\u00fc\u00e7l\u00fc anti-oksidan etki\u2026 Haz\u0131rlan\u0131\u015f\u0131: French press veya cam demlik potta haz\u0131rlan\u0131r,","protected":false},"featured_media":1299,"template":"","meta":[],"product_cat":[65,57],"product_tag":[],"class_list":{"0":"post-688","1":"product","2":"type-product","3":"status-publish","4":"has-post-thumbnail","6":"product_cat-urunlerimiz","7":"product_cat-bitki-caylari","9":"first","10":"instock","11":"shipping-taxable","12":"product-type-simple"},"yoast_head":"<!-- This site is optimized with the Yoast SEO plugin v23.8 - https:\/\/yoast.com\/wordpress\/plugins\/seo\/ -->\n<title>Naneli Ye\u015fil \u00c7ay - Sweet Heaven Cakes &amp; Coffee<\/title>\n<meta name=\"robots\" content=\"index, follow, max-snippet:-1, max-image-preview:large, max-video-preview:-1\" \/>\n<link rel=\"canonical\" href=\"https:\/\/sweetheaven.com.tr\/en\/naneli-yesil-cay\/\" \/>\n<meta property=\"og:locale\" content=\"en_US\" \/>\n<meta property=\"og:type\" content=\"article\" \/>\n<meta property=\"og:title\" content=\"Naneli Ye\u015fil \u00c7ay - Sweet Heaven Cakes &amp; Coffee\" \/>\n<meta property=\"og:url\" content=\"https:\/\/sweetheaven.com.tr\/en\/naneli-yesil-cay\/\" \/>\n<meta property=\"og:site_name\" content=\"Sweet Heaven Cakes &amp; Coffee\" \/>\n<meta property=\"article:modified_time\" content=\"2023-08-17T14:16:19+00:00\" \/>\n<meta property=\"og:image\" content=\"https:\/\/sweetheaven.com.tr\/wp-content\/uploads\/2023\/03\/naneli-yesil-cay-1.jpg\" \/>\n\t<meta property=\"og:image:width\" content=\"1280\" \/>\n\t<meta property=\"og:image:height\" content=\"770\" \/>\n\t<meta property=\"og:image:type\" content=\"image\/jpeg\" \/>\n<meta name=\"twitter:card\" content=\"summary_large_image\" \/>\n<meta name=\"twitter:label1\" content=\"Est. reading time\" \/>\n\t<meta name=\"twitter:data1\" content=\"1 minute\" \/>\n<script type=\"application\/ld+json\" class=\"yoast-schema-graph\">{\"@context\":\"https:\/\/schema.org\",\"@graph\":[{\"@type\":\"WebPage\",\"@id\":\"https:\/\/sweetheaven.com.tr\/naneli-yesil-cay\/\",\"url\":\"https:\/\/sweetheaven.com.tr\/naneli-yesil-cay\/\",\"name\":\"Naneli Ye\u015fil \u00c7ay - Sweet Heaven Cakes &amp; Coffee\",\"isPartOf\":{\"@id\":\"https:\/\/sweetheaven.com.tr\/#website\"},\"primaryImageOfPage\":{\"@id\":\"https:\/\/sweetheaven.com.tr\/naneli-yesil-cay\/#primaryimage\"},\"image\":{\"@id\":\"https:\/\/sweetheaven.com.tr\/naneli-yesil-cay\/#primaryimage\"},\"thumbnailUrl\":\"https:\/\/sweetheaven.com.tr\/wp-content\/uploads\/2023\/03\/naneli-yesil-cay-1.jpg\",\"datePublished\":\"2023-03-21T13:43:00+00:00\",\"dateModified\":\"2023-08-17T14:16:19+00:00\",\"breadcrumb\":{\"@id\":\"https:\/\/sweetheaven.com.tr\/naneli-yesil-cay\/#breadcrumb\"},\"inLanguage\":\"en-US\",\"potentialAction\":[{\"@type\":\"ReadAction\",\"target\":[\"https:\/\/sweetheaven.com.tr\/naneli-yesil-cay\/\"]}]},{\"@type\":\"ImageObject\",\"inLanguage\":\"en-US\",\"@id\":\"https:\/\/sweetheaven.com.tr\/naneli-yesil-cay\/#primaryimage\",\"url\":\"https:\/\/sweetheaven.com.tr\/wp-content\/uploads\/2023\/03\/naneli-yesil-cay-1.jpg\",\"contentUrl\":\"https:\/\/sweetheaven.com.tr\/wp-content\/uploads\/2023\/03\/naneli-yesil-cay-1.jpg\",\"width\":1280,\"height\":770},{\"@type\":\"BreadcrumbList\",\"@id\":\"https:\/\/sweetheaven.com.tr\/naneli-yesil-cay\/#breadcrumb\",\"itemListElement\":[{\"@type\":\"ListItem\",\"position\":1,\"name\":\"Anasayfa\",\"item\":\"https:\/\/sweetheaven.com.tr\/en\/\"},{\"@type\":\"ListItem\",\"position\":2,\"name\":\"Ma\u011faza\",\"item\":\"https:\/\/sweetheaven.com.tr\/en\/magaza\/\"},{\"@type\":\"ListItem\",\"position\":3,\"name\":\"Naneli Ye\u015fil \u00c7ay\"}]},{\"@type\":\"WebSite\",\"@id\":\"https:\/\/sweetheaven.com.tr\/#website\",\"url\":\"https:\/\/sweetheaven.com.tr\/\",\"name\":\"Sweet Heaven Cakes &amp; Coffee\",\"description\":\"\",\"potentialAction\":[{\"@type\":\"SearchAction\",\"target\":{\"@type\":\"EntryPoint\",\"urlTemplate\":\"https:\/\/sweetheaven.com.tr\/?s={search_term_string}\"},\"query-input\":{\"@type\":\"PropertyValueSpecification\",\"valueRequired\":true,\"valueName\":\"search_term_string\"}}],\"inLanguage\":\"en-US\"}]}<\/script>\n<!-- \/ Yoast SEO plugin. -->","yoast_head_json":{"title":"Naneli Ye\u015fil \u00c7ay - Sweet Heaven Cakes &amp; Coffee","robots":{"index":"index","follow":"follow","max-snippet":"max-snippet:-1","max-image-preview":"max-image-preview:large","max-video-preview":"max-video-preview:-1"},"canonical":"https:\/\/sweetheaven.com.tr\/en\/naneli-yesil-cay\/","og_locale":"en_US","og_type":"article","og_title":"Naneli Ye\u015fil \u00c7ay - Sweet Heaven Cakes &amp; Coffee","og_url":"https:\/\/sweetheaven.com.tr\/en\/naneli-yesil-cay\/","og_site_name":"Sweet Heaven Cakes &amp; Coffee","article_modified_time":"2023-08-17T14:16:19+00:00","og_image":[{"width":1280,"height":770,"url":"https:\/\/sweetheaven.com.tr\/wp-content\/uploads\/2023\/03\/naneli-yesil-cay-1.jpg","type":"image\/jpeg"}],"twitter_card":"summary_large_image","twitter_misc":{"Est. reading time":"1 minute"},"schema":{"@context":"https:\/\/schema.org","@graph":[{"@type":"WebPage","@id":"https:\/\/sweetheaven.com.tr\/naneli-yesil-cay\/","url":"https:\/\/sweetheaven.com.tr\/naneli-yesil-cay\/","name":"Naneli Ye\u015fil \u00c7ay - Sweet Heaven Cakes &amp; Coffee","isPartOf":{"@id":"https:\/\/sweetheaven.com.tr\/#website"},"primaryImageOfPage":{"@id":"https:\/\/sweetheaven.com.tr\/naneli-yesil-cay\/#primaryimage"},"image":{"@id":"https:\/\/sweetheaven.com.tr\/naneli-yesil-cay\/#primaryimage"},"thumbnailUrl":"https:\/\/sweetheaven.com.tr\/wp-content\/uploads\/2023\/03\/naneli-yesil-cay-1.jpg","datePublished":"2023-03-21T13:43:00+00:00","dateModified":"2023-08-17T14:16:19+00:00","breadcrumb":{"@id":"https:\/\/sweetheaven.com.tr\/naneli-yesil-cay\/#breadcrumb"},"inLanguage":"en-US","potentialAction":[{"@type":"ReadAction","target":["https:\/\/sweetheaven.com.tr\/naneli-yesil-cay\/"]}]},{"@type":"ImageObject","inLanguage":"en-US","@id":"https:\/\/sweetheaven.com.tr\/naneli-yesil-cay\/#primaryimage","url":"https:\/\/sweetheaven.com.tr\/wp-content\/uploads\/2023\/03\/naneli-yesil-cay-1.jpg","contentUrl":"https:\/\/sweetheaven.com.tr\/wp-content\/uploads\/2023\/03\/naneli-yesil-cay-1.jpg","width":1280,"height":770},{"@type":"BreadcrumbList","@id":"https:\/\/sweetheaven.com.tr\/naneli-yesil-cay\/#breadcrumb","itemListElement":[{"@type":"ListItem","position":1,"name":"Anasayfa","item":"https:\/\/sweetheaven.com.tr\/en\/"},{"@type":"ListItem","position":2,"name":"Ma\u011faza","item":"https:\/\/sweetheaven.com.tr\/en\/magaza\/"},{"@type":"ListItem","position":3,"name":"Naneli Ye\u015fil \u00c7ay"}]},{"@type":"WebSite","@id":"https:\/\/sweetheaven.com.tr\/#website","url":"https:\/\/sweetheaven.com.tr\/","name":"Sweet Heaven Cakes &amp; Coffee","description":"","potentialAction":[{"@type":"SearchAction","target":{"@type":"EntryPoint","urlTemplate":"https:\/\/sweetheaven.com.tr\/?s={search_term_string}"},"query-input":{"@type":"PropertyValueSpecification","valueRequired":true,"valueName":"search_term_string"}}],"inLanguage":"en-US"}]}},"_links":{"self":[{"href":"https:\/\/sweetheaven.com.tr\/en\/wp-json\/wp\/v2\/product\/688","targetHints":{"allow":["GET"]}}],"collection":[{"href":"https:\/\/sweetheaven.com.tr\/en\/wp-json\/wp\/v2\/product"}],"about":[{"href":"https:\/\/sweetheaven.com.tr\/en\/wp-json\/wp\/v2\/types\/product"}],"wp:featuredmedia":[{"embeddable":true,"href":"https:\/\/sweetheaven.com.tr\/en\/wp-json\/wp\/v2\/media\/1299"}],"wp:attachment":[{"href":"https:\/\/sweetheaven.com.tr\/en\/wp-json\/wp\/v2\/media?parent=688"}],"wp:term":[{"taxonomy":"product_cat","embeddable":true,"href":"https:\/\/sweetheaven.com.tr\/en\/wp-json\/wp\/v2\/product_cat?post=688"},{"taxonomy":"product_tag","embeddable":true,"href":"https:\/\/sweetheaven.com.tr\/en\/wp-json\/wp\/v2\/product_tag?post=688"}],"curies":[{"name":"wp","href":"https:\/\/api.w.org\/{rel}","templated":true}]}}