{"id":647,"date":"2023-03-21T16:26:12","date_gmt":"2023-03-21T13:26:12","guid":{"rendered":"https:\/\/sweetheaven.com.tr\/?post_type=product&#038;p=647"},"modified":"2023-08-18T13:35:44","modified_gmt":"2023-08-18T10:35:44","slug":"karamel","status":"publish","type":"product","link":"https:\/\/sweetheaven.com.tr\/en\/karamel\/","title":{"rendered":"Caramel"},"content":{"rendered":"<div class=\"wpb-content-wrapper\"><div class=\"vc_row wpb_row vc_row-fluid\"><div class=\"wpb_column vc_column_container vc_col-sm-12\"><div class=\"vc_column-inner\"><div class=\"wpb_wrapper\">\n\t<div class=\"wpb_text_column wpb_content_element weight\" >\n\t\t<div class=\"wpb_wrapper\">\n\t\t\t<p>2500 gr.<\/p>\n\n\t\t<\/div>\n\t<\/div>\n\n\t<div class=\"wpb_text_column wpb_content_element\" >\n\t\t<div class=\"wpb_wrapper\">\n\t\t\t<p>You can use it for the best presentations in cafes for your customers or at home.<\/p>\n<p>Sweet Heaven Bar Sauces will be your best assistant to maximize the taste, color and appearance in your presentations with small touches on cakes, cakes, cream, whipped cream, candies, ice creams, hot and cold drinks.<\/p>\n<p>Preparation: The recommended method of use is to add the amount you want to use directly into the product and serve.<\/p>\n\n\t\t<\/div>\n\t<\/div>\n<\/div><\/div><\/div><\/div>\n<\/div>","protected":false},"excerpt":{"rendered":"2500 gr. Kafelerde m\u00fc\u015fterileriniz i\u00e7in veya evinizde en iyi sunumlar i\u00e7in kullanabilirsiniz. Pasta, kek, krema, krem \u015fanti, \u015fekerlemeler, dondurmalar, s\u0131cak","protected":false},"featured_media":1279,"template":"","meta":[],"product_cat":[65,34,45],"product_tag":[],"class_list":{"0":"post-647","1":"product","2":"type-product","3":"status-publish","4":"has-post-thumbnail","6":"product_cat-urunlerimiz","7":"product_cat-icecekler","8":"product_cat-bar-soslari","10":"first","11":"instock","12":"shipping-taxable","13":"product-type-simple"},"yoast_head":"<!-- This site is optimized with the Yoast SEO plugin v23.8 - https:\/\/yoast.com\/wordpress\/plugins\/seo\/ -->\n<title>Karamel - Sweet Heaven Cakes &amp; Coffee<\/title>\n<meta name=\"robots\" content=\"index, follow, max-snippet:-1, max-image-preview:large, max-video-preview:-1\" \/>\n<link rel=\"canonical\" href=\"https:\/\/sweetheaven.com.tr\/en\/karamel\/\" \/>\n<meta property=\"og:locale\" content=\"en_US\" \/>\n<meta property=\"og:type\" content=\"article\" \/>\n<meta property=\"og:title\" content=\"Karamel - Sweet Heaven Cakes &amp; Coffee\" \/>\n<meta property=\"og:url\" content=\"https:\/\/sweetheaven.com.tr\/en\/karamel\/\" \/>\n<meta property=\"og:site_name\" content=\"Sweet Heaven Cakes &amp; Coffee\" \/>\n<meta property=\"article:modified_time\" content=\"2023-08-18T10:35:44+00:00\" \/>\n<meta property=\"og:image\" content=\"https:\/\/sweetheaven.com.tr\/wp-content\/uploads\/2023\/03\/karamel-6.jpg\" \/>\n\t<meta property=\"og:image:width\" content=\"1280\" \/>\n\t<meta property=\"og:image:height\" content=\"770\" \/>\n\t<meta property=\"og:image:type\" content=\"image\/jpeg\" \/>\n<meta name=\"twitter:card\" content=\"summary_large_image\" \/>\n<meta name=\"twitter:label1\" content=\"Est. reading time\" \/>\n\t<meta name=\"twitter:data1\" content=\"1 minute\" \/>\n<script type=\"application\/ld+json\" class=\"yoast-schema-graph\">{\"@context\":\"https:\/\/schema.org\",\"@graph\":[{\"@type\":\"WebPage\",\"@id\":\"https:\/\/sweetheaven.com.tr\/karamel\/\",\"url\":\"https:\/\/sweetheaven.com.tr\/karamel\/\",\"name\":\"Karamel - Sweet Heaven Cakes &amp; Coffee\",\"isPartOf\":{\"@id\":\"https:\/\/sweetheaven.com.tr\/#website\"},\"primaryImageOfPage\":{\"@id\":\"https:\/\/sweetheaven.com.tr\/karamel\/#primaryimage\"},\"image\":{\"@id\":\"https:\/\/sweetheaven.com.tr\/karamel\/#primaryimage\"},\"thumbnailUrl\":\"https:\/\/sweetheaven.com.tr\/wp-content\/uploads\/2023\/03\/karamel-6.jpg\",\"datePublished\":\"2023-03-21T13:26:12+00:00\",\"dateModified\":\"2023-08-18T10:35:44+00:00\",\"breadcrumb\":{\"@id\":\"https:\/\/sweetheaven.com.tr\/karamel\/#breadcrumb\"},\"inLanguage\":\"en-US\",\"potentialAction\":[{\"@type\":\"ReadAction\",\"target\":[\"https:\/\/sweetheaven.com.tr\/karamel\/\"]}]},{\"@type\":\"ImageObject\",\"inLanguage\":\"en-US\",\"@id\":\"https:\/\/sweetheaven.com.tr\/karamel\/#primaryimage\",\"url\":\"https:\/\/sweetheaven.com.tr\/wp-content\/uploads\/2023\/03\/karamel-6.jpg\",\"contentUrl\":\"https:\/\/sweetheaven.com.tr\/wp-content\/uploads\/2023\/03\/karamel-6.jpg\",\"width\":1280,\"height\":770},{\"@type\":\"BreadcrumbList\",\"@id\":\"https:\/\/sweetheaven.com.tr\/karamel\/#breadcrumb\",\"itemListElement\":[{\"@type\":\"ListItem\",\"position\":1,\"name\":\"Anasayfa\",\"item\":\"https:\/\/sweetheaven.com.tr\/en\/\"},{\"@type\":\"ListItem\",\"position\":2,\"name\":\"Ma\u011faza\",\"item\":\"https:\/\/sweetheaven.com.tr\/en\/magaza\/\"},{\"@type\":\"ListItem\",\"position\":3,\"name\":\"Karamel\"}]},{\"@type\":\"WebSite\",\"@id\":\"https:\/\/sweetheaven.com.tr\/#website\",\"url\":\"https:\/\/sweetheaven.com.tr\/\",\"name\":\"Sweet Heaven Cakes &amp; Coffee\",\"description\":\"\",\"potentialAction\":[{\"@type\":\"SearchAction\",\"target\":{\"@type\":\"EntryPoint\",\"urlTemplate\":\"https:\/\/sweetheaven.com.tr\/?s={search_term_string}\"},\"query-input\":{\"@type\":\"PropertyValueSpecification\",\"valueRequired\":true,\"valueName\":\"search_term_string\"}}],\"inLanguage\":\"en-US\"}]}<\/script>\n<!-- \/ Yoast SEO plugin. -->","yoast_head_json":{"title":"Karamel - Sweet Heaven Cakes &amp; Coffee","robots":{"index":"index","follow":"follow","max-snippet":"max-snippet:-1","max-image-preview":"max-image-preview:large","max-video-preview":"max-video-preview:-1"},"canonical":"https:\/\/sweetheaven.com.tr\/en\/karamel\/","og_locale":"en_US","og_type":"article","og_title":"Karamel - Sweet Heaven Cakes &amp; Coffee","og_url":"https:\/\/sweetheaven.com.tr\/en\/karamel\/","og_site_name":"Sweet Heaven Cakes &amp; Coffee","article_modified_time":"2023-08-18T10:35:44+00:00","og_image":[{"width":1280,"height":770,"url":"https:\/\/sweetheaven.com.tr\/wp-content\/uploads\/2023\/03\/karamel-6.jpg","type":"image\/jpeg"}],"twitter_card":"summary_large_image","twitter_misc":{"Est. reading time":"1 minute"},"schema":{"@context":"https:\/\/schema.org","@graph":[{"@type":"WebPage","@id":"https:\/\/sweetheaven.com.tr\/karamel\/","url":"https:\/\/sweetheaven.com.tr\/karamel\/","name":"Karamel - Sweet Heaven Cakes &amp; Coffee","isPartOf":{"@id":"https:\/\/sweetheaven.com.tr\/#website"},"primaryImageOfPage":{"@id":"https:\/\/sweetheaven.com.tr\/karamel\/#primaryimage"},"image":{"@id":"https:\/\/sweetheaven.com.tr\/karamel\/#primaryimage"},"thumbnailUrl":"https:\/\/sweetheaven.com.tr\/wp-content\/uploads\/2023\/03\/karamel-6.jpg","datePublished":"2023-03-21T13:26:12+00:00","dateModified":"2023-08-18T10:35:44+00:00","breadcrumb":{"@id":"https:\/\/sweetheaven.com.tr\/karamel\/#breadcrumb"},"inLanguage":"en-US","potentialAction":[{"@type":"ReadAction","target":["https:\/\/sweetheaven.com.tr\/karamel\/"]}]},{"@type":"ImageObject","inLanguage":"en-US","@id":"https:\/\/sweetheaven.com.tr\/karamel\/#primaryimage","url":"https:\/\/sweetheaven.com.tr\/wp-content\/uploads\/2023\/03\/karamel-6.jpg","contentUrl":"https:\/\/sweetheaven.com.tr\/wp-content\/uploads\/2023\/03\/karamel-6.jpg","width":1280,"height":770},{"@type":"BreadcrumbList","@id":"https:\/\/sweetheaven.com.tr\/karamel\/#breadcrumb","itemListElement":[{"@type":"ListItem","position":1,"name":"Anasayfa","item":"https:\/\/sweetheaven.com.tr\/en\/"},{"@type":"ListItem","position":2,"name":"Ma\u011faza","item":"https:\/\/sweetheaven.com.tr\/en\/magaza\/"},{"@type":"ListItem","position":3,"name":"Karamel"}]},{"@type":"WebSite","@id":"https:\/\/sweetheaven.com.tr\/#website","url":"https:\/\/sweetheaven.com.tr\/","name":"Sweet Heaven Cakes &amp; Coffee","description":"","potentialAction":[{"@type":"SearchAction","target":{"@type":"EntryPoint","urlTemplate":"https:\/\/sweetheaven.com.tr\/?s={search_term_string}"},"query-input":{"@type":"PropertyValueSpecification","valueRequired":true,"valueName":"search_term_string"}}],"inLanguage":"en-US"}]}},"_links":{"self":[{"href":"https:\/\/sweetheaven.com.tr\/en\/wp-json\/wp\/v2\/product\/647","targetHints":{"allow":["GET"]}}],"collection":[{"href":"https:\/\/sweetheaven.com.tr\/en\/wp-json\/wp\/v2\/product"}],"about":[{"href":"https:\/\/sweetheaven.com.tr\/en\/wp-json\/wp\/v2\/types\/product"}],"wp:featuredmedia":[{"embeddable":true,"href":"https:\/\/sweetheaven.com.tr\/en\/wp-json\/wp\/v2\/media\/1279"}],"wp:attachment":[{"href":"https:\/\/sweetheaven.com.tr\/en\/wp-json\/wp\/v2\/media?parent=647"}],"wp:term":[{"taxonomy":"product_cat","embeddable":true,"href":"https:\/\/sweetheaven.com.tr\/en\/wp-json\/wp\/v2\/product_cat?post=647"},{"taxonomy":"product_tag","embeddable":true,"href":"https:\/\/sweetheaven.com.tr\/en\/wp-json\/wp\/v2\/product_tag?post=647"}],"curies":[{"name":"wp","href":"https:\/\/api.w.org\/{rel}","templated":true}]}}