{"id":603,"date":"2023-03-21T13:09:25","date_gmt":"2023-03-21T10:09:25","guid":{"rendered":"https:\/\/sweetheaven.com.tr\/?post_type=product&#038;p=603"},"modified":"2023-04-21T08:40:33","modified_gmt":"2023-04-21T05:40:33","slug":"glutensiz-frambuazli-kup","status":"publish","type":"product","link":"https:\/\/sweetheaven.com.tr\/en\/glutensiz-frambuazli-kup\/","title":{"rendered":"Gluten-Free Raspberry Cup"},"content":{"rendered":"<div class=\"wpb-content-wrapper\"><div class=\"vc_row wpb_row vc_row-fluid\"><div class=\"wpb_column vc_column_container vc_col-sm-12\"><div class=\"vc_column-inner\"><div class=\"wpb_wrapper\">\n\t<div class=\"wpb_text_column wpb_content_element\" id=\"custom-description\">\n\t\t<div class=\"wpb_wrapper\">\n\t\t\t<p>\"Gluten-free vanilla cake, gluten-free white chocolate mousse, raspberry pieces...\u201d<\/p>\n\n\t\t<\/div>\n\t<\/div>\n\n\t<div class=\"wpb_text_column wpb_content_element weight\" >\n\t\t<div class=\"wpb_wrapper\">\n\t\t\t<p>810 gr.<\/p>\n\n\t\t<\/div>\n\t<\/div>\n\n\t<div class=\"wpb_raw_code wpb_raw_html wpb_content_element tables\" >\n\t\t<div class=\"wpb_wrapper\">\n\t\t\t<table class=\"custom-desc\">\n    <tr>\n        <td colspan=\"3\">Product Details<\/td>\n    <\/tr>\n    <tr>\n        <td>Number Of Cups<\/td>\n        <td>Weight<\/td>\n        <td>Portion Weight<\/td>\n    <\/tr>\n    <tr class=\"properties\">\n        <td><span>9<\/span><span>pieces<\/span><\/td>\n        <td><span>810 gr.<\/span><span>\u00b1 5 gr.<\/span><\/td>\n        <td><span>90 gr.<\/span><span>\u00b1 5 gr.<\/span><\/td>\n    <\/tr>\n<\/table>\n\n<table class=\"custom-desc\">\n    <tr>\n        <td colspan=\"3\">Storage Conditions<\/td>\n    <\/tr>\n    <tr>\n        <td>Storage Time<\/td>\n        <td>Thaw Time<\/td>\n        <td>Duration<\/td>\n    <\/tr>\n    <tr class=\"properties\">\n        <td><span>at -18 \u00b0C<\/span><span>12 months<\/span><\/td>\n        <td><span>at +4 \u00b0C<\/span><span>3-3.5 hours<\/span><\/td>\n        <td><span>at +4 \u00b0C<\/span><span>3 or 4 days<\/span><\/td>\n    <\/tr>\n<\/table>\n\t\t<\/div>\n\t<\/div>\n<\/div><\/div><\/div><\/div>\n<\/div>","protected":false},"excerpt":{"rendered":"\u2018\u2019Glutensiz vanilyal\u0131 kek, glutensiz beyaz \u00e7ikolatal\u0131 muss, frambuaz par\u00e7alar\u0131...\u201d 810 gr. \u00dcr\u00fcn Detaylar\u0131 Kup Adeti A\u011f\u0131rl\u0131k Porsiyon Gramaj 9adet 810","protected":false},"featured_media":947,"template":"","meta":[],"product_cat":[65,33,40,66,68],"product_tag":[31],"class_list":{"0":"post-603","1":"product","2":"type-product","3":"status-publish","4":"has-post-thumbnail","6":"product_cat-urunlerimiz","7":"product_cat-pastalar","8":"product_cat-kuplar","9":"product_cat-glutensiz-vegan-urunler","10":"product_cat-glutensiz","11":"product_tag-glutensiz","13":"first","14":"instock","15":"shipping-taxable","16":"product-type-simple"},"yoast_head":"<!-- This site is optimized with the Yoast SEO plugin v23.8 - https:\/\/yoast.com\/wordpress\/plugins\/seo\/ -->\n<title>Glutensiz Frambuazl\u0131 Kup - Sweet Heaven Cakes &amp; Coffee<\/title>\n<meta name=\"robots\" content=\"index, follow, max-snippet:-1, max-image-preview:large, max-video-preview:-1\" \/>\n<link rel=\"canonical\" href=\"https:\/\/sweetheaven.com.tr\/en\/glutensiz-frambuazli-kup\/\" \/>\n<meta property=\"og:locale\" content=\"en_US\" \/>\n<meta property=\"og:type\" content=\"article\" \/>\n<meta property=\"og:title\" content=\"Glutensiz Frambuazl\u0131 Kup - Sweet Heaven Cakes &amp; Coffee\" \/>\n<meta property=\"og:url\" content=\"https:\/\/sweetheaven.com.tr\/en\/glutensiz-frambuazli-kup\/\" \/>\n<meta property=\"og:site_name\" content=\"Sweet Heaven Cakes &amp; Coffee\" \/>\n<meta property=\"article:modified_time\" content=\"2023-04-21T05:40:33+00:00\" \/>\n<meta property=\"og:image\" content=\"https:\/\/sweetheaven.com.tr\/wp-content\/uploads\/2023\/03\/glutensiz-frambuaz-kup-1.jpg\" \/>\n\t<meta property=\"og:image:width\" content=\"1000\" \/>\n\t<meta property=\"og:image:height\" content=\"602\" \/>\n\t<meta property=\"og:image:type\" content=\"image\/jpeg\" \/>\n<meta name=\"twitter:card\" content=\"summary_large_image\" \/>\n<meta name=\"twitter:label1\" content=\"Est. reading time\" \/>\n\t<meta name=\"twitter:data1\" content=\"1 minute\" \/>\n<script type=\"application\/ld+json\" class=\"yoast-schema-graph\">{\"@context\":\"https:\/\/schema.org\",\"@graph\":[{\"@type\":\"WebPage\",\"@id\":\"https:\/\/sweetheaven.com.tr\/en\/glutensiz-frambuazli-kup\/\",\"url\":\"https:\/\/sweetheaven.com.tr\/en\/glutensiz-frambuazli-kup\/\",\"name\":\"Glutensiz Frambuazl\u0131 Kup - Sweet Heaven Cakes &amp; Coffee\",\"isPartOf\":{\"@id\":\"https:\/\/sweetheaven.com.tr\/#website\"},\"primaryImageOfPage\":{\"@id\":\"https:\/\/sweetheaven.com.tr\/en\/glutensiz-frambuazli-kup\/#primaryimage\"},\"image\":{\"@id\":\"https:\/\/sweetheaven.com.tr\/en\/glutensiz-frambuazli-kup\/#primaryimage\"},\"thumbnailUrl\":\"https:\/\/sweetheaven.com.tr\/wp-content\/uploads\/2023\/03\/glutensiz-frambuaz-kup-1.jpg\",\"datePublished\":\"2023-03-21T10:09:25+00:00\",\"dateModified\":\"2023-04-21T05:40:33+00:00\",\"breadcrumb\":{\"@id\":\"https:\/\/sweetheaven.com.tr\/en\/glutensiz-frambuazli-kup\/#breadcrumb\"},\"inLanguage\":\"en-US\",\"potentialAction\":[{\"@type\":\"ReadAction\",\"target\":[\"https:\/\/sweetheaven.com.tr\/en\/glutensiz-frambuazli-kup\/\"]}]},{\"@type\":\"ImageObject\",\"inLanguage\":\"en-US\",\"@id\":\"https:\/\/sweetheaven.com.tr\/en\/glutensiz-frambuazli-kup\/#primaryimage\",\"url\":\"https:\/\/sweetheaven.com.tr\/wp-content\/uploads\/2023\/03\/glutensiz-frambuaz-kup-1.jpg\",\"contentUrl\":\"https:\/\/sweetheaven.com.tr\/wp-content\/uploads\/2023\/03\/glutensiz-frambuaz-kup-1.jpg\",\"width\":1000,\"height\":602},{\"@type\":\"BreadcrumbList\",\"@id\":\"https:\/\/sweetheaven.com.tr\/en\/glutensiz-frambuazli-kup\/#breadcrumb\",\"itemListElement\":[{\"@type\":\"ListItem\",\"position\":1,\"name\":\"Anasayfa\",\"item\":\"https:\/\/sweetheaven.com.tr\/en\/\"},{\"@type\":\"ListItem\",\"position\":2,\"name\":\"Ma\u011faza\",\"item\":\"https:\/\/sweetheaven.com.tr\/en\/magaza\/\"},{\"@type\":\"ListItem\",\"position\":3,\"name\":\"Glutensiz Frambuazl\u0131 Kup\"}]},{\"@type\":\"WebSite\",\"@id\":\"https:\/\/sweetheaven.com.tr\/#website\",\"url\":\"https:\/\/sweetheaven.com.tr\/\",\"name\":\"Sweet Heaven Cakes &amp; Coffee\",\"description\":\"\",\"potentialAction\":[{\"@type\":\"SearchAction\",\"target\":{\"@type\":\"EntryPoint\",\"urlTemplate\":\"https:\/\/sweetheaven.com.tr\/?s={search_term_string}\"},\"query-input\":{\"@type\":\"PropertyValueSpecification\",\"valueRequired\":true,\"valueName\":\"search_term_string\"}}],\"inLanguage\":\"en-US\"}]}<\/script>\n<!-- \/ Yoast SEO plugin. -->","yoast_head_json":{"title":"Glutensiz Frambuazl\u0131 Kup - Sweet Heaven Cakes &amp; Coffee","robots":{"index":"index","follow":"follow","max-snippet":"max-snippet:-1","max-image-preview":"max-image-preview:large","max-video-preview":"max-video-preview:-1"},"canonical":"https:\/\/sweetheaven.com.tr\/en\/glutensiz-frambuazli-kup\/","og_locale":"en_US","og_type":"article","og_title":"Glutensiz Frambuazl\u0131 Kup - Sweet Heaven Cakes &amp; Coffee","og_url":"https:\/\/sweetheaven.com.tr\/en\/glutensiz-frambuazli-kup\/","og_site_name":"Sweet Heaven Cakes &amp; Coffee","article_modified_time":"2023-04-21T05:40:33+00:00","og_image":[{"width":1000,"height":602,"url":"https:\/\/sweetheaven.com.tr\/wp-content\/uploads\/2023\/03\/glutensiz-frambuaz-kup-1.jpg","type":"image\/jpeg"}],"twitter_card":"summary_large_image","twitter_misc":{"Est. reading time":"1 minute"},"schema":{"@context":"https:\/\/schema.org","@graph":[{"@type":"WebPage","@id":"https:\/\/sweetheaven.com.tr\/en\/glutensiz-frambuazli-kup\/","url":"https:\/\/sweetheaven.com.tr\/en\/glutensiz-frambuazli-kup\/","name":"Glutensiz Frambuazl\u0131 Kup - Sweet Heaven Cakes &amp; Coffee","isPartOf":{"@id":"https:\/\/sweetheaven.com.tr\/#website"},"primaryImageOfPage":{"@id":"https:\/\/sweetheaven.com.tr\/en\/glutensiz-frambuazli-kup\/#primaryimage"},"image":{"@id":"https:\/\/sweetheaven.com.tr\/en\/glutensiz-frambuazli-kup\/#primaryimage"},"thumbnailUrl":"https:\/\/sweetheaven.com.tr\/wp-content\/uploads\/2023\/03\/glutensiz-frambuaz-kup-1.jpg","datePublished":"2023-03-21T10:09:25+00:00","dateModified":"2023-04-21T05:40:33+00:00","breadcrumb":{"@id":"https:\/\/sweetheaven.com.tr\/en\/glutensiz-frambuazli-kup\/#breadcrumb"},"inLanguage":"en-US","potentialAction":[{"@type":"ReadAction","target":["https:\/\/sweetheaven.com.tr\/en\/glutensiz-frambuazli-kup\/"]}]},{"@type":"ImageObject","inLanguage":"en-US","@id":"https:\/\/sweetheaven.com.tr\/en\/glutensiz-frambuazli-kup\/#primaryimage","url":"https:\/\/sweetheaven.com.tr\/wp-content\/uploads\/2023\/03\/glutensiz-frambuaz-kup-1.jpg","contentUrl":"https:\/\/sweetheaven.com.tr\/wp-content\/uploads\/2023\/03\/glutensiz-frambuaz-kup-1.jpg","width":1000,"height":602},{"@type":"BreadcrumbList","@id":"https:\/\/sweetheaven.com.tr\/en\/glutensiz-frambuazli-kup\/#breadcrumb","itemListElement":[{"@type":"ListItem","position":1,"name":"Anasayfa","item":"https:\/\/sweetheaven.com.tr\/en\/"},{"@type":"ListItem","position":2,"name":"Ma\u011faza","item":"https:\/\/sweetheaven.com.tr\/en\/magaza\/"},{"@type":"ListItem","position":3,"name":"Glutensiz Frambuazl\u0131 Kup"}]},{"@type":"WebSite","@id":"https:\/\/sweetheaven.com.tr\/#website","url":"https:\/\/sweetheaven.com.tr\/","name":"Sweet Heaven Cakes &amp; Coffee","description":"","potentialAction":[{"@type":"SearchAction","target":{"@type":"EntryPoint","urlTemplate":"https:\/\/sweetheaven.com.tr\/?s={search_term_string}"},"query-input":{"@type":"PropertyValueSpecification","valueRequired":true,"valueName":"search_term_string"}}],"inLanguage":"en-US"}]}},"_links":{"self":[{"href":"https:\/\/sweetheaven.com.tr\/en\/wp-json\/wp\/v2\/product\/603","targetHints":{"allow":["GET"]}}],"collection":[{"href":"https:\/\/sweetheaven.com.tr\/en\/wp-json\/wp\/v2\/product"}],"about":[{"href":"https:\/\/sweetheaven.com.tr\/en\/wp-json\/wp\/v2\/types\/product"}],"wp:featuredmedia":[{"embeddable":true,"href":"https:\/\/sweetheaven.com.tr\/en\/wp-json\/wp\/v2\/media\/947"}],"wp:attachment":[{"href":"https:\/\/sweetheaven.com.tr\/en\/wp-json\/wp\/v2\/media?parent=603"}],"wp:term":[{"taxonomy":"product_cat","embeddable":true,"href":"https:\/\/sweetheaven.com.tr\/en\/wp-json\/wp\/v2\/product_cat?post=603"},{"taxonomy":"product_tag","embeddable":true,"href":"https:\/\/sweetheaven.com.tr\/en\/wp-json\/wp\/v2\/product_tag?post=603"}],"curies":[{"name":"wp","href":"https:\/\/api.w.org\/{rel}","templated":true}]}}