{"id":1465,"date":"2023-03-27T13:39:18","date_gmt":"2023-03-27T10:39:18","guid":{"rendered":"https:\/\/sweetheaven.com.tr\/?post_type=product&#038;p=1465"},"modified":"2023-04-19T06:38:31","modified_gmt":"2023-04-19T03:38:31","slug":"glutensiz-beyaz-cikolata-kremali-kurabiye","status":"publish","type":"product","link":"https:\/\/sweetheaven.com.tr\/en\/glutensiz-beyaz-cikolata-kremali-kurabiye\/","title":{"rendered":"Gluten-Free White Chocolate Cream Cookies"},"content":{"rendered":"<div class=\"wpb-content-wrapper\"><div class=\"vc_row wpb_row vc_row-fluid\"><div class=\"wpb_column vc_column_container vc_col-sm-12\"><div class=\"vc_column-inner\"><div class=\"wpb_wrapper\">\n\t<div class=\"wpb_text_column wpb_content_element\" id=\"custom-description\">\n\t\t<div class=\"wpb_wrapper\">\n\t\t\t<p>\"Gluten-free coconut thin biscuit white chocolate hazelnut filling cream...\u201d<\/p>\n\n\t\t<\/div>\n\t<\/div>\n\n\t<div class=\"wpb_text_column wpb_content_element weight\" >\n\t\t<div class=\"wpb_wrapper\">\n\t\t\t<p>100 gr.<\/p>\n\n\t\t<\/div>\n\t<\/div>\n\n\t<div class=\"wpb_raw_code wpb_raw_html wpb_content_element tables\" >\n\t\t<div class=\"wpb_wrapper\">\n\t\t\t<table class=\"custom-desc\">\n    <tr>\n        <td colspan=\"3\">Product Details<\/td>\n    <\/tr>\n    <tr>\n        <td>Quantity In  A Box<\/td>\n        <td>Weight<\/td>\n        <td>Portion Weight<\/td>\n    <\/tr>\n    <tr class=\"properties\">\n        <td><span>20<\/span><span>pieces<\/span><\/td>\n        <td><span>100 gr.<\/span><span>\u00b1 5 gr.<\/span><\/td>\n        <td><span>100 gr.<\/span><span>\u00b1 5 gr.<\/span><\/td>\n    <\/tr>\n<\/table>\n\n\n\t\t<\/div>\n\t<\/div>\n<\/div><\/div><\/div><\/div>\n<\/div>","protected":false},"excerpt":{"rendered":"\u2018\u2019Glutensiz hindistan cevizli ince bisk\u00fcvi beyaz \u00e7ikolatal\u0131 f\u0131nd\u0131kl\u0131 dolgu kremas\u0131...\u201d 100 gr. \u00dcr\u00fcn Detaylar\u0131 Koli \u0130\u00e7i Adedi A\u011f\u0131rl\u0131k Porsiyon Gramaj","protected":false},"featured_media":1466,"template":"","meta":[],"product_cat":[65,33,66,68,41],"product_tag":[31],"class_list":{"0":"post-1465","1":"product","2":"type-product","3":"status-publish","4":"has-post-thumbnail","6":"product_cat-urunlerimiz","7":"product_cat-pastalar","8":"product_cat-glutensiz-vegan-urunler","9":"product_cat-glutensiz","10":"product_cat-kurabiye-kekler","11":"product_tag-glutensiz","13":"first","14":"instock","15":"shipping-taxable","16":"product-type-simple"},"yoast_head":"<!-- This site is optimized with the Yoast SEO plugin v23.8 - https:\/\/yoast.com\/wordpress\/plugins\/seo\/ -->\n<title>Glutensiz Beyaz \u00c7ikolata Kremal\u0131 Kurabiye - Sweet Heaven Cakes &amp; Coffee<\/title>\n<meta name=\"robots\" content=\"index, follow, max-snippet:-1, max-image-preview:large, max-video-preview:-1\" \/>\n<link rel=\"canonical\" href=\"https:\/\/sweetheaven.com.tr\/en\/glutensiz-beyaz-cikolata-kremali-kurabiye\/\" \/>\n<meta property=\"og:locale\" content=\"en_US\" \/>\n<meta property=\"og:type\" content=\"article\" \/>\n<meta property=\"og:title\" content=\"Glutensiz Beyaz \u00c7ikolata Kremal\u0131 Kurabiye - Sweet Heaven Cakes &amp; Coffee\" \/>\n<meta property=\"og:url\" content=\"https:\/\/sweetheaven.com.tr\/en\/glutensiz-beyaz-cikolata-kremali-kurabiye\/\" \/>\n<meta property=\"og:site_name\" content=\"Sweet Heaven Cakes &amp; Coffee\" \/>\n<meta property=\"article:modified_time\" content=\"2023-04-19T03:38:31+00:00\" \/>\n<meta property=\"og:image\" content=\"https:\/\/sweetheaven.com.tr\/wp-content\/uploads\/2023\/03\/glutensiz.jpg\" \/>\n\t<meta property=\"og:image:width\" content=\"1000\" \/>\n\t<meta property=\"og:image:height\" content=\"602\" \/>\n\t<meta property=\"og:image:type\" content=\"image\/jpeg\" \/>\n<meta name=\"twitter:card\" content=\"summary_large_image\" \/>\n<meta name=\"twitter:label1\" content=\"Est. reading time\" \/>\n\t<meta name=\"twitter:data1\" content=\"1 minute\" \/>\n<script type=\"application\/ld+json\" class=\"yoast-schema-graph\">{\"@context\":\"https:\/\/schema.org\",\"@graph\":[{\"@type\":\"WebPage\",\"@id\":\"https:\/\/sweetheaven.com.tr\/en\/glutensiz-beyaz-cikolata-kremali-kurabiye\/\",\"url\":\"https:\/\/sweetheaven.com.tr\/en\/glutensiz-beyaz-cikolata-kremali-kurabiye\/\",\"name\":\"Glutensiz Beyaz \u00c7ikolata Kremal\u0131 Kurabiye - Sweet Heaven Cakes &amp; Coffee\",\"isPartOf\":{\"@id\":\"https:\/\/sweetheaven.com.tr\/#website\"},\"primaryImageOfPage\":{\"@id\":\"https:\/\/sweetheaven.com.tr\/en\/glutensiz-beyaz-cikolata-kremali-kurabiye\/#primaryimage\"},\"image\":{\"@id\":\"https:\/\/sweetheaven.com.tr\/en\/glutensiz-beyaz-cikolata-kremali-kurabiye\/#primaryimage\"},\"thumbnailUrl\":\"https:\/\/sweetheaven.com.tr\/wp-content\/uploads\/2023\/03\/glutensiz.jpg\",\"datePublished\":\"2023-03-27T10:39:18+00:00\",\"dateModified\":\"2023-04-19T03:38:31+00:00\",\"breadcrumb\":{\"@id\":\"https:\/\/sweetheaven.com.tr\/en\/glutensiz-beyaz-cikolata-kremali-kurabiye\/#breadcrumb\"},\"inLanguage\":\"en-US\",\"potentialAction\":[{\"@type\":\"ReadAction\",\"target\":[\"https:\/\/sweetheaven.com.tr\/en\/glutensiz-beyaz-cikolata-kremali-kurabiye\/\"]}]},{\"@type\":\"ImageObject\",\"inLanguage\":\"en-US\",\"@id\":\"https:\/\/sweetheaven.com.tr\/en\/glutensiz-beyaz-cikolata-kremali-kurabiye\/#primaryimage\",\"url\":\"https:\/\/sweetheaven.com.tr\/wp-content\/uploads\/2023\/03\/glutensiz.jpg\",\"contentUrl\":\"https:\/\/sweetheaven.com.tr\/wp-content\/uploads\/2023\/03\/glutensiz.jpg\",\"width\":1000,\"height\":602},{\"@type\":\"BreadcrumbList\",\"@id\":\"https:\/\/sweetheaven.com.tr\/en\/glutensiz-beyaz-cikolata-kremali-kurabiye\/#breadcrumb\",\"itemListElement\":[{\"@type\":\"ListItem\",\"position\":1,\"name\":\"Anasayfa\",\"item\":\"https:\/\/sweetheaven.com.tr\/en\/\"},{\"@type\":\"ListItem\",\"position\":2,\"name\":\"Ma\u011faza\",\"item\":\"https:\/\/sweetheaven.com.tr\/en\/magaza\/\"},{\"@type\":\"ListItem\",\"position\":3,\"name\":\"Glutensiz Beyaz \u00c7ikolata Kremal\u0131 Kurabiye\"}]},{\"@type\":\"WebSite\",\"@id\":\"https:\/\/sweetheaven.com.tr\/#website\",\"url\":\"https:\/\/sweetheaven.com.tr\/\",\"name\":\"Sweet Heaven Cakes &amp; Coffee\",\"description\":\"\",\"potentialAction\":[{\"@type\":\"SearchAction\",\"target\":{\"@type\":\"EntryPoint\",\"urlTemplate\":\"https:\/\/sweetheaven.com.tr\/?s={search_term_string}\"},\"query-input\":{\"@type\":\"PropertyValueSpecification\",\"valueRequired\":true,\"valueName\":\"search_term_string\"}}],\"inLanguage\":\"en-US\"}]}<\/script>\n<!-- \/ Yoast SEO plugin. -->","yoast_head_json":{"title":"Glutensiz Beyaz \u00c7ikolata Kremal\u0131 Kurabiye - Sweet Heaven Cakes &amp; Coffee","robots":{"index":"index","follow":"follow","max-snippet":"max-snippet:-1","max-image-preview":"max-image-preview:large","max-video-preview":"max-video-preview:-1"},"canonical":"https:\/\/sweetheaven.com.tr\/en\/glutensiz-beyaz-cikolata-kremali-kurabiye\/","og_locale":"en_US","og_type":"article","og_title":"Glutensiz Beyaz \u00c7ikolata Kremal\u0131 Kurabiye - Sweet Heaven Cakes &amp; Coffee","og_url":"https:\/\/sweetheaven.com.tr\/en\/glutensiz-beyaz-cikolata-kremali-kurabiye\/","og_site_name":"Sweet Heaven Cakes &amp; Coffee","article_modified_time":"2023-04-19T03:38:31+00:00","og_image":[{"width":1000,"height":602,"url":"https:\/\/sweetheaven.com.tr\/wp-content\/uploads\/2023\/03\/glutensiz.jpg","type":"image\/jpeg"}],"twitter_card":"summary_large_image","twitter_misc":{"Est. reading time":"1 minute"},"schema":{"@context":"https:\/\/schema.org","@graph":[{"@type":"WebPage","@id":"https:\/\/sweetheaven.com.tr\/en\/glutensiz-beyaz-cikolata-kremali-kurabiye\/","url":"https:\/\/sweetheaven.com.tr\/en\/glutensiz-beyaz-cikolata-kremali-kurabiye\/","name":"Glutensiz Beyaz \u00c7ikolata Kremal\u0131 Kurabiye - Sweet Heaven Cakes &amp; Coffee","isPartOf":{"@id":"https:\/\/sweetheaven.com.tr\/#website"},"primaryImageOfPage":{"@id":"https:\/\/sweetheaven.com.tr\/en\/glutensiz-beyaz-cikolata-kremali-kurabiye\/#primaryimage"},"image":{"@id":"https:\/\/sweetheaven.com.tr\/en\/glutensiz-beyaz-cikolata-kremali-kurabiye\/#primaryimage"},"thumbnailUrl":"https:\/\/sweetheaven.com.tr\/wp-content\/uploads\/2023\/03\/glutensiz.jpg","datePublished":"2023-03-27T10:39:18+00:00","dateModified":"2023-04-19T03:38:31+00:00","breadcrumb":{"@id":"https:\/\/sweetheaven.com.tr\/en\/glutensiz-beyaz-cikolata-kremali-kurabiye\/#breadcrumb"},"inLanguage":"en-US","potentialAction":[{"@type":"ReadAction","target":["https:\/\/sweetheaven.com.tr\/en\/glutensiz-beyaz-cikolata-kremali-kurabiye\/"]}]},{"@type":"ImageObject","inLanguage":"en-US","@id":"https:\/\/sweetheaven.com.tr\/en\/glutensiz-beyaz-cikolata-kremali-kurabiye\/#primaryimage","url":"https:\/\/sweetheaven.com.tr\/wp-content\/uploads\/2023\/03\/glutensiz.jpg","contentUrl":"https:\/\/sweetheaven.com.tr\/wp-content\/uploads\/2023\/03\/glutensiz.jpg","width":1000,"height":602},{"@type":"BreadcrumbList","@id":"https:\/\/sweetheaven.com.tr\/en\/glutensiz-beyaz-cikolata-kremali-kurabiye\/#breadcrumb","itemListElement":[{"@type":"ListItem","position":1,"name":"Anasayfa","item":"https:\/\/sweetheaven.com.tr\/en\/"},{"@type":"ListItem","position":2,"name":"Ma\u011faza","item":"https:\/\/sweetheaven.com.tr\/en\/magaza\/"},{"@type":"ListItem","position":3,"name":"Glutensiz Beyaz \u00c7ikolata Kremal\u0131 Kurabiye"}]},{"@type":"WebSite","@id":"https:\/\/sweetheaven.com.tr\/#website","url":"https:\/\/sweetheaven.com.tr\/","name":"Sweet Heaven Cakes &amp; Coffee","description":"","potentialAction":[{"@type":"SearchAction","target":{"@type":"EntryPoint","urlTemplate":"https:\/\/sweetheaven.com.tr\/?s={search_term_string}"},"query-input":{"@type":"PropertyValueSpecification","valueRequired":true,"valueName":"search_term_string"}}],"inLanguage":"en-US"}]}},"_links":{"self":[{"href":"https:\/\/sweetheaven.com.tr\/en\/wp-json\/wp\/v2\/product\/1465","targetHints":{"allow":["GET"]}}],"collection":[{"href":"https:\/\/sweetheaven.com.tr\/en\/wp-json\/wp\/v2\/product"}],"about":[{"href":"https:\/\/sweetheaven.com.tr\/en\/wp-json\/wp\/v2\/types\/product"}],"wp:featuredmedia":[{"embeddable":true,"href":"https:\/\/sweetheaven.com.tr\/en\/wp-json\/wp\/v2\/media\/1466"}],"wp:attachment":[{"href":"https:\/\/sweetheaven.com.tr\/en\/wp-json\/wp\/v2\/media?parent=1465"}],"wp:term":[{"taxonomy":"product_cat","embeddable":true,"href":"https:\/\/sweetheaven.com.tr\/en\/wp-json\/wp\/v2\/product_cat?post=1465"},{"taxonomy":"product_tag","embeddable":true,"href":"https:\/\/sweetheaven.com.tr\/en\/wp-json\/wp\/v2\/product_tag?post=1465"}],"curies":[{"name":"wp","href":"https:\/\/api.w.org\/{rel}","templated":true}]}}