{"id":513,"date":"2023-03-21T11:46:13","date_gmt":"2023-03-21T08:46:13","guid":{"rendered":"https:\/\/sweetheaven.com.tr\/?page_id=513"},"modified":"2025-05-02T18:16:24","modified_gmt":"2025-05-02T15:16:24","slug":"kataloglar","status":"publish","type":"page","link":"https:\/\/sweetheaven.com.tr\/en\/kataloglar\/","title":{"rendered":"Catalogs"},"content":{"rendered":"<div class=\"wpb-content-wrapper\"><div id=\"title\" data-vc-full-width=\"true\" data-vc-full-width-init=\"false\" data-vc-stretch-content=\"true\" class=\"vc_row wpb_row vc_row-fluid vc_row-no-padding wd-rs-641959be8a4fd\"><div class=\"wpb_column vc_column_container vc_col-sm-12\"><div class=\"vc_column-inner\"><div class=\"wpb_wrapper\">\n\t\t<div id=\"wd-64196bb6e6f61\" class=\"title-wrapper wd-wpb set-mb-s reset-last-child  wd-rs-64196bb6e6f61 wd-title-color-default wd-title-style-default text-center  wd-underline-colored\">\n\t\t\t\n\t\t\t<div class=\"liner-continer\">\n\t\t\t\t<h1 class=\"woodmart-title-container title  wd-font-weight- wd-fontsize-xl\" >Catalogs<\/h1>\n\t\t\t\t\t\t\t<\/div>\n\t\t\t\n\t\t\t\n\t\t\t\n\t\t<\/div>\n\t\t\n\t\t<\/div><\/div><\/div><\/div><div class=\"vc_row-full-width vc_clearfix\"><\/div><div class=\"vc_row wpb_row vc_row-fluid catalogs wd-rs-65cc60b57ea7b\"><div class=\"wpb_column vc_column_container vc_col-sm-3\"><div class=\"vc_column-inner\"><div class=\"wpb_wrapper\">\n\t<div  class=\"wpb_single_image wpb_content_element vc_align_center\">\n\t\t<h2 class=\"wpb_heading wpb_singleimage_heading\">Sweet Heaven Pasta Katalo\u011fu<\/h2>\n\t\t<figure class=\"wpb_wrapper vc_figure\">\n\t\t\t<a href=\"https:\/\/sweetheaven.com.tr\/wp-content\/uploads\/2024\/02\/Sweet-Heaven-Pasta-Katalogu.pdf\" target=\"_blank\" class=\"vc_single_image-wrapper   vc_box_border_grey\"><img loading=\"lazy\" decoding=\"async\" width=\"788\" height=\"788\" src=\"https:\/\/sweetheaven.com.tr\/wp-content\/uploads\/2024\/02\/guncel-katalog.png\" class=\"vc_single_image-img attachment-full\" alt=\"\" title=\"guncel-katalog\" srcset=\"https:\/\/sweetheaven.com.tr\/wp-content\/uploads\/2024\/02\/guncel-katalog.png 788w, https:\/\/sweetheaven.com.tr\/wp-content\/uploads\/2024\/02\/guncel-katalog-600x600.png 600w, https:\/\/sweetheaven.com.tr\/wp-content\/uploads\/2024\/02\/guncel-katalog-150x150.png 150w, https:\/\/sweetheaven.com.tr\/wp-content\/uploads\/2024\/02\/guncel-katalog-300x300.png 300w, https:\/\/sweetheaven.com.tr\/wp-content\/uploads\/2024\/02\/guncel-katalog-768x768.png 768w, https:\/\/sweetheaven.com.tr\/wp-content\/uploads\/2024\/02\/guncel-katalog-12x12.png 12w\" sizes=\"auto, (max-width: 788px) 100vw, 788px\" \/><\/a>\n\t\t<\/figure>\n\t<\/div>\n<\/div><\/div><\/div><div class=\"wpb_column vc_column_container vc_col-sm-3\"><div class=\"vc_column-inner\"><div class=\"wpb_wrapper\">\n\t<div  class=\"wpb_single_image wpb_content_element vc_align_center\">\n\t\t<h2 class=\"wpb_heading wpb_singleimage_heading\">Sweet Heaven Market Catalog<\/h2>\n\t\t<figure class=\"wpb_wrapper vc_figure\">\n\t\t\t<a href=\"https:\/\/sweetheaven.com.tr\/wp-content\/uploads\/2023\/03\/sweet-heaven-market-katalogu.pdf\" target=\"_blank\" class=\"vc_single_image-wrapper   vc_box_border_grey\"><img loading=\"lazy\" decoding=\"async\" width=\"786\" height=\"786\" src=\"https:\/\/sweetheaven.com.tr\/wp-content\/uploads\/2023\/03\/market-katalogu.jpg\" class=\"vc_single_image-img attachment-full\" alt=\"\" title=\"market-katalogu\" srcset=\"https:\/\/sweetheaven.com.tr\/wp-content\/uploads\/2023\/03\/market-katalogu.jpg 786w, https:\/\/sweetheaven.com.tr\/wp-content\/uploads\/2023\/03\/market-katalogu-600x600.jpg 600w, https:\/\/sweetheaven.com.tr\/wp-content\/uploads\/2023\/03\/market-katalogu-150x150.jpg 150w, https:\/\/sweetheaven.com.tr\/wp-content\/uploads\/2023\/03\/market-katalogu-300x300.jpg 300w, https:\/\/sweetheaven.com.tr\/wp-content\/uploads\/2023\/03\/market-katalogu-768x768.jpg 768w\" sizes=\"auto, (max-width: 786px) 100vw, 786px\" \/><\/a>\n\t\t<\/figure>\n\t<\/div>\n<\/div><\/div><\/div><div class=\"wpb_column vc_column_container vc_col-sm-3\"><div class=\"vc_column-inner\"><div class=\"wpb_wrapper\">\n\t<div  class=\"wpb_single_image wpb_content_element vc_align_center\">\n\t\t<h2 class=\"wpb_heading wpb_singleimage_heading\">Sweet Heaven Coffee Catalog<\/h2>\n\t\t<figure class=\"wpb_wrapper vc_figure\">\n\t\t\t<a href=\"https:\/\/sweetheaven.com.tr\/wp-content\/uploads\/2023\/03\/sweet-heaven-kahve-katalogu.pdf\" target=\"_blank\" class=\"vc_single_image-wrapper   vc_box_border_grey\"><img loading=\"lazy\" decoding=\"async\" width=\"591\" height=\"591\" src=\"https:\/\/sweetheaven.com.tr\/wp-content\/uploads\/2023\/03\/kahve-katalogu.jpg\" class=\"vc_single_image-img attachment-full\" alt=\"\" title=\"kahve-katalogu\" srcset=\"https:\/\/sweetheaven.com.tr\/wp-content\/uploads\/2023\/03\/kahve-katalogu.jpg 591w, https:\/\/sweetheaven.com.tr\/wp-content\/uploads\/2023\/03\/kahve-katalogu-150x150.jpg 150w, https:\/\/sweetheaven.com.tr\/wp-content\/uploads\/2023\/03\/kahve-katalogu-300x300.jpg 300w\" sizes=\"auto, (max-width: 591px) 100vw, 591px\" \/><\/a>\n\t\t<\/figure>\n\t<\/div>\n<\/div><\/div><\/div><div class=\"wpb_column vc_column_container vc_col-sm-3\"><div class=\"vc_column-inner\"><div class=\"wpb_wrapper\">\n\t<div  class=\"wpb_single_image wpb_content_element vc_align_center\">\n\t\t<h2 class=\"wpb_heading wpb_singleimage_heading\">Sweet Heaven Window Cakes<\/h2>\n\t\t<figure class=\"wpb_wrapper vc_figure\">\n\t\t\t<a href=\"https:\/\/sweetheaven.com.tr\/wp-content\/uploads\/2023\/03\/sweet-heaven-vitrin-pastalari.pdf\" target=\"_blank\" class=\"vc_single_image-wrapper   vc_box_border_grey\"><img loading=\"lazy\" decoding=\"async\" width=\"785\" height=\"785\" src=\"https:\/\/sweetheaven.com.tr\/wp-content\/uploads\/2023\/03\/vitrin-pastalari.jpg\" class=\"vc_single_image-img attachment-full\" alt=\"\" title=\"vitrin-pastalari\" srcset=\"https:\/\/sweetheaven.com.tr\/wp-content\/uploads\/2023\/03\/vitrin-pastalari.jpg 785w, https:\/\/sweetheaven.com.tr\/wp-content\/uploads\/2023\/03\/vitrin-pastalari-600x600.jpg 600w, https:\/\/sweetheaven.com.tr\/wp-content\/uploads\/2023\/03\/vitrin-pastalari-150x150.jpg 150w, https:\/\/sweetheaven.com.tr\/wp-content\/uploads\/2023\/03\/vitrin-pastalari-300x300.jpg 300w, https:\/\/sweetheaven.com.tr\/wp-content\/uploads\/2023\/03\/vitrin-pastalari-768x768.jpg 768w\" sizes=\"auto, (max-width: 785px) 100vw, 785px\" \/><\/a>\n\t\t<\/figure>\n\t<\/div>\n<\/div><\/div><\/div><\/div><div class=\"vc_row wpb_row vc_row-fluid catalogs wd-rs-64196bbe1e8d6\"><div class=\"wpb_column vc_column_container vc_col-sm-3\"><div class=\"vc_column-inner\"><div class=\"wpb_wrapper\">\n\t<div  class=\"wpb_single_image wpb_content_element vc_align_center\">\n\t\t<h2 class=\"wpb_heading wpb_singleimage_heading\">Sweet Heaven Coffee - Cake Menu<\/h2>\n\t\t<figure class=\"wpb_wrapper vc_figure\">\n\t\t\t<a href=\"https:\/\/sweetheaven.com.tr\/wp-content\/uploads\/2023\/03\/sweet-heaven-kahve-pasta-menusu.pdf\" target=\"_blank\" class=\"vc_single_image-wrapper   vc_box_border_grey\"><img loading=\"lazy\" decoding=\"async\" width=\"504\" height=\"504\" src=\"https:\/\/sweetheaven.com.tr\/wp-content\/uploads\/2023\/03\/kahve-pasta-menusu.jpg\" class=\"vc_single_image-img attachment-full\" alt=\"\" title=\"kahve-pasta-menusu\" srcset=\"https:\/\/sweetheaven.com.tr\/wp-content\/uploads\/2023\/03\/kahve-pasta-menusu.jpg 504w, https:\/\/sweetheaven.com.tr\/wp-content\/uploads\/2023\/03\/kahve-pasta-menusu-150x150.jpg 150w, https:\/\/sweetheaven.com.tr\/wp-content\/uploads\/2023\/03\/kahve-pasta-menusu-300x300.jpg 300w\" sizes=\"auto, (max-width: 504px) 100vw, 504px\" \/><\/a>\n\t\t<\/figure>\n\t<\/div>\n<\/div><\/div><\/div><div class=\"wpb_column vc_column_container vc_col-sm-3\"><div class=\"vc_column-inner\"><div class=\"wpb_wrapper\">\n\t<div  class=\"wpb_single_image wpb_content_element vc_align_center\">\n\t\t<h2 class=\"wpb_heading wpb_singleimage_heading\">Sweet Heaven Wedding and Engagement Catalog<\/h2>\n\t\t<figure class=\"wpb_wrapper vc_figure\">\n\t\t\t<a href=\"https:\/\/sweetheaven.com.tr\/wp-content\/uploads\/2023\/03\/sweet-heaven-dugun-ve-nisan-katalogu.pdf\" target=\"_blank\" class=\"vc_single_image-wrapper   vc_box_border_grey\"><img loading=\"lazy\" decoding=\"async\" width=\"790\" height=\"790\" src=\"https:\/\/sweetheaven.com.tr\/wp-content\/uploads\/2023\/03\/dugun-nisan-katalogu.jpg\" class=\"vc_single_image-img attachment-full\" alt=\"\" title=\"dugun-nisan-katalogu\" srcset=\"https:\/\/sweetheaven.com.tr\/wp-content\/uploads\/2023\/03\/dugun-nisan-katalogu.jpg 790w, https:\/\/sweetheaven.com.tr\/wp-content\/uploads\/2023\/03\/dugun-nisan-katalogu-600x600.jpg 600w, https:\/\/sweetheaven.com.tr\/wp-content\/uploads\/2023\/03\/dugun-nisan-katalogu-150x150.jpg 150w, https:\/\/sweetheaven.com.tr\/wp-content\/uploads\/2023\/03\/dugun-nisan-katalogu-300x300.jpg 300w, https:\/\/sweetheaven.com.tr\/wp-content\/uploads\/2023\/03\/dugun-nisan-katalogu-768x768.jpg 768w\" sizes=\"auto, (max-width: 790px) 100vw, 790px\" \/><\/a>\n\t\t<\/figure>\n\t<\/div>\n<\/div><\/div><\/div><div class=\"wpb_column vc_column_container vc_col-sm-3\"><div class=\"vc_column-inner\"><div class=\"wpb_wrapper\">\n\t<div  class=\"wpb_single_image wpb_content_element vc_align_center\">\n\t\t<h2 class=\"wpb_heading wpb_singleimage_heading\">Sweet Heaven Hotel Cakes<\/h2>\n\t\t<figure class=\"wpb_wrapper vc_figure\">\n\t\t\t<a href=\"https:\/\/sweetheaven.com.tr\/wp-content\/uploads\/2024\/02\/Sweet-Heaven-Otel-Pastalari.pdf\" target=\"_blank\" class=\"vc_single_image-wrapper   vc_box_border_grey\"><img loading=\"lazy\" decoding=\"async\" width=\"786\" height=\"786\" src=\"https:\/\/sweetheaven.com.tr\/wp-content\/uploads\/2023\/03\/otel-pastalari.jpg\" class=\"vc_single_image-img attachment-full\" alt=\"\" title=\"otel-pastalari\" srcset=\"https:\/\/sweetheaven.com.tr\/wp-content\/uploads\/2023\/03\/otel-pastalari.jpg 786w, https:\/\/sweetheaven.com.tr\/wp-content\/uploads\/2023\/03\/otel-pastalari-600x600.jpg 600w, https:\/\/sweetheaven.com.tr\/wp-content\/uploads\/2023\/03\/otel-pastalari-150x150.jpg 150w, https:\/\/sweetheaven.com.tr\/wp-content\/uploads\/2023\/03\/otel-pastalari-300x300.jpg 300w, https:\/\/sweetheaven.com.tr\/wp-content\/uploads\/2023\/03\/otel-pastalari-768x768.jpg 768w\" sizes=\"auto, (max-width: 786px) 100vw, 786px\" \/><\/a>\n\t\t<\/figure>\n\t<\/div>\n<\/div><\/div><\/div><div class=\"wpb_column vc_column_container vc_col-sm-3\"><div class=\"vc_column-inner\"><div class=\"wpb_wrapper\"><\/p>\n<div  class=\"wpb_single_image wpb_content_element vc_align_left\">\n\t\t<h2 class=\"wpb_heading wpb_singleimage_heading\">Sweet Heaven \u015eurup Katalo\u011fu<\/h2>\n\t\t<figure class=\"wpb_wrapper vc_figure\">\n\t\t\t<a href=\"https:\/\/sweetheaven.com.tr\/wp-content\/uploads\/2025\/01\/sh-surup-katalog.pdf\" target=\"_blank\" class=\"vc_single_image-wrapper   vc_box_border_grey\"><img loading=\"lazy\" decoding=\"async\" width=\"550\" height=\"556\" src=\"https:\/\/sweetheaven.com.tr\/wp-content\/uploads\/2025\/01\/surup-kapak.png\" class=\"vc_single_image-img attachment-large\" alt=\"\" title=\"s\u0327urup-kapak\" srcset=\"https:\/\/sweetheaven.com.tr\/wp-content\/uploads\/2025\/01\/surup-kapak.png 550w, https:\/\/sweetheaven.com.tr\/wp-content\/uploads\/2025\/01\/surup-kapak-150x152.png 150w, https:\/\/sweetheaven.com.tr\/wp-content\/uploads\/2025\/01\/surup-kapak-297x300.png 297w, https:\/\/sweetheaven.com.tr\/wp-content\/uploads\/2025\/01\/surup-kapak-12x12.png 12w\" sizes=\"auto, (max-width: 550px) 100vw, 550px\" \/><\/a>\n\t\t<\/figure>\n\t<\/div>\n<br \/>\n\n\t<div  class=\"wpb_single_image wpb_content_element vc_align_left\">\n\t\t<h2 class=\"wpb_heading wpb_singleimage_heading\">Sweet Heaven \u015eurup Katalo\u011fu<\/h2>\n\t\t<figure class=\"wpb_wrapper vc_figure\">\n\t\t\t<a href=\"https:\/\/sweetheaven.com.tr\/wp-content\/uploads\/2025\/01\/sh-surup-katalog.pdf\" target=\"_blank\" class=\"vc_single_image-wrapper   vc_box_border_grey\"><img loading=\"lazy\" decoding=\"async\" width=\"550\" height=\"556\" src=\"https:\/\/sweetheaven.com.tr\/wp-content\/uploads\/2025\/01\/surup-kapak.png\" class=\"vc_single_image-img attachment-large\" alt=\"\" title=\"s\u0327urup-kapak\" srcset=\"https:\/\/sweetheaven.com.tr\/wp-content\/uploads\/2025\/01\/surup-kapak.png 550w, https:\/\/sweetheaven.com.tr\/wp-content\/uploads\/2025\/01\/surup-kapak-150x152.png 150w, https:\/\/sweetheaven.com.tr\/wp-content\/uploads\/2025\/01\/surup-kapak-297x300.png 297w, https:\/\/sweetheaven.com.tr\/wp-content\/uploads\/2025\/01\/surup-kapak-12x12.png 12w\" sizes=\"auto, (max-width: 550px) 100vw, 550px\" \/><\/a>\n\t\t<\/figure>\n\t<\/div>\n\n\t<div  class=\"wpb_single_image wpb_content_element vc_align_left\">\n\t\t<h2 class=\"wpb_heading wpb_singleimage_heading\">Sweet Heaven \u015eurup Katalo\u011fu<\/h2>\n\t\t<figure class=\"wpb_wrapper vc_figure\">\n\t\t\t<a href=\"https:\/\/sweetheaven.com.tr\/wp-content\/uploads\/2025\/01\/sh-surup-katalog.pdf\" target=\"_blank\" class=\"vc_single_image-wrapper   vc_box_border_grey\"><img loading=\"lazy\" decoding=\"async\" width=\"550\" height=\"556\" src=\"https:\/\/sweetheaven.com.tr\/wp-content\/uploads\/2025\/01\/surup-kapak.png\" class=\"vc_single_image-img attachment-large\" alt=\"\" title=\"s\u0327urup-kapak\" srcset=\"https:\/\/sweetheaven.com.tr\/wp-content\/uploads\/2025\/01\/surup-kapak.png 550w, https:\/\/sweetheaven.com.tr\/wp-content\/uploads\/2025\/01\/surup-kapak-150x152.png 150w, https:\/\/sweetheaven.com.tr\/wp-content\/uploads\/2025\/01\/surup-kapak-297x300.png 297w, https:\/\/sweetheaven.com.tr\/wp-content\/uploads\/2025\/01\/surup-kapak-12x12.png 12w\" sizes=\"auto, (max-width: 550px) 100vw, 550px\" \/><\/a>\n\t\t<\/figure>\n\t<\/div>\n<p><\/div><\/div><\/div><\/div><div class=\"vc_row wpb_row vc_row-fluid\"><div class=\"wpb_column vc_column_container vc_col-sm-12\"><div class=\"vc_column-inner\"><div class=\"wpb_wrapper\">\t\t<div id=\"gallery_889\" class=\"wd-images-gallery wd-rs-6814dd2088aed wd-justify-center wd-items-middle view-grid photoswipe-images\" >\n\t\t\t<div class=\"gallery-images row wd-spacing-0\">\n\t\t\t\t\t\t\t\t\t\t\t\t\t\t\t\t<\/div>\n\t\t<\/div>\n\t\t\t\t<\/div><\/div><\/div><\/div>\n<\/div>","protected":false},"excerpt":{"rendered":"Kataloglar Sweet Heaven Pasta Katalo\u011fu Sweet Heaven Market Katalo\u011fu Sweet Heaven Kahve Katalogu Sweet Heaven Vitrin Pastalar\u0131 Sweet Heaven Kahve","protected":false},"author":1,"featured_media":0,"parent":0,"menu_order":0,"comment_status":"closed","ping_status":"closed","template":"","meta":{"footnotes":""},"class_list":["post-513","page","type-page","status-publish","hentry"],"yoast_head":"<!-- This site is optimized with the Yoast SEO plugin v23.8 - https:\/\/yoast.com\/wordpress\/plugins\/seo\/ -->\n<title>Kataloglar - Sweet Heaven Cakes &amp; Coffee<\/title>\n<meta name=\"robots\" content=\"index, follow, max-snippet:-1, max-image-preview:large, max-video-preview:-1\" \/>\n<link rel=\"canonical\" href=\"https:\/\/sweetheaven.com.tr\/en\/kataloglar\/\" \/>\n<meta property=\"og:locale\" content=\"en_US\" \/>\n<meta property=\"og:type\" content=\"article\" \/>\n<meta property=\"og:title\" content=\"Kataloglar - Sweet Heaven Cakes &amp; Coffee\" \/>\n<meta property=\"og:url\" content=\"https:\/\/sweetheaven.com.tr\/en\/kataloglar\/\" \/>\n<meta property=\"og:site_name\" content=\"Sweet Heaven Cakes &amp; Coffee\" \/>\n<meta property=\"article:modified_time\" content=\"2025-05-02T15:16:24+00:00\" \/>\n<meta name=\"twitter:card\" content=\"summary_large_image\" \/>\n<meta name=\"twitter:label1\" content=\"Est. reading time\" \/>\n\t<meta name=\"twitter:data1\" content=\"1 minute\" \/>\n<script type=\"application\/ld+json\" class=\"yoast-schema-graph\">{\"@context\":\"https:\/\/schema.org\",\"@graph\":[{\"@type\":\"WebPage\",\"@id\":\"https:\/\/sweetheaven.com.tr\/kataloglar\/\",\"url\":\"https:\/\/sweetheaven.com.tr\/kataloglar\/\",\"name\":\"Kataloglar - Sweet Heaven Cakes &amp; Coffee\",\"isPartOf\":{\"@id\":\"https:\/\/sweetheaven.com.tr\/#website\"},\"datePublished\":\"2023-03-21T08:46:13+00:00\",\"dateModified\":\"2025-05-02T15:16:24+00:00\",\"breadcrumb\":{\"@id\":\"https:\/\/sweetheaven.com.tr\/kataloglar\/#breadcrumb\"},\"inLanguage\":\"en-US\",\"potentialAction\":[{\"@type\":\"ReadAction\",\"target\":[\"https:\/\/sweetheaven.com.tr\/kataloglar\/\"]}]},{\"@type\":\"BreadcrumbList\",\"@id\":\"https:\/\/sweetheaven.com.tr\/kataloglar\/#breadcrumb\",\"itemListElement\":[{\"@type\":\"ListItem\",\"position\":1,\"name\":\"Anasayfa\",\"item\":\"https:\/\/sweetheaven.com.tr\/en\/\"},{\"@type\":\"ListItem\",\"position\":2,\"name\":\"Kataloglar\"}]},{\"@type\":\"WebSite\",\"@id\":\"https:\/\/sweetheaven.com.tr\/#website\",\"url\":\"https:\/\/sweetheaven.com.tr\/\",\"name\":\"Sweet Heaven Cakes &amp; Coffee\",\"description\":\"\",\"potentialAction\":[{\"@type\":\"SearchAction\",\"target\":{\"@type\":\"EntryPoint\",\"urlTemplate\":\"https:\/\/sweetheaven.com.tr\/?s={search_term_string}\"},\"query-input\":{\"@type\":\"PropertyValueSpecification\",\"valueRequired\":true,\"valueName\":\"search_term_string\"}}],\"inLanguage\":\"en-US\"}]}<\/script>\n<!-- \/ Yoast SEO plugin. -->","yoast_head_json":{"title":"Kataloglar - Sweet Heaven Cakes &amp; Coffee","robots":{"index":"index","follow":"follow","max-snippet":"max-snippet:-1","max-image-preview":"max-image-preview:large","max-video-preview":"max-video-preview:-1"},"canonical":"https:\/\/sweetheaven.com.tr\/en\/kataloglar\/","og_locale":"en_US","og_type":"article","og_title":"Kataloglar - Sweet Heaven Cakes &amp; Coffee","og_url":"https:\/\/sweetheaven.com.tr\/en\/kataloglar\/","og_site_name":"Sweet Heaven Cakes &amp; Coffee","article_modified_time":"2025-05-02T15:16:24+00:00","twitter_card":"summary_large_image","twitter_misc":{"Est. reading time":"1 minute"},"schema":{"@context":"https:\/\/schema.org","@graph":[{"@type":"WebPage","@id":"https:\/\/sweetheaven.com.tr\/kataloglar\/","url":"https:\/\/sweetheaven.com.tr\/kataloglar\/","name":"Kataloglar - Sweet Heaven Cakes &amp; Coffee","isPartOf":{"@id":"https:\/\/sweetheaven.com.tr\/#website"},"datePublished":"2023-03-21T08:46:13+00:00","dateModified":"2025-05-02T15:16:24+00:00","breadcrumb":{"@id":"https:\/\/sweetheaven.com.tr\/kataloglar\/#breadcrumb"},"inLanguage":"en-US","potentialAction":[{"@type":"ReadAction","target":["https:\/\/sweetheaven.com.tr\/kataloglar\/"]}]},{"@type":"BreadcrumbList","@id":"https:\/\/sweetheaven.com.tr\/kataloglar\/#breadcrumb","itemListElement":[{"@type":"ListItem","position":1,"name":"Anasayfa","item":"https:\/\/sweetheaven.com.tr\/en\/"},{"@type":"ListItem","position":2,"name":"Kataloglar"}]},{"@type":"WebSite","@id":"https:\/\/sweetheaven.com.tr\/#website","url":"https:\/\/sweetheaven.com.tr\/","name":"Sweet Heaven Cakes &amp; Coffee","description":"","potentialAction":[{"@type":"SearchAction","target":{"@type":"EntryPoint","urlTemplate":"https:\/\/sweetheaven.com.tr\/?s={search_term_string}"},"query-input":{"@type":"PropertyValueSpecification","valueRequired":true,"valueName":"search_term_string"}}],"inLanguage":"en-US"}]}},"_links":{"self":[{"href":"https:\/\/sweetheaven.com.tr\/en\/wp-json\/wp\/v2\/pages\/513","targetHints":{"allow":["GET"]}}],"collection":[{"href":"https:\/\/sweetheaven.com.tr\/en\/wp-json\/wp\/v2\/pages"}],"about":[{"href":"https:\/\/sweetheaven.com.tr\/en\/wp-json\/wp\/v2\/types\/page"}],"author":[{"embeddable":true,"href":"https:\/\/sweetheaven.com.tr\/en\/wp-json\/wp\/v2\/users\/1"}],"replies":[{"embeddable":true,"href":"https:\/\/sweetheaven.com.tr\/en\/wp-json\/wp\/v2\/comments?post=513"}],"version-history":[{"count":13,"href":"https:\/\/sweetheaven.com.tr\/en\/wp-json\/wp\/v2\/pages\/513\/revisions"}],"predecessor-version":[{"id":2905,"href":"https:\/\/sweetheaven.com.tr\/en\/wp-json\/wp\/v2\/pages\/513\/revisions\/2905"}],"wp:attachment":[{"href":"https:\/\/sweetheaven.com.tr\/en\/wp-json\/wp\/v2\/media?parent=513"}],"curies":[{"name":"wp","href":"https:\/\/api.w.org\/{rel}","templated":true}]}}