{"id":1718,"date":"2023-03-30T13:12:48","date_gmt":"2023-03-30T10:12:48","guid":{"rendered":"https:\/\/sweetheaven.com.tr\/?page_id=1718"},"modified":"2023-03-30T14:58:11","modified_gmt":"2023-03-30T11:58:11","slug":"cerez-politikasi","status":"publish","type":"page","link":"https:\/\/sweetheaven.com.tr\/en\/cerez-politikasi\/","title":{"rendered":"Cookie Policy"},"content":{"rendered":"<div class=\"wpb-content-wrapper\"><div id=\"cerez-row\" class=\"vc_row wpb_row vc_row-fluid wd-rs-6425655b87b75\"><div class=\"wpb_column vc_column_container vc_col-sm-12\"><div class=\"vc_column-inner\"><div class=\"wpb_wrapper\">\n\t<div class=\"wpb_text_column wpb_content_element\" >\n\t\t<div class=\"wpb_wrapper\">\n\t\t\t<h1 style=\"text-align: center;\">WEBSITE COOKIE LIGHTING TEXT<\/h1>\n<p style=\"text-align: center;\"><a href=\"https:\/\/sweetheaven.com.tr\/en\/\">www.sweetheaven.com.tr<\/a><\/p>\n<p style=\"text-align: center;\"><strong>Last updated date:<\/strong> 21.03.2023<\/p>\n<p><strong>About the Lighting Text<\/strong><br \/>\n<strong>Aferin Food Industry and Foreign Trade Joint Stock Company<\/strong> (<strong>\u201cSweet Heaven\u201d<\/strong> or <strong>\"Company\"<\/strong> We use certain technologies such as cookies, pixels, and gifs to improve your experience during your visits to our online channels.<strong>cookies<\/strong>\u201d) we use. The use of these technologies is primarily on the Protection of Personal Data No. 6698.<br \/>\nLaw (\u201c<strong>KVK Law<\/strong>\u201d) in accordance with the legislation to which we are subject.<\/p>\n<p>The purpose of this Cookie Clarification text is to <a href=\"https:\/\/sweetheaven.com.tr\/en\/\">www.sweetheaven.com.tr<\/a> It is obtained during the use of cookies by Site users\/members\/visitors (\u201cData Owner\u201d) during the operation of the website (\u201cSite\u201d).<br \/>\nTo inform you about the processing of personal data collected. In this text, we would like to explain to you what type of cookies we use for what purposes and how you can control these cookies.<\/p>\n<p><strong>Sweet Heaven<\/strong> We can stop using the cookies we use on our site, change their types or functions, or add new cookies to our site. Therefore, we reserve the right to change the provisions of this clarification text at any time. Any changes made on the current lighting text are on the site or<br \/>\nshall enter into force upon publication in any public media. You can find the last update date at the beginning of the text.<\/p>\n<p>For more detailed information about the processing of your personal data by the Company <a href=\"https:\/\/sweetheaven.com.tr\/en\/\">www.sweetheaven.com.tr<\/a> located in <strong>Aferin Food Industry and Foreign Trade Joint Stock Company<\/strong> We recommend that you read the Personal Data Protection and Processing Policy.<\/p>\n<p><strong>Which Cookies Are Used For Which Purposes?<\/strong><\/p>\n<p><strong>Generally<\/strong><br \/>\n<strong>Sweet Heaven<\/strong> We use cookies for various purposes on our site and process your personal data through these cookies. These purposes are mainly:<br \/>\n<strong>To perform the basic functions necessary for the operation of the Site.<\/strong> For example, the logged-in members do not need to enter passwords again when visiting different pages on the Site.<br \/>\n<strong>Analyzing the Site and increasing the performance of the Site.<\/strong> For example, the integration of different servers on which the Site works, determining the number of visitors to the Site and adjusting performance accordingly, or making it easier for visitors to find what they are looking for.<br \/>\n<strong>To increase the functionality of the Site and to provide ease of use.<\/strong> For example, sharing to third-party social media channels through the Site, remembering the username information or search queries on the next visit of the visitor to the Site.<\/p>\n<p><strong>To perform personalization, targeting and advertising activities.<\/strong> For example, displaying advertisements related to the interests of the visitors on the pages and products viewed by the visitors.<br \/>\nIn accordance with Articles 5 and 8 of the KVK Law and\/or in case of exceptions in the relevant legislation, your personal data may be processed for the above purposes without your consent, in cases where it is necessary in accordance with the legislation. <strong>Sweet Heaven<\/strong> We may share your personal data within the scope of the Clarification Text with third parties and business partners from whom our Company benefits, limited to the realization of the above-mentioned purposes and in accordance with the legislation. We would like to point out that the parties to which the data is transferred may store your personal data on their servers all over the world.<\/p>\n<p><strong>Cookies Used on Our Site;<\/strong><br \/>\nBelow you can find the different types of cookies we use on our site. Our site uses both first-party cookies (placed by the site you visit) and third-party cookies (placed by servers other than the site you visit).<br \/>\n\uf0b7 Google (Analysis studies, marketing and advertising activities)<br \/>\n<strong>Mandatory Cookies<\/strong><br \/>\nThe use of certain cookies is mandatory for our site to function properly. For example, authentication cookies, which are activated when you log in to our site, ensure that your active session continues when you switch from one page to another on our site.<br \/>\n<strong>Functionality and Preference Cookies<\/strong><br \/>\nThese cookies allow you to personalize the services offered on our site by remembering your preferences and choices on the site. For example, it allows us to remember your language selection on our site or the font size you have chosen when reading a text.<br \/>\n<strong>Social Media Cookies<\/strong><br \/>\nThese cookies allow the collection of information about your use of social media. For example, cookies can be used to use the information of your Facebook\/Twitter accounts to create personalized advertisements or to conduct market research.<br \/>\n<strong>Performance and Analytics Cookies<\/strong><br \/>\nThanks to these cookies, we can improve the services we provide to you by analyzing your use of our site and the performance of our site. For example, thanks to these cookies, we can detect which pages our visitors view the most, whether our site is working properly and possible problems.<br \/>\n<strong>Targeting or advertising cookies<\/strong><br \/>\nWe use cookies to promote products and services to you on our site or in channels other than our site. In addition, we may cooperate with some of our business partners to advertise and promote you within or outside of our site. For example, if you clicked on an ad you saw on our site, if that ad was directed to you after the ad caught your attention.<br \/>\nCookies can be used to track whether you benefit from the service on the site.<\/p>\n<p><strong>How Can I Control the Use of Cookies?<\/strong><\/p>\n<p>You have the opportunity to customize your preferences regarding cookies by changing the settings of your browser.<\/p>\n<table>\n<tbody>\n<tr>\n<td>Adobe Analytics<\/td>\n<td><a href=\"https:\/\/www.adobe.com\/uk\/privacy\/opt-out.html\" target=\"_blank\" rel=\"noopener\">https:\/\/www.adobe.com\/uk\/privacy\/opt-out.html<\/a><\/td>\n<\/tr>\n<tr>\n<td>AOL<\/td>\n<td><a href=\"https:\/\/help.aol.com\/articles\/restore-security-settings-and-enable-cookie-settings-on-browser\" target=\"_blank\" rel=\"noopener\">https:\/\/help.aol.com\/articles\/restore-security-settings-and-enable-cookie-settings-on-browser<\/a><\/td>\n<\/tr>\n<tr>\n<td>Google Adwords<\/td>\n<td><a href=\"https:\/\/support.google.com\/ads\/answer\/2662922?hl=en\" target=\"_blank\" rel=\"noopener\">https:\/\/support.google.com\/ads\/answer\/2662922?hl=en<\/a><\/td>\n<\/tr>\n<tr>\n<td>Google Analytics<\/td>\n<td><a href=\"https:\/\/tools.google.com\/dlpage\/gaoptout\" target=\"_blank\" rel=\"noopener\">https:\/\/tools.google.com\/dlpage\/gaoptout<\/a><\/td>\n<\/tr>\n<tr>\n<td>Google Chrome<\/td>\n<td><a href=\"https:\/\/support.google.com\/chrome\/answer\/95647?hl=en\" target=\"_blank\" rel=\"noopener\">https:\/\/support.google.com\/chrome\/answer\/95647?hl=en<\/a><\/td>\n<\/tr>\n<tr>\n<td>Internet Explorer<\/td>\n<td><a href=\"https:\/\/support.microsoft.com\/en-us\/help\/17442\/windows-internet-explorer-delete-manage-cookies\" target=\"_blank\" rel=\"noopener\">https:\/\/support.microsoft.com\/en-us\/help\/17442\/windows-internet-explorer-delete-manage-cookies<\/a><\/td>\n<\/tr>\n<tr>\n<td>Mozilla Firefox<\/td>\n<td><a href=\"http:\/\/support.mozilla.com\/en-US\/kb\/Cookies\" target=\"_blank\" rel=\"noopener\">http:\/\/support.mozilla.com\/en-US\/kb\/Cookies<\/a><\/td>\n<\/tr>\n<tr>\n<td>Opera<\/td>\n<td><a href=\"https:\/\/www.opera.com\/tr\/computer\" target=\"_blank\" rel=\"noopener\">https:\/\/www.opera.com\/tr\/computer<\/a><\/td>\n<\/tr>\n<tr>\n<td>Safari<\/td>\n<td><a href=\"https:\/\/support.apple.com\/kb\/ph19214?locale=tr_TR\" target=\"_blank\" rel=\"noopener\">https:\/\/support.apple.com\/kb\/ph19214?locale=tr_TR<\/a><\/td>\n<\/tr>\n<\/tbody>\n<\/table>\n<p><strong>What Are Your Rights as a Data Owner?<\/strong><\/p>\n<p>In accordance with Article 11 of the KVK Law, data owners,<br \/>\n\u2022 Learning whether personal data is processed or not,<br \/>\n\u2022 If personal data has been processed, requesting information about it,<br \/>\n\u2022 To learn the purpose of processing personal data and whether they are used in accordance with the purpose,<br \/>\n\u2022 Knowing the third parties to whom personal data is transferred in the country or abroad,<br \/>\n\u2022 Requesting correction of personal data in case of incomplete or incorrect processing and requesting notification of the transaction made within this scope to the third parties to whom the personal data has been transferred,<br \/>\n\u2022 Requesting the deletion or destruction of personal data in the event that the reasons requiring processing are eliminated, although it has been processed in accordance with the provisions of the KVK Law and other relevant laws, and requesting the notification of the transaction made within this scope to the third parties to whom the personal data has been transferred,<br \/>\n\u2022 Objecting to the emergence of a result against the person himself by analyzing the processed data exclusively through automated systems,<br \/>\n\u2022 It has the right to demand the compensation of the damage in case of loss due to unlawful processing of personal data.<\/p>\n<p>You can submit your requests regarding your rights in question at www.sweetheaven.com.tr. <strong>Aferin Food Industry and Foreign Trade Joint Stock Company<\/strong> If you submit it to us using the methods specified in the Data Owner Application Form, your applications will be evaluated and finalized as soon as possible and within 30 (thirty) days at the latest. Although it is essential not to charge any fee for the requests, the Company reserves the right to charge a fee based on the fee schedule determined by the KVK Board.<\/p>\n<p>The Data Owner undertakes that the information subject to this Clarification Text is complete, accurate and up-to-date, and will update them immediately if there is any change in this information. The Company will not have any responsibility if the Data Owner has not provided up-to-date information.<\/p>\n<p>The Data Owner accepts that he may not be able to fully benefit from the operation of the Site, in case he makes a request that will result in the inability to use any of his personal data by the Company, and declares that any responsibility arising in this context will belong to him.<\/p>\n\n\t\t<\/div>\n\t<\/div>\n<\/div><\/div><\/div><\/div>\n<\/div>","protected":false},"excerpt":{"rendered":"\u0130NTERNET S\u0130TES\u0130 \u00c7EREZ AYDINLATMA METN\u0130 www.sweetheaven.com.tr Son g\u00fcncelleme tarihi: 21.03.2023 Ayd\u0131nlatma Metni Hakk\u0131nda Aferin G\u0131da Sanayi Ve D\u0131\u015f Ticaret Anonim","protected":false},"author":1,"featured_media":0,"parent":0,"menu_order":0,"comment_status":"closed","ping_status":"closed","template":"","meta":{"footnotes":""},"class_list":["post-1718","page","type-page","status-publish","hentry"],"yoast_head":"<!-- This site is optimized with the Yoast SEO plugin v23.8 - https:\/\/yoast.com\/wordpress\/plugins\/seo\/ -->\n<title>\u00c7erez Politikas\u0131 - Sweet Heaven Cakes &amp; Coffee<\/title>\n<meta name=\"robots\" content=\"index, follow, max-snippet:-1, max-image-preview:large, max-video-preview:-1\" \/>\n<link rel=\"canonical\" href=\"https:\/\/sweetheaven.com.tr\/en\/cerez-politikasi\/\" \/>\n<meta property=\"og:locale\" content=\"en_US\" \/>\n<meta property=\"og:type\" content=\"article\" \/>\n<meta property=\"og:title\" content=\"\u00c7erez Politikas\u0131 - Sweet Heaven Cakes &amp; Coffee\" \/>\n<meta property=\"og:url\" content=\"https:\/\/sweetheaven.com.tr\/en\/cerez-politikasi\/\" \/>\n<meta property=\"og:site_name\" content=\"Sweet Heaven Cakes &amp; Coffee\" \/>\n<meta property=\"article:modified_time\" content=\"2023-03-30T11:58:11+00:00\" \/>\n<meta name=\"twitter:card\" content=\"summary_large_image\" \/>\n<meta name=\"twitter:label1\" content=\"Est. reading time\" \/>\n\t<meta name=\"twitter:data1\" content=\"8 minutes\" \/>\n<script type=\"application\/ld+json\" class=\"yoast-schema-graph\">{\"@context\":\"https:\/\/schema.org\",\"@graph\":[{\"@type\":\"WebPage\",\"@id\":\"https:\/\/sweetheaven.com.tr\/cerez-politikasi\/\",\"url\":\"https:\/\/sweetheaven.com.tr\/cerez-politikasi\/\",\"name\":\"\u00c7erez Politikas\u0131 - Sweet Heaven Cakes &amp; Coffee\",\"isPartOf\":{\"@id\":\"https:\/\/sweetheaven.com.tr\/#website\"},\"datePublished\":\"2023-03-30T10:12:48+00:00\",\"dateModified\":\"2023-03-30T11:58:11+00:00\",\"breadcrumb\":{\"@id\":\"https:\/\/sweetheaven.com.tr\/cerez-politikasi\/#breadcrumb\"},\"inLanguage\":\"en-US\",\"potentialAction\":[{\"@type\":\"ReadAction\",\"target\":[\"https:\/\/sweetheaven.com.tr\/cerez-politikasi\/\"]}]},{\"@type\":\"BreadcrumbList\",\"@id\":\"https:\/\/sweetheaven.com.tr\/cerez-politikasi\/#breadcrumb\",\"itemListElement\":[{\"@type\":\"ListItem\",\"position\":1,\"name\":\"Anasayfa\",\"item\":\"https:\/\/sweetheaven.com.tr\/en\/\"},{\"@type\":\"ListItem\",\"position\":2,\"name\":\"\u00c7erez Politikas\u0131\"}]},{\"@type\":\"WebSite\",\"@id\":\"https:\/\/sweetheaven.com.tr\/#website\",\"url\":\"https:\/\/sweetheaven.com.tr\/\",\"name\":\"Sweet Heaven Cakes &amp; Coffee\",\"description\":\"\",\"potentialAction\":[{\"@type\":\"SearchAction\",\"target\":{\"@type\":\"EntryPoint\",\"urlTemplate\":\"https:\/\/sweetheaven.com.tr\/?s={search_term_string}\"},\"query-input\":{\"@type\":\"PropertyValueSpecification\",\"valueRequired\":true,\"valueName\":\"search_term_string\"}}],\"inLanguage\":\"en-US\"}]}<\/script>\n<!-- \/ Yoast SEO plugin. -->","yoast_head_json":{"title":"\u00c7erez Politikas\u0131 - Sweet Heaven Cakes &amp; Coffee","robots":{"index":"index","follow":"follow","max-snippet":"max-snippet:-1","max-image-preview":"max-image-preview:large","max-video-preview":"max-video-preview:-1"},"canonical":"https:\/\/sweetheaven.com.tr\/en\/cerez-politikasi\/","og_locale":"en_US","og_type":"article","og_title":"\u00c7erez Politikas\u0131 - Sweet Heaven Cakes &amp; Coffee","og_url":"https:\/\/sweetheaven.com.tr\/en\/cerez-politikasi\/","og_site_name":"Sweet Heaven Cakes &amp; Coffee","article_modified_time":"2023-03-30T11:58:11+00:00","twitter_card":"summary_large_image","twitter_misc":{"Est. reading time":"8 minutes"},"schema":{"@context":"https:\/\/schema.org","@graph":[{"@type":"WebPage","@id":"https:\/\/sweetheaven.com.tr\/cerez-politikasi\/","url":"https:\/\/sweetheaven.com.tr\/cerez-politikasi\/","name":"\u00c7erez Politikas\u0131 - Sweet Heaven Cakes &amp; Coffee","isPartOf":{"@id":"https:\/\/sweetheaven.com.tr\/#website"},"datePublished":"2023-03-30T10:12:48+00:00","dateModified":"2023-03-30T11:58:11+00:00","breadcrumb":{"@id":"https:\/\/sweetheaven.com.tr\/cerez-politikasi\/#breadcrumb"},"inLanguage":"en-US","potentialAction":[{"@type":"ReadAction","target":["https:\/\/sweetheaven.com.tr\/cerez-politikasi\/"]}]},{"@type":"BreadcrumbList","@id":"https:\/\/sweetheaven.com.tr\/cerez-politikasi\/#breadcrumb","itemListElement":[{"@type":"ListItem","position":1,"name":"Anasayfa","item":"https:\/\/sweetheaven.com.tr\/en\/"},{"@type":"ListItem","position":2,"name":"\u00c7erez Politikas\u0131"}]},{"@type":"WebSite","@id":"https:\/\/sweetheaven.com.tr\/#website","url":"https:\/\/sweetheaven.com.tr\/","name":"Sweet Heaven Cakes &amp; Coffee","description":"","potentialAction":[{"@type":"SearchAction","target":{"@type":"EntryPoint","urlTemplate":"https:\/\/sweetheaven.com.tr\/?s={search_term_string}"},"query-input":{"@type":"PropertyValueSpecification","valueRequired":true,"valueName":"search_term_string"}}],"inLanguage":"en-US"}]}},"_links":{"self":[{"href":"https:\/\/sweetheaven.com.tr\/en\/wp-json\/wp\/v2\/pages\/1718","targetHints":{"allow":["GET"]}}],"collection":[{"href":"https:\/\/sweetheaven.com.tr\/en\/wp-json\/wp\/v2\/pages"}],"about":[{"href":"https:\/\/sweetheaven.com.tr\/en\/wp-json\/wp\/v2\/types\/page"}],"author":[{"embeddable":true,"href":"https:\/\/sweetheaven.com.tr\/en\/wp-json\/wp\/v2\/users\/1"}],"replies":[{"embeddable":true,"href":"https:\/\/sweetheaven.com.tr\/en\/wp-json\/wp\/v2\/comments?post=1718"}],"version-history":[{"count":0,"href":"https:\/\/sweetheaven.com.tr\/en\/wp-json\/wp\/v2\/pages\/1718\/revisions"}],"wp:attachment":[{"href":"https:\/\/sweetheaven.com.tr\/en\/wp-json\/wp\/v2\/media?parent=1718"}],"curies":[{"name":"wp","href":"https:\/\/api.w.org\/{rel}","templated":true}]}}