{"id":161,"date":"2023-02-15T14:41:59","date_gmt":"2023-02-15T11:41:59","guid":{"rendered":"https:\/\/sweetheaven.com.tr\/?page_id=161"},"modified":"2023-03-23T10:12:29","modified_gmt":"2023-03-23T07:12:29","slug":"insan-kaynaklari","status":"publish","type":"page","link":"https:\/\/sweetheaven.com.tr\/en\/insan-kaynaklari\/","title":{"rendered":"Human Resources"},"content":{"rendered":"<div class=\"wpb-content-wrapper\"><div id=\"title\" data-vc-full-width=\"true\" data-vc-full-width-init=\"false\" data-vc-stretch-content=\"true\" class=\"vc_row wpb_row vc_row-fluid vc_row-no-padding wd-rs-641964064738d\"><div class=\"wpb_column vc_column_container vc_col-sm-12\"><div class=\"vc_column-inner\"><div class=\"wpb_wrapper\">\n\t\t<div id=\"wd-641963efd1ba2\" class=\"title-wrapper wd-wpb set-mb-s reset-last-child  wd-rs-641963efd1ba2 wd-title-color-default wd-title-style-default text-center  wd-underline-colored\">\n\t\t\t\n\t\t\t<div class=\"liner-continer\">\n\t\t\t\t<h1 class=\"woodmart-title-container title  wd-font-weight- wd-fontsize-xl\" >Human Resources<\/h1>\n\t\t\t\t\t\t\t<\/div>\n\t\t\t\n\t\t\t\n\t\t\t\n\t\t<\/div>\n\t\t\n\t\t<\/div><\/div><\/div><\/div><div class=\"vc_row-full-width vc_clearfix\"><\/div><div id=\"description\" class=\"vc_row wpb_row vc_row-fluid wd-rs-641964cd1af04\"><div class=\"wpb_column vc_column_container vc_col-sm-12\"><div class=\"vc_column-inner\"><div class=\"wpb_wrapper\">\t\t<div id=\"wd-641966533646e\" class=\"wd-image wd-wpb wd-rs-641966533646e hidden-md hidden-sm hidden-xs text-left\">\n\t\t\t\n\t\t\t<img loading=\"lazy\" decoding=\"async\" width=\"1744\" height=\"502\" src=\"https:\/\/sweetheaven.com.tr\/wp-content\/uploads\/2023\/03\/insan-kaynaklari.jpg\" class=\"attachment-full\" alt=\"\" title=\"insan-kaynaklari\" srcset=\"https:\/\/sweetheaven.com.tr\/wp-content\/uploads\/2023\/03\/insan-kaynaklari.jpg 1744w, https:\/\/sweetheaven.com.tr\/wp-content\/uploads\/2023\/03\/insan-kaynaklari-150x43.jpg 150w, https:\/\/sweetheaven.com.tr\/wp-content\/uploads\/2023\/03\/insan-kaynaklari-1200x345.jpg 1200w, https:\/\/sweetheaven.com.tr\/wp-content\/uploads\/2023\/03\/insan-kaynaklari-300x86.jpg 300w, https:\/\/sweetheaven.com.tr\/wp-content\/uploads\/2023\/03\/insan-kaynaklari-1024x295.jpg 1024w, https:\/\/sweetheaven.com.tr\/wp-content\/uploads\/2023\/03\/insan-kaynaklari-768x221.jpg 768w, https:\/\/sweetheaven.com.tr\/wp-content\/uploads\/2023\/03\/insan-kaynaklari-1536x442.jpg 1536w\" sizes=\"auto, (max-width: 1744px) 100vw, 1744px\" \/>\n\t\t\t\t\t<\/div>\n\t\t\t\t<div id=\"wd-641966d6488f9\" class=\"wd-image wd-wpb wd-rs-641966d6488f9 hidden-lg text-center  ik-mobil\">\n\t\t\t\n\t\t\t<img loading=\"lazy\" decoding=\"async\" width=\"446\" height=\"432\" src=\"https:\/\/sweetheaven.com.tr\/wp-content\/uploads\/2023\/03\/insan-kaynaklari-mobil.jpg\" class=\"attachment-full\" alt=\"\" title=\"insan-kaynaklari-mobil\" srcset=\"https:\/\/sweetheaven.com.tr\/wp-content\/uploads\/2023\/03\/insan-kaynaklari-mobil.jpg 446w, https:\/\/sweetheaven.com.tr\/wp-content\/uploads\/2023\/03\/insan-kaynaklari-mobil-150x145.jpg 150w, https:\/\/sweetheaven.com.tr\/wp-content\/uploads\/2023\/03\/insan-kaynaklari-mobil-300x291.jpg 300w\" sizes=\"auto, (max-width: 446px) 100vw, 446px\" \/>\n\t\t\t\t\t<\/div>\n\t\t\n\t<div class=\"wpb_text_column wpb_content_element\" >\n\t\t<div class=\"wpb_wrapper\">\n\t\t\t<ul>\n<li>To use manpower efficiently in line with our goals<\/li>\n<li>To meet all the needs of our employees and to ensure their development<\/li>\n<li>To adopt the principle of humane behavior in all our activities, with the awareness that the greatest competitive advantage is \"human power\",<\/li>\n<li>Adopting the principle of equality with the practices of \"right person for the right job\" and \"equal pay for equal work\",<\/li>\n<li>To provide training and development in order to prevent the knowledge of our employees from obsolete and to ensure that our employees reach the most appropriate skill level,<\/li>\n<li>To prepare appropriate educational environments to prepare the \u201cinformation person\u201d who can fulfill the needs of the age in the best way,<\/li>\n<li>To perform human-oriented functions such as human relations, employee satisfaction, career plans, performance evaluation, recruitment and compliance programs,<\/li>\n<li>To ensure that all our employees unite around common goals,<\/li>\n<li>To deal with the aims of the company and the aims of our employees together,<\/li>\n<li>To keep the motivation level of our employees high.<\/li>\n<\/ul>\n<p>For more information :\u00a0<a title=\"Heaven Cookies \u0130leti\u015fim Formu\" href=\"#\" target=\"_blank\" rel=\"noopener\"><b>Sweet Heaven Contact Form<\/b><\/a>You can apply to<\/p>\n\n\t\t<\/div>\n\t<\/div>\n<\/div><\/div><\/div><\/div>\n<\/div>","protected":false},"excerpt":{"rendered":"\u0130nsan Kaynaklar\u0131 Hedeflerimiz do\u011frultusunda insan g\u00fcc\u00fcn\u00fc verimli kullanmak \u0130\u015f g\u00f6renlerimizin t\u00fcm gereksinimlerini kar\u015f\u0131lamak ve geli\u015fimlerini sa\u011flamak En b\u00fcy\u00fck rekabet avantaj\u0131n\u0131n","protected":false},"author":1,"featured_media":0,"parent":0,"menu_order":0,"comment_status":"closed","ping_status":"closed","template":"","meta":{"footnotes":""},"class_list":["post-161","page","type-page","status-publish","hentry"],"yoast_head":"<!-- This site is optimized with the Yoast SEO plugin v23.8 - https:\/\/yoast.com\/wordpress\/plugins\/seo\/ -->\n<title>\u0130nsan Kaynaklar\u0131 - Sweet Heaven Cakes &amp; Coffee<\/title>\n<meta name=\"robots\" content=\"index, follow, max-snippet:-1, max-image-preview:large, max-video-preview:-1\" \/>\n<link rel=\"canonical\" href=\"https:\/\/sweetheaven.com.tr\/en\/insan-kaynaklari\/\" \/>\n<meta property=\"og:locale\" content=\"en_US\" \/>\n<meta property=\"og:type\" content=\"article\" \/>\n<meta property=\"og:title\" content=\"\u0130nsan Kaynaklar\u0131 - Sweet Heaven Cakes &amp; Coffee\" \/>\n<meta property=\"og:url\" content=\"https:\/\/sweetheaven.com.tr\/en\/insan-kaynaklari\/\" \/>\n<meta property=\"og:site_name\" content=\"Sweet Heaven Cakes &amp; Coffee\" \/>\n<meta property=\"article:modified_time\" content=\"2023-03-23T07:12:29+00:00\" \/>\n<meta name=\"twitter:card\" content=\"summary_large_image\" \/>\n<meta name=\"twitter:label1\" content=\"Est. reading time\" \/>\n\t<meta name=\"twitter:data1\" content=\"2 minutes\" \/>\n<script type=\"application\/ld+json\" class=\"yoast-schema-graph\">{\"@context\":\"https:\/\/schema.org\",\"@graph\":[{\"@type\":\"WebPage\",\"@id\":\"https:\/\/sweetheaven.com.tr\/insan-kaynaklari\/\",\"url\":\"https:\/\/sweetheaven.com.tr\/insan-kaynaklari\/\",\"name\":\"\u0130nsan Kaynaklar\u0131 - Sweet Heaven Cakes &amp; Coffee\",\"isPartOf\":{\"@id\":\"https:\/\/sweetheaven.com.tr\/#website\"},\"datePublished\":\"2023-02-15T11:41:59+00:00\",\"dateModified\":\"2023-03-23T07:12:29+00:00\",\"breadcrumb\":{\"@id\":\"https:\/\/sweetheaven.com.tr\/insan-kaynaklari\/#breadcrumb\"},\"inLanguage\":\"en-US\",\"potentialAction\":[{\"@type\":\"ReadAction\",\"target\":[\"https:\/\/sweetheaven.com.tr\/insan-kaynaklari\/\"]}]},{\"@type\":\"BreadcrumbList\",\"@id\":\"https:\/\/sweetheaven.com.tr\/insan-kaynaklari\/#breadcrumb\",\"itemListElement\":[{\"@type\":\"ListItem\",\"position\":1,\"name\":\"Anasayfa\",\"item\":\"https:\/\/sweetheaven.com.tr\/en\/\"},{\"@type\":\"ListItem\",\"position\":2,\"name\":\"\u0130nsan Kaynaklar\u0131\"}]},{\"@type\":\"WebSite\",\"@id\":\"https:\/\/sweetheaven.com.tr\/#website\",\"url\":\"https:\/\/sweetheaven.com.tr\/\",\"name\":\"Sweet Heaven Cakes &amp; Coffee\",\"description\":\"\",\"potentialAction\":[{\"@type\":\"SearchAction\",\"target\":{\"@type\":\"EntryPoint\",\"urlTemplate\":\"https:\/\/sweetheaven.com.tr\/?s={search_term_string}\"},\"query-input\":{\"@type\":\"PropertyValueSpecification\",\"valueRequired\":true,\"valueName\":\"search_term_string\"}}],\"inLanguage\":\"en-US\"}]}<\/script>\n<!-- \/ Yoast SEO plugin. -->","yoast_head_json":{"title":"\u0130nsan Kaynaklar\u0131 - Sweet Heaven Cakes &amp; Coffee","robots":{"index":"index","follow":"follow","max-snippet":"max-snippet:-1","max-image-preview":"max-image-preview:large","max-video-preview":"max-video-preview:-1"},"canonical":"https:\/\/sweetheaven.com.tr\/en\/insan-kaynaklari\/","og_locale":"en_US","og_type":"article","og_title":"\u0130nsan Kaynaklar\u0131 - Sweet Heaven Cakes &amp; Coffee","og_url":"https:\/\/sweetheaven.com.tr\/en\/insan-kaynaklari\/","og_site_name":"Sweet Heaven Cakes &amp; Coffee","article_modified_time":"2023-03-23T07:12:29+00:00","twitter_card":"summary_large_image","twitter_misc":{"Est. reading time":"2 minutes"},"schema":{"@context":"https:\/\/schema.org","@graph":[{"@type":"WebPage","@id":"https:\/\/sweetheaven.com.tr\/insan-kaynaklari\/","url":"https:\/\/sweetheaven.com.tr\/insan-kaynaklari\/","name":"\u0130nsan Kaynaklar\u0131 - Sweet Heaven Cakes &amp; Coffee","isPartOf":{"@id":"https:\/\/sweetheaven.com.tr\/#website"},"datePublished":"2023-02-15T11:41:59+00:00","dateModified":"2023-03-23T07:12:29+00:00","breadcrumb":{"@id":"https:\/\/sweetheaven.com.tr\/insan-kaynaklari\/#breadcrumb"},"inLanguage":"en-US","potentialAction":[{"@type":"ReadAction","target":["https:\/\/sweetheaven.com.tr\/insan-kaynaklari\/"]}]},{"@type":"BreadcrumbList","@id":"https:\/\/sweetheaven.com.tr\/insan-kaynaklari\/#breadcrumb","itemListElement":[{"@type":"ListItem","position":1,"name":"Anasayfa","item":"https:\/\/sweetheaven.com.tr\/en\/"},{"@type":"ListItem","position":2,"name":"\u0130nsan Kaynaklar\u0131"}]},{"@type":"WebSite","@id":"https:\/\/sweetheaven.com.tr\/#website","url":"https:\/\/sweetheaven.com.tr\/","name":"Sweet Heaven Cakes &amp; Coffee","description":"","potentialAction":[{"@type":"SearchAction","target":{"@type":"EntryPoint","urlTemplate":"https:\/\/sweetheaven.com.tr\/?s={search_term_string}"},"query-input":{"@type":"PropertyValueSpecification","valueRequired":true,"valueName":"search_term_string"}}],"inLanguage":"en-US"}]}},"_links":{"self":[{"href":"https:\/\/sweetheaven.com.tr\/en\/wp-json\/wp\/v2\/pages\/161","targetHints":{"allow":["GET"]}}],"collection":[{"href":"https:\/\/sweetheaven.com.tr\/en\/wp-json\/wp\/v2\/pages"}],"about":[{"href":"https:\/\/sweetheaven.com.tr\/en\/wp-json\/wp\/v2\/types\/page"}],"author":[{"embeddable":true,"href":"https:\/\/sweetheaven.com.tr\/en\/wp-json\/wp\/v2\/users\/1"}],"replies":[{"embeddable":true,"href":"https:\/\/sweetheaven.com.tr\/en\/wp-json\/wp\/v2\/comments?post=161"}],"version-history":[{"count":0,"href":"https:\/\/sweetheaven.com.tr\/en\/wp-json\/wp\/v2\/pages\/161\/revisions"}],"wp:attachment":[{"href":"https:\/\/sweetheaven.com.tr\/en\/wp-json\/wp\/v2\/media?parent=161"}],"curies":[{"name":"wp","href":"https:\/\/api.w.org\/{rel}","templated":true}]}}