{"id":1271,"date":"2023-03-23T09:33:35","date_gmt":"2023-03-23T06:33:35","guid":{"rendered":"https:\/\/sweetheaven.com.tr\/?page_id=1271"},"modified":"2023-03-24T16:32:03","modified_gmt":"2023-03-24T13:32:03","slug":"vegan-urunler-2","status":"publish","type":"page","link":"https:\/\/sweetheaven.com.tr\/en\/vegan-urunler-2\/","title":{"rendered":"Vegan Products"},"content":{"rendered":"<div class=\"wpb-content-wrapper\"><div data-vc-full-width=\"true\" data-vc-full-width-init=\"false\" class=\"vc_row wpb_row vc_row-fluid two-category vc_custom_1679322361020 vc_row-has-fill vc_row-o-content-middle vc_row-flex wd-rs-64186cfe38c75\"><div class=\"wpb_column vc_column_container vc_col-sm-5\"><div class=\"vc_column-inner\"><div class=\"wpb_wrapper\">\t\t<div id=\"wd-64181d73d6196\" class=\"wd-image wd-wpb wd-rs-64181d73d6196 text-left\">\n\t\t\t\n\t\t\t<img loading=\"lazy\" decoding=\"async\" width=\"469\" height=\"406\" src=\"https:\/\/sweetheaven.com.tr\/wp-content\/uploads\/2023\/03\/vegan.png\" class=\"attachment-full\" alt=\"\" title=\"Vegan Products\" srcset=\"https:\/\/sweetheaven.com.tr\/wp-content\/uploads\/2023\/03\/vegan.png 469w, https:\/\/sweetheaven.com.tr\/wp-content\/uploads\/2023\/03\/vegan-150x130.png 150w, https:\/\/sweetheaven.com.tr\/wp-content\/uploads\/2023\/03\/vegan-300x260.png 300w\" sizes=\"auto, (max-width: 469px) 100vw, 469px\" \/>\n\t\t\t\t\t<\/div>\n\t\t<\/div><\/div><\/div><div class=\"wpb_column vc_column_container vc_col-sm-7\"><div class=\"vc_column-inner\"><div class=\"wpb_wrapper\">\n\t\t<div id=\"wd-64186f76bb6c5\" class=\"title-wrapper wd-wpb set-mb-s reset-last-child  wd-rs-64186f76bb6c5 wd-title-color-default wd-title-style-default text-left vegan-section  wd-underline-colored\">\n\t\t\t\n\t\t\t<div class=\"liner-continer\">\n\t\t\t\t<h4 class=\"woodmart-title-container title  wd-font-weight- wd-fontsize-xl\" >VEGAN PRODUCTS<\/h4>\n\t\t\t\t\t\t\t<\/div>\n\t\t\t\n\t\t\t\t\t\t\t<div class=\"title-after_title  set-cont-mb-s reset-last-child  wd-fontsize-s\">100% Vegan Dessert Alternatives from Sweet Heaven Vegan dessert alternatives prepared from 100% plant-based products are produced for you with the experience of Sweet Heaven. We are proud and happy to offer you the flavors certified by the European Vegetarian Union that will stay on your palate.<\/div>\n\t\t\t\n\t\t\t\n\t\t<\/div>\n\t\t\n\t\t<div id=\"wd-641bf49fc8494\" class=\"wd-rs-641bf49fc8494  wd-button-wrapper woodmart-button-wrapper text-center inline-element\"><a href=\"https:\/\/sweetheaven.com.tr\/en\/product-tag\/vegan\/\" title=\"Vegan Products\" class=\"btn btn-color-default btn-style-default btn-style-round btn-size-default custom-btn green\">View Products<\/a><\/div><\/div><\/div><\/div><\/div><div class=\"vc_row-full-width vc_clearfix\"><\/div><div id=\"products-tab\" data-vc-full-width=\"true\" data-vc-full-width-init=\"false\" class=\"vc_row wpb_row vc_row-fluid wd-rs-63ee406b25d64\"><div class=\"wpb_column vc_column_container vc_col-sm-12\"><div class=\"vc_column-inner\"><div class=\"wpb_wrapper\"><div class=\"vc_tta-container\" data-vc-action=\"collapse\"><div class=\"vc_general vc_tta vc_tta-tabs vc_tta-color-grey vc_tta-style-classic vc_tta-shape-rounded vc_tta-spacing-1 vc_tta-o-no-fill vc_tta-tabs-position-top vc_tta-controls-align-left\"><div class=\"vc_tta-tabs-container\"><ul class=\"vc_tta-tabs-list\"><li class=\"vc_tta-tab vc_active\" data-vc-tab><a href=\"#vegan-urunler\" data-vc-tabs data-vc-container=\".vc_tta\"><span class=\"vc_tta-title-text\"><\/span><\/a><\/li><\/ul><\/div><div class=\"vc_tta-panels-container\"><div class=\"vc_tta-panels\"><div class=\"vc_tta-panel vc_active\" id=\"vegan-urunler\" data-vc-content=\".vc_tta-panel-body\"><div class=\"vc_tta-panel-heading\"><h4 class=\"vc_tta-panel-title\"><a href=\"#vegan-urunler\" data-vc-accordion data-vc-container=\".vc_tta-container\"><span class=\"vc_tta-title-text\"><\/span><\/a><\/h4><\/div><div class=\"vc_tta-panel-body\"><div class=\"vc_row wpb_row vc_inner vc_row-fluid\"><div class=\"wpb_column vc_column_container vc_col-sm-1\"><div class=\"vc_column-inner\"><div class=\"wpb_wrapper\"><\/div><\/div><\/div><div class=\"wpb_column vc_column_container vc_col-sm-10\"><div class=\"vc_column-inner\"><div class=\"wpb_wrapper\">\t\t\t<div class=\"wd-rs-63ede50de7bc2 wd-wpb\">\n\n\t\t\t\t\t\t\t\t\t\t\t\t<div id=\"carousel-293\"\n\t\t\t\t class=\"wd-carousel-container  slider-type-product products wd-carousel-spacing-20\" data-owl-carousel data-wrap=\"no\" data-hide_pagination_control=\"no\" data-hide_prev_next_buttons=\"no\" data-desktop=\"3\" data-tablet_landscape=\"3\" data-tablet=\"2\" data-mobile=\"2\">\n\t\t\t\t\t\t\t\t<div class=\"owl-carousel owl-items-lg-3 owl-items-md-3 owl-items-sm-2 owl-items-xs-2\">\n\t\t\t\t\t\n\t\t\t\t\t\t\t<div class=\"slide-product owl-carousel-item\">\n\t\t\t\n\t\t\t\t\t\t\t\t\t\t\t<div class=\"product-grid-item product wd-hover-tiled woodmart-hover-tiled type-product post-1070 status-publish instock product_cat-glutensiz-vegan-urunler product_cat-market-pastalari product_cat-pastalar product_cat-urunlerimiz product_cat-vegan product_tag-vegan has-post-thumbnail shipping-taxable product-type-simple\" data-loop=\"1\" data-id=\"1070\">\n\t\n\t\n<div class=\"product-wrapper\">\n\t<div class=\"product-element-top wd-quick-shop\">\n\t\t<a href=\"https:\/\/sweetheaven.com.tr\/en\/vegan-kirmizi-meyveli-pasta\/\" class=\"product-image-link\">\n\t\t\t<img loading=\"lazy\" decoding=\"async\" width=\"600\" height=\"600\" src=\"https:\/\/sweetheaven.com.tr\/wp-content\/uploads\/2023\/03\/kirmiz-meyveli-600x600.jpg\" class=\"attachment-woocommerce_thumbnail size-woocommerce_thumbnail\" alt=\"\" srcset=\"https:\/\/sweetheaven.com.tr\/wp-content\/uploads\/2023\/03\/kirmiz-meyveli-600x600.jpg 600w, https:\/\/sweetheaven.com.tr\/wp-content\/uploads\/2023\/03\/kirmiz-meyveli-150x150.jpg 150w\" sizes=\"auto, (max-width: 600px) 100vw, 600px\" \/>\t\t<\/a>\n\t\t\t\t<div class=\"wd-buttons wd-pos-r-t woodmart-buttons\">\n\t\t\t\t\t\t<div class=\"wd-add-btn wd-action-btn wd-style-icon wd-add-cart-icon wd-add-cart-btn woodmart-add-btn\"><\/div>\n\t\t\t\t\t\t\t\t\t\t\t<\/div>\n\t<\/div>\n\n\t<div class=\"product-element-bottom\">\n\t\t<h3 class=\"wd-entities-title\"><a href=\"https:\/\/sweetheaven.com.tr\/en\/vegan-kirmizi-meyveli-pasta\/\">Vegan Red Fruit Cake<\/a><\/h3>\t\t\t\t\t\t\t\t\t\t\n\n\t\t\n\t\t\t\t\n\t\t\t<\/div>\n<\/div>\n<\/div>\n\t\t\t\t\t\n\t\t<\/div>\n\t\t\t\t<div class=\"slide-product owl-carousel-item\">\n\t\t\t\n\t\t\t\t\t\t\t\t\t\t\t<div class=\"product-grid-item product wd-hover-tiled woodmart-hover-tiled type-product post-1072 status-publish instock product_cat-glutensiz-vegan-urunler product_cat-market-pastalari product_cat-pastalar product_cat-urunlerimiz product_cat-vegan product_tag-vegan has-post-thumbnail shipping-taxable product-type-simple\" data-loop=\"2\" data-id=\"1072\">\n\t\n\t\n<div class=\"product-wrapper\">\n\t<div class=\"product-element-top wd-quick-shop\">\n\t\t<a href=\"https:\/\/sweetheaven.com.tr\/en\/vegan-frambuazli-tart\/\" class=\"product-image-link\">\n\t\t\t<img loading=\"lazy\" decoding=\"async\" width=\"600\" height=\"600\" src=\"https:\/\/sweetheaven.com.tr\/wp-content\/uploads\/2023\/03\/kirmiz-meyveli-2-600x600.jpg\" class=\"attachment-woocommerce_thumbnail size-woocommerce_thumbnail\" alt=\"\" srcset=\"https:\/\/sweetheaven.com.tr\/wp-content\/uploads\/2023\/03\/kirmiz-meyveli-2-600x600.jpg 600w, https:\/\/sweetheaven.com.tr\/wp-content\/uploads\/2023\/03\/kirmiz-meyveli-2-150x150.jpg 150w\" sizes=\"auto, (max-width: 600px) 100vw, 600px\" \/>\t\t<\/a>\n\t\t\t\t<div class=\"wd-buttons wd-pos-r-t woodmart-buttons\">\n\t\t\t\t\t\t<div class=\"wd-add-btn wd-action-btn wd-style-icon wd-add-cart-icon wd-add-cart-btn woodmart-add-btn\"><\/div>\n\t\t\t\t\t\t\t\t\t\t\t<\/div>\n\t<\/div>\n\n\t<div class=\"product-element-bottom\">\n\t\t<h3 class=\"wd-entities-title\"><a href=\"https:\/\/sweetheaven.com.tr\/en\/vegan-frambuazli-tart\/\">Vegan Raspberry Tart<\/a><\/h3>\t\t\t\t\t\t\t\t\t\t\n\n\t\t\n\t\t\t\t\n\t\t\t<\/div>\n<\/div>\n<\/div>\n\t\t\t\t\t\n\t\t<\/div>\n\t\t\t\t<div class=\"slide-product owl-carousel-item\">\n\t\t\t\n\t\t\t\t\t\t\t\t\t\t\t<div class=\"product-grid-item product wd-hover-tiled woodmart-hover-tiled type-product post-1074 status-publish last instock product_cat-glutensiz-vegan-urunler product_cat-market-pastalari product_cat-pastalar product_cat-urunlerimiz product_cat-vegan product_tag-vegan has-post-thumbnail shipping-taxable product-type-simple\" data-loop=\"3\" data-id=\"1074\">\n\t\n\t\n<div class=\"product-wrapper\">\n\t<div class=\"product-element-top wd-quick-shop\">\n\t\t<a href=\"https:\/\/sweetheaven.com.tr\/en\/vegan-yer-fistikli-cikolatali-pasta\/\" class=\"product-image-link\">\n\t\t\t<img loading=\"lazy\" decoding=\"async\" width=\"600\" height=\"600\" src=\"https:\/\/sweetheaven.com.tr\/wp-content\/uploads\/2023\/03\/yer-fistikli-600x600.jpg\" class=\"attachment-woocommerce_thumbnail size-woocommerce_thumbnail\" alt=\"\" srcset=\"https:\/\/sweetheaven.com.tr\/wp-content\/uploads\/2023\/03\/yer-fistikli-600x600.jpg 600w, https:\/\/sweetheaven.com.tr\/wp-content\/uploads\/2023\/03\/yer-fistikli-150x150.jpg 150w\" sizes=\"auto, (max-width: 600px) 100vw, 600px\" \/>\t\t<\/a>\n\t\t\t\t<div class=\"wd-buttons wd-pos-r-t woodmart-buttons\">\n\t\t\t\t\t\t<div class=\"wd-add-btn wd-action-btn wd-style-icon wd-add-cart-icon wd-add-cart-btn woodmart-add-btn\"><\/div>\n\t\t\t\t\t\t\t\t\t\t\t<\/div>\n\t<\/div>\n\n\t<div class=\"product-element-bottom\">\n\t\t<h3 class=\"wd-entities-title\"><a href=\"https:\/\/sweetheaven.com.tr\/en\/vegan-yer-fistikli-cikolatali-pasta\/\">Vegan Peanut Chocolate Cake<\/a><\/h3>\t\t\t\t\t\t\t\t\t\t\n\n\t\t\n\t\t\t\t\n\t\t\t<\/div>\n<\/div>\n<\/div>\n\t\t\t\t\t\n\t\t<\/div>\n\t\t\t\t<div class=\"slide-product owl-carousel-item\">\n\t\t\t\n\t\t\t\t\t\t\t\t\t\t\t<div class=\"product-grid-item product wd-hover-tiled woodmart-hover-tiled type-product post-1140 status-publish first instock product_cat-glutensiz-vegan-urunler product_cat-otel-pastalari product_cat-pastalar product_cat-urunlerimiz product_cat-vegan product_tag-vegan has-post-thumbnail shipping-taxable product-type-simple\" data-loop=\"4\" data-id=\"1140\">\n\t\n\t\n<div class=\"product-wrapper\">\n\t<div class=\"product-element-top wd-quick-shop\">\n\t\t<a href=\"https:\/\/sweetheaven.com.tr\/en\/vegan-frambuazli-tart-2\/\" class=\"product-image-link\">\n\t\t\t<img loading=\"lazy\" decoding=\"async\" width=\"600\" height=\"600\" src=\"https:\/\/sweetheaven.com.tr\/wp-content\/uploads\/2023\/03\/vegan-1-600x600.jpg\" class=\"attachment-woocommerce_thumbnail size-woocommerce_thumbnail\" alt=\"\" srcset=\"https:\/\/sweetheaven.com.tr\/wp-content\/uploads\/2023\/03\/vegan-1-600x600.jpg 600w, https:\/\/sweetheaven.com.tr\/wp-content\/uploads\/2023\/03\/vegan-1-150x150.jpg 150w\" sizes=\"auto, (max-width: 600px) 100vw, 600px\" \/>\t\t<\/a>\n\t\t\t\t<div class=\"wd-buttons wd-pos-r-t woodmart-buttons\">\n\t\t\t\t\t\t<div class=\"wd-add-btn wd-action-btn wd-style-icon wd-add-cart-icon wd-add-cart-btn woodmart-add-btn\"><\/div>\n\t\t\t\t\t\t\t\t\t\t\t<\/div>\n\t<\/div>\n\n\t<div class=\"product-element-bottom\">\n\t\t<h3 class=\"wd-entities-title\"><a href=\"https:\/\/sweetheaven.com.tr\/en\/vegan-frambuazli-tart-2\/\">Vegan Raspberry Tart<\/a><\/h3>\t\t\t\t\t\t\t\t\t\t\n\n\t\t\n\t\t\t\t\n\t\t\t<\/div>\n<\/div>\n<\/div>\n\t\t\t\t\t\n\t\t<\/div>\n\t\t\t\t<div class=\"slide-product owl-carousel-item\">\n\t\t\t\n\t\t\t\t\t\t\t\t\t\t\t<div class=\"product-grid-item product wd-hover-tiled woodmart-hover-tiled type-product post-955 status-publish instock product_cat-glutensiz-vegan-urunler product_cat-kuplar product_cat-pastalar product_cat-urunlerimiz product_cat-vegan product_tag-vegan has-post-thumbnail shipping-taxable product-type-simple\" data-loop=\"5\" data-id=\"955\">\n\t\n\t\n<div class=\"product-wrapper\">\n\t<div class=\"product-element-top wd-quick-shop\">\n\t\t<a href=\"https:\/\/sweetheaven.com.tr\/en\/vegan-frambuazli-kup\/\" class=\"product-image-link\">\n\t\t\t<img loading=\"lazy\" decoding=\"async\" width=\"600\" height=\"600\" src=\"https:\/\/sweetheaven.com.tr\/wp-content\/uploads\/2023\/03\/vegan-frambuazli-magnolya-600x600.jpg\" class=\"attachment-woocommerce_thumbnail size-woocommerce_thumbnail\" alt=\"\" srcset=\"https:\/\/sweetheaven.com.tr\/wp-content\/uploads\/2023\/03\/vegan-frambuazli-magnolya-600x600.jpg 600w, https:\/\/sweetheaven.com.tr\/wp-content\/uploads\/2023\/03\/vegan-frambuazli-magnolya-150x150.jpg 150w\" sizes=\"auto, (max-width: 600px) 100vw, 600px\" \/>\t\t<\/a>\n\t\t\t\t<div class=\"wd-buttons wd-pos-r-t woodmart-buttons\">\n\t\t\t\t\t\t<div class=\"wd-add-btn wd-action-btn wd-style-icon wd-add-cart-icon wd-add-cart-btn woodmart-add-btn\"><\/div>\n\t\t\t\t\t\t\t\t\t\t\t<\/div>\n\t<\/div>\n\n\t<div class=\"product-element-bottom\">\n\t\t<h3 class=\"wd-entities-title\"><a href=\"https:\/\/sweetheaven.com.tr\/en\/vegan-frambuazli-kup\/\">Vegan Raspberry Cup<\/a><\/h3>\t\t\t\t\t\t\t\t\t\t\n\n\t\t\n\t\t\t\t\n\t\t\t<\/div>\n<\/div>\n<\/div>\n\t\t\t\t\t\n\t\t<\/div>\n\t\t\t\t<div class=\"slide-product owl-carousel-item\">\n\t\t\t\n\t\t\t\t\t\t\t\t\t\t\t<div class=\"product-grid-item product wd-hover-tiled woodmart-hover-tiled type-product post-961 status-publish instock product_cat-glutensiz-vegan-urunler product_cat-kuplar product_cat-pastalar product_cat-urunlerimiz product_cat-vegan product_tag-vegan has-post-thumbnail shipping-taxable product-type-simple\" data-loop=\"6\" data-id=\"961\">\n\t\n\t\n<div class=\"product-wrapper\">\n\t<div class=\"product-element-top wd-quick-shop\">\n\t\t<a href=\"https:\/\/sweetheaven.com.tr\/en\/vegan-yer-fistikli-kup\/\" class=\"product-image-link\">\n\t\t\t<img loading=\"lazy\" decoding=\"async\" width=\"600\" height=\"600\" src=\"https:\/\/sweetheaven.com.tr\/wp-content\/uploads\/2023\/03\/yer-fistikli-kup-b-600x600.jpg\" class=\"attachment-woocommerce_thumbnail size-woocommerce_thumbnail\" alt=\"\" srcset=\"https:\/\/sweetheaven.com.tr\/wp-content\/uploads\/2023\/03\/yer-fistikli-kup-b-600x600.jpg 600w, https:\/\/sweetheaven.com.tr\/wp-content\/uploads\/2023\/03\/yer-fistikli-kup-b-150x150.jpg 150w\" sizes=\"auto, (max-width: 600px) 100vw, 600px\" \/>\t\t<\/a>\n\t\t\t\t<div class=\"wd-buttons wd-pos-r-t woodmart-buttons\">\n\t\t\t\t\t\t<div class=\"wd-add-btn wd-action-btn wd-style-icon wd-add-cart-icon wd-add-cart-btn woodmart-add-btn\"><\/div>\n\t\t\t\t\t\t\t\t\t\t\t<\/div>\n\t<\/div>\n\n\t<div class=\"product-element-bottom\">\n\t\t<h3 class=\"wd-entities-title\"><a href=\"https:\/\/sweetheaven.com.tr\/en\/vegan-yer-fistikli-kup\/\">Vegan Peanut Butter Cup<\/a><\/h3>\t\t\t\t\t\t\t\t\t\t\n\n\t\t\n\t\t\t\t\n\t\t\t<\/div>\n<\/div>\n<\/div>\n\t\t\t\t\t\n\t\t<\/div>\n\t\t\t\t<div class=\"slide-product owl-carousel-item\">\n\t\t\t\n\t\t\t\t\t\t\t\t\t\t\t<div class=\"product-grid-item product wd-hover-tiled woodmart-hover-tiled type-product post-958 status-publish last instock product_cat-glutensiz-vegan-urunler product_cat-kuplar product_cat-pastalar product_cat-urunlerimiz product_cat-vegan product_tag-vegan has-post-thumbnail shipping-taxable product-type-simple\" data-loop=\"7\" data-id=\"958\">\n\t\n\t\n<div class=\"product-wrapper\">\n\t<div class=\"product-element-top wd-quick-shop\">\n\t\t<a href=\"https:\/\/sweetheaven.com.tr\/en\/vegan-vanilyali-kup\/\" class=\"product-image-link\">\n\t\t\t<img loading=\"lazy\" decoding=\"async\" width=\"600\" height=\"600\" src=\"https:\/\/sweetheaven.com.tr\/wp-content\/uploads\/2023\/03\/vegan-vanilyali-kup-b-600x600.jpg\" class=\"attachment-woocommerce_thumbnail size-woocommerce_thumbnail\" alt=\"\" srcset=\"https:\/\/sweetheaven.com.tr\/wp-content\/uploads\/2023\/03\/vegan-vanilyali-kup-b-600x600.jpg 600w, https:\/\/sweetheaven.com.tr\/wp-content\/uploads\/2023\/03\/vegan-vanilyali-kup-b-150x150.jpg 150w\" sizes=\"auto, (max-width: 600px) 100vw, 600px\" \/>\t\t<\/a>\n\t\t\t\t<div class=\"wd-buttons wd-pos-r-t woodmart-buttons\">\n\t\t\t\t\t\t<div class=\"wd-add-btn wd-action-btn wd-style-icon wd-add-cart-icon wd-add-cart-btn woodmart-add-btn\"><\/div>\n\t\t\t\t\t\t\t\t\t\t\t<\/div>\n\t<\/div>\n\n\t<div class=\"product-element-bottom\">\n\t\t<h3 class=\"wd-entities-title\"><a href=\"https:\/\/sweetheaven.com.tr\/en\/vegan-vanilyali-kup\/\">Vegan Vanilla Cup<\/a><\/h3>\t\t\t\t\t\t\t\t\t\t\n\n\t\t\n\t\t\t\t\n\t\t\t<\/div>\n<\/div>\n<\/div>\n\t\t\t\t\t\n\t\t<\/div>\n\t\t\t\t\t\t\n\t\t\t\t<\/div> <!-- end product-items -->\n\t\t\t<\/div> <!-- end #carousel-293 -->\n\t\t\t\n\t\t\t\n\t\t\t<\/div>\n\t\t\t<\/div><\/div><\/div><div class=\"wpb_column vc_column_container vc_col-sm-1\"><div class=\"vc_column-inner\"><div class=\"wpb_wrapper\"><\/div><\/div><\/div><\/div><\/div><\/div><\/div><\/div><\/div><\/div><\/div><\/div><\/div><\/div><div class=\"vc_row-full-width vc_clearfix\"><\/div>\n<\/div>","protected":false},"excerpt":{"rendered":"\u2018\u2019Kakaolu vegan kek, vanilyal\u0131 vegan krema, frambuaz - yer f\u0131st\u0131\u011f\u0131- f\u0131nd\u0131k par\u00e7alar\u0131...\u201d 1080 gr. \u00dcr\u00fcn Detaylar\u0131 Kutu \u0130\u00e7i A\u011f\u0131rl\u0131k Porsiyon","protected":false},"author":1,"featured_media":0,"parent":0,"menu_order":0,"comment_status":"closed","ping_status":"closed","template":"","meta":{"footnotes":""},"class_list":["post-1271","page","type-page","status-publish","hentry"],"yoast_head":"<!-- This site is optimized with the Yoast SEO plugin v23.8 - https:\/\/yoast.com\/wordpress\/plugins\/seo\/ -->\n<title>Vegan \u00dcr\u00fcnler - Sweet Heaven Cakes &amp; Coffee<\/title>\n<meta name=\"robots\" content=\"index, follow, max-snippet:-1, max-image-preview:large, max-video-preview:-1\" \/>\n<link rel=\"canonical\" href=\"https:\/\/sweetheaven.com.tr\/en\/vegan-urunler-2\/\" \/>\n<meta property=\"og:locale\" content=\"en_US\" \/>\n<meta property=\"og:type\" content=\"article\" \/>\n<meta property=\"og:title\" content=\"Vegan \u00dcr\u00fcnler - Sweet Heaven Cakes &amp; Coffee\" \/>\n<meta property=\"og:url\" content=\"https:\/\/sweetheaven.com.tr\/en\/vegan-urunler-2\/\" \/>\n<meta property=\"og:site_name\" content=\"Sweet Heaven Cakes &amp; Coffee\" \/>\n<meta property=\"article:modified_time\" content=\"2023-03-24T13:32:03+00:00\" \/>\n<meta name=\"twitter:card\" content=\"summary_large_image\" \/>\n<meta name=\"twitter:label1\" content=\"Est. reading time\" \/>\n\t<meta name=\"twitter:data1\" content=\"1 minute\" \/>\n<script type=\"application\/ld+json\" class=\"yoast-schema-graph\">{\"@context\":\"https:\/\/schema.org\",\"@graph\":[{\"@type\":\"WebPage\",\"@id\":\"https:\/\/sweetheaven.com.tr\/en\/vegan-urunler-2\/\",\"url\":\"https:\/\/sweetheaven.com.tr\/en\/vegan-urunler-2\/\",\"name\":\"Vegan \u00dcr\u00fcnler - Sweet Heaven Cakes &amp; Coffee\",\"isPartOf\":{\"@id\":\"https:\/\/sweetheaven.com.tr\/#website\"},\"datePublished\":\"2023-03-23T06:33:35+00:00\",\"dateModified\":\"2023-03-24T13:32:03+00:00\",\"breadcrumb\":{\"@id\":\"https:\/\/sweetheaven.com.tr\/en\/vegan-urunler-2\/#breadcrumb\"},\"inLanguage\":\"en-US\",\"potentialAction\":[{\"@type\":\"ReadAction\",\"target\":[\"https:\/\/sweetheaven.com.tr\/en\/vegan-urunler-2\/\"]}]},{\"@type\":\"BreadcrumbList\",\"@id\":\"https:\/\/sweetheaven.com.tr\/en\/vegan-urunler-2\/#breadcrumb\",\"itemListElement\":[{\"@type\":\"ListItem\",\"position\":1,\"name\":\"Anasayfa\",\"item\":\"https:\/\/sweetheaven.com.tr\/en\/\"},{\"@type\":\"ListItem\",\"position\":2,\"name\":\"Vegan \u00dcr\u00fcnler\"}]},{\"@type\":\"WebSite\",\"@id\":\"https:\/\/sweetheaven.com.tr\/#website\",\"url\":\"https:\/\/sweetheaven.com.tr\/\",\"name\":\"Sweet Heaven Cakes &amp; Coffee\",\"description\":\"\",\"potentialAction\":[{\"@type\":\"SearchAction\",\"target\":{\"@type\":\"EntryPoint\",\"urlTemplate\":\"https:\/\/sweetheaven.com.tr\/?s={search_term_string}\"},\"query-input\":{\"@type\":\"PropertyValueSpecification\",\"valueRequired\":true,\"valueName\":\"search_term_string\"}}],\"inLanguage\":\"en-US\"}]}<\/script>\n<!-- \/ Yoast SEO plugin. -->","yoast_head_json":{"title":"Vegan \u00dcr\u00fcnler - Sweet Heaven Cakes &amp; Coffee","robots":{"index":"index","follow":"follow","max-snippet":"max-snippet:-1","max-image-preview":"max-image-preview:large","max-video-preview":"max-video-preview:-1"},"canonical":"https:\/\/sweetheaven.com.tr\/en\/vegan-urunler-2\/","og_locale":"en_US","og_type":"article","og_title":"Vegan \u00dcr\u00fcnler - Sweet Heaven Cakes &amp; Coffee","og_url":"https:\/\/sweetheaven.com.tr\/en\/vegan-urunler-2\/","og_site_name":"Sweet Heaven Cakes &amp; Coffee","article_modified_time":"2023-03-24T13:32:03+00:00","twitter_card":"summary_large_image","twitter_misc":{"Est. reading time":"1 minute"},"schema":{"@context":"https:\/\/schema.org","@graph":[{"@type":"WebPage","@id":"https:\/\/sweetheaven.com.tr\/en\/vegan-urunler-2\/","url":"https:\/\/sweetheaven.com.tr\/en\/vegan-urunler-2\/","name":"Vegan \u00dcr\u00fcnler - Sweet Heaven Cakes &amp; Coffee","isPartOf":{"@id":"https:\/\/sweetheaven.com.tr\/#website"},"datePublished":"2023-03-23T06:33:35+00:00","dateModified":"2023-03-24T13:32:03+00:00","breadcrumb":{"@id":"https:\/\/sweetheaven.com.tr\/en\/vegan-urunler-2\/#breadcrumb"},"inLanguage":"en-US","potentialAction":[{"@type":"ReadAction","target":["https:\/\/sweetheaven.com.tr\/en\/vegan-urunler-2\/"]}]},{"@type":"BreadcrumbList","@id":"https:\/\/sweetheaven.com.tr\/en\/vegan-urunler-2\/#breadcrumb","itemListElement":[{"@type":"ListItem","position":1,"name":"Anasayfa","item":"https:\/\/sweetheaven.com.tr\/en\/"},{"@type":"ListItem","position":2,"name":"Vegan \u00dcr\u00fcnler"}]},{"@type":"WebSite","@id":"https:\/\/sweetheaven.com.tr\/#website","url":"https:\/\/sweetheaven.com.tr\/","name":"Sweet Heaven Cakes &amp; Coffee","description":"","potentialAction":[{"@type":"SearchAction","target":{"@type":"EntryPoint","urlTemplate":"https:\/\/sweetheaven.com.tr\/?s={search_term_string}"},"query-input":{"@type":"PropertyValueSpecification","valueRequired":true,"valueName":"search_term_string"}}],"inLanguage":"en-US"}]}},"_links":{"self":[{"href":"https:\/\/sweetheaven.com.tr\/en\/wp-json\/wp\/v2\/pages\/1271","targetHints":{"allow":["GET"]}}],"collection":[{"href":"https:\/\/sweetheaven.com.tr\/en\/wp-json\/wp\/v2\/pages"}],"about":[{"href":"https:\/\/sweetheaven.com.tr\/en\/wp-json\/wp\/v2\/types\/page"}],"author":[{"embeddable":true,"href":"https:\/\/sweetheaven.com.tr\/en\/wp-json\/wp\/v2\/users\/1"}],"replies":[{"embeddable":true,"href":"https:\/\/sweetheaven.com.tr\/en\/wp-json\/wp\/v2\/comments?post=1271"}],"version-history":[{"count":0,"href":"https:\/\/sweetheaven.com.tr\/en\/wp-json\/wp\/v2\/pages\/1271\/revisions"}],"wp:attachment":[{"href":"https:\/\/sweetheaven.com.tr\/en\/wp-json\/wp\/v2\/media?parent=1271"}],"curies":[{"name":"wp","href":"https:\/\/api.w.org\/{rel}","templated":true}]}}