{"id":952,"date":"2023-03-22T10:20:08","date_gmt":"2023-03-22T07:20:08","guid":{"rendered":"https:\/\/sweetheaven.com.tr\/?post_type=product&#038;p=952"},"modified":"2023-04-19T07:22:24","modified_gmt":"2023-04-19T04:22:24","slug":"muz-aromali-magnolya","status":"publish","type":"product","link":"https:\/\/sweetheaven.com.tr\/de\/muz-aromali-magnolya\/","title":{"rendered":"Magnolie mit Bananengeschmack"},"content":{"rendered":"<div class=\"wpb-content-wrapper\"><div class=\"vc_row wpb_row vc_row-fluid\"><div class=\"wpb_column vc_column_container vc_col-sm-12\"><div class=\"vc_column-inner\"><div class=\"wpb_wrapper\">\n\t<div class=\"wpb_text_column wpb_content_element\" id=\"custom-description\">\n\t\t<div class=\"wpb_wrapper\">\n\t\t\t<p>\u2018\u2019\u00d6zel bisk\u00fcvi taban\u0131, muzlu magnolia kremas\u0131, \u00e7ikolatal\u0131 krep par\u00e7alar\u0131&#8230;\u201d<\/p>\n\n\t\t<\/div>\n\t<\/div>\n\n\t<div class=\"wpb_text_column wpb_content_element weight\" >\n\t\t<div class=\"wpb_wrapper\">\n\t\t\t<p>1000 gr.<\/p>\n\n\t\t<\/div>\n\t<\/div>\n\n\t<div class=\"wpb_raw_code wpb_raw_html wpb_content_element tables\" >\n\t\t<div class=\"wpb_wrapper\">\n\t\t\t<table class=\"custom-desc\">\n    <tr>\n        <td colspan=\"3\">Details zum Produkt<\/td>\n    <\/tr>\n    <tr>\n        <td>Kutu \u0130\u00e7i<\/td>\n        <td>Gewicht<\/td>\n        <td>Portion Gewicht<\/td>\n    <\/tr>\n    <tr class=\"properties\">\n        <td><span>6<\/span><span>st\u00fccke<\/span><\/td>\n        <td><span>1000 gr.<\/span><span>\u00b1 5 gr.<\/span><\/td>\n        <td><span>166 gr.<\/span><span>\u00b1 5 gr.<\/span><\/td>\n    <\/tr>\n<\/table>\n\n<table class=\"custom-desc\">\n    <tr>\n        <td colspan=\"3\">Lagerungsbedingungen<\/td>\n    <\/tr>\n    <tr>\n        <td>Lagerzeit<\/td>\n        <td>Auftauzeit<\/td>\n        <td>Dauer<\/td>\n    <\/tr>\n    <tr class=\"properties\">\n        <td><span>bei -18 \u00b0C<\/span><span>12 Monate<\/span><\/td>\n        <td><span>bei +4 \u00b0C<\/span><span>3-3,5 Stunden<\/span><\/td>\n        <td><span>bei +4 \u00b0C<\/span><span>3 oder 4 Tage<\/span><\/td>\n    <\/tr>\n<\/table>\n\t\t<\/div>\n\t<\/div>\n<\/div><\/div><\/div><\/div>\n<\/div>","protected":false},"excerpt":{"rendered":"\u2018\u2019\u00d6zel bisk\u00fcvi taban\u0131, muzlu magnolia kremas\u0131, \u00e7ikolatal\u0131 krep par\u00e7alar\u0131...\u201d 1000 gr. \u00dcr\u00fcn Detaylar\u0131 Kutu \u0130\u00e7i A\u011f\u0131rl\u0131k Porsiyon Gramaj 6adet 1000","protected":false},"featured_media":953,"template":"","meta":[],"product_cat":[65,33,40],"product_tag":[],"class_list":{"0":"post-952","1":"product","2":"type-product","3":"status-publish","4":"has-post-thumbnail","6":"product_cat-urunlerimiz","7":"product_cat-pastalar","8":"product_cat-kuplar","10":"first","11":"instock","12":"shipping-taxable","13":"product-type-simple"},"yoast_head":"<!-- This site is optimized with the Yoast SEO plugin v23.8 - https:\/\/yoast.com\/wordpress\/plugins\/seo\/ -->\n<title>Muz Aromal\u0131 Magnolya - Sweet Heaven Cakes &amp; Coffee<\/title>\n<meta name=\"robots\" content=\"index, follow, max-snippet:-1, max-image-preview:large, max-video-preview:-1\" \/>\n<link rel=\"canonical\" href=\"https:\/\/sweetheaven.com.tr\/de\/?attachment_id=954\/\" \/>\n<meta property=\"og:locale\" content=\"de_DE\" \/>\n<meta property=\"og:type\" content=\"article\" \/>\n<meta property=\"og:title\" content=\"Muz Aromal\u0131 Magnolya - Sweet Heaven Cakes &amp; Coffee\" \/>\n<meta property=\"og:url\" content=\"https:\/\/sweetheaven.com.tr\/de\/?attachment_id=954\/\" \/>\n<meta property=\"og:site_name\" content=\"Sweet Heaven Cakes &amp; Coffee\" \/>\n<meta property=\"article:modified_time\" content=\"2023-04-19T04:22:24+00:00\" \/>\n<meta property=\"og:image\" content=\"https:\/\/sweetheaven.com.tr\/wp-content\/uploads\/2023\/03\/muz-aromali-magnolya-b.jpg\" \/>\n\t<meta property=\"og:image:width\" content=\"1000\" \/>\n\t<meta property=\"og:image:height\" content=\"602\" \/>\n\t<meta property=\"og:image:type\" content=\"image\/jpeg\" \/>\n<meta name=\"twitter:card\" content=\"summary_large_image\" \/>\n<meta name=\"twitter:label1\" content=\"Gesch\u00e4tzte Lesezeit\" \/>\n\t<meta name=\"twitter:data1\" content=\"1\u00a0Minute\" \/>\n<script type=\"application\/ld+json\" class=\"yoast-schema-graph\">{\"@context\":\"https:\/\/schema.org\",\"@graph\":[{\"@type\":\"WebPage\",\"@id\":\"https:\/\/sweetheaven.com.tr\/en\/muz-aromali-magnolya\/\",\"url\":\"https:\/\/sweetheaven.com.tr\/en\/muz-aromali-magnolya\/\",\"name\":\"Muz Aromal\u0131 Magnolya - Sweet Heaven Cakes &amp; Coffee\",\"isPartOf\":{\"@id\":\"https:\/\/sweetheaven.com.tr\/#website\"},\"primaryImageOfPage\":{\"@id\":\"https:\/\/sweetheaven.com.tr\/en\/muz-aromali-magnolya\/#primaryimage\"},\"image\":{\"@id\":\"https:\/\/sweetheaven.com.tr\/en\/muz-aromali-magnolya\/#primaryimage\"},\"thumbnailUrl\":\"https:\/\/sweetheaven.com.tr\/wp-content\/uploads\/2023\/03\/muz-aromali-magnolya-b.jpg\",\"datePublished\":\"2023-03-22T07:20:08+00:00\",\"dateModified\":\"2023-04-19T04:22:24+00:00\",\"breadcrumb\":{\"@id\":\"https:\/\/sweetheaven.com.tr\/en\/muz-aromali-magnolya\/#breadcrumb\"},\"inLanguage\":\"de\",\"potentialAction\":[{\"@type\":\"ReadAction\",\"target\":[\"https:\/\/sweetheaven.com.tr\/en\/muz-aromali-magnolya\/\"]}]},{\"@type\":\"ImageObject\",\"inLanguage\":\"de\",\"@id\":\"https:\/\/sweetheaven.com.tr\/en\/muz-aromali-magnolya\/#primaryimage\",\"url\":\"https:\/\/sweetheaven.com.tr\/wp-content\/uploads\/2023\/03\/muz-aromali-magnolya-b.jpg\",\"contentUrl\":\"https:\/\/sweetheaven.com.tr\/wp-content\/uploads\/2023\/03\/muz-aromali-magnolya-b.jpg\",\"width\":1000,\"height\":602},{\"@type\":\"BreadcrumbList\",\"@id\":\"https:\/\/sweetheaven.com.tr\/en\/muz-aromali-magnolya\/#breadcrumb\",\"itemListElement\":[{\"@type\":\"ListItem\",\"position\":1,\"name\":\"Anasayfa\",\"item\":\"https:\/\/sweetheaven.com.tr\/en\/\"},{\"@type\":\"ListItem\",\"position\":2,\"name\":\"Ma\u011faza\",\"item\":\"https:\/\/sweetheaven.com.tr\/en\/magaza\/\"},{\"@type\":\"ListItem\",\"position\":3,\"name\":\"Muz Aromal\u0131 Magnolya\"}]},{\"@type\":\"WebSite\",\"@id\":\"https:\/\/sweetheaven.com.tr\/#website\",\"url\":\"https:\/\/sweetheaven.com.tr\/\",\"name\":\"Sweet Heaven Cakes &amp; Coffee\",\"description\":\"\",\"potentialAction\":[{\"@type\":\"SearchAction\",\"target\":{\"@type\":\"EntryPoint\",\"urlTemplate\":\"https:\/\/sweetheaven.com.tr\/?s={search_term_string}\"},\"query-input\":{\"@type\":\"PropertyValueSpecification\",\"valueRequired\":true,\"valueName\":\"search_term_string\"}}],\"inLanguage\":\"de\"}]}<\/script>\n<!-- \/ Yoast SEO plugin. -->","yoast_head_json":{"title":"Muz Aromal\u0131 Magnolya - Sweet Heaven Cakes &amp; Coffee","robots":{"index":"index","follow":"follow","max-snippet":"max-snippet:-1","max-image-preview":"max-image-preview:large","max-video-preview":"max-video-preview:-1"},"canonical":"https:\/\/sweetheaven.com.tr\/de\/?attachment_id=954\/","og_locale":"de_DE","og_type":"article","og_title":"Muz Aromal\u0131 Magnolya - Sweet Heaven Cakes &amp; Coffee","og_url":"https:\/\/sweetheaven.com.tr\/de\/?attachment_id=954\/","og_site_name":"Sweet Heaven Cakes &amp; Coffee","article_modified_time":"2023-04-19T04:22:24+00:00","og_image":[{"width":1000,"height":602,"url":"https:\/\/sweetheaven.com.tr\/wp-content\/uploads\/2023\/03\/muz-aromali-magnolya-b.jpg","type":"image\/jpeg"}],"twitter_card":"summary_large_image","twitter_misc":{"Gesch\u00e4tzte Lesezeit":"1\u00a0Minute"},"schema":{"@context":"https:\/\/schema.org","@graph":[{"@type":"WebPage","@id":"https:\/\/sweetheaven.com.tr\/en\/muz-aromali-magnolya\/","url":"https:\/\/sweetheaven.com.tr\/en\/muz-aromali-magnolya\/","name":"Muz Aromal\u0131 Magnolya - Sweet Heaven Cakes &amp; Coffee","isPartOf":{"@id":"https:\/\/sweetheaven.com.tr\/#website"},"primaryImageOfPage":{"@id":"https:\/\/sweetheaven.com.tr\/en\/muz-aromali-magnolya\/#primaryimage"},"image":{"@id":"https:\/\/sweetheaven.com.tr\/en\/muz-aromali-magnolya\/#primaryimage"},"thumbnailUrl":"https:\/\/sweetheaven.com.tr\/wp-content\/uploads\/2023\/03\/muz-aromali-magnolya-b.jpg","datePublished":"2023-03-22T07:20:08+00:00","dateModified":"2023-04-19T04:22:24+00:00","breadcrumb":{"@id":"https:\/\/sweetheaven.com.tr\/en\/muz-aromali-magnolya\/#breadcrumb"},"inLanguage":"de","potentialAction":[{"@type":"ReadAction","target":["https:\/\/sweetheaven.com.tr\/en\/muz-aromali-magnolya\/"]}]},{"@type":"ImageObject","inLanguage":"de","@id":"https:\/\/sweetheaven.com.tr\/en\/muz-aromali-magnolya\/#primaryimage","url":"https:\/\/sweetheaven.com.tr\/wp-content\/uploads\/2023\/03\/muz-aromali-magnolya-b.jpg","contentUrl":"https:\/\/sweetheaven.com.tr\/wp-content\/uploads\/2023\/03\/muz-aromali-magnolya-b.jpg","width":1000,"height":602},{"@type":"BreadcrumbList","@id":"https:\/\/sweetheaven.com.tr\/en\/muz-aromali-magnolya\/#breadcrumb","itemListElement":[{"@type":"ListItem","position":1,"name":"Anasayfa","item":"https:\/\/sweetheaven.com.tr\/en\/"},{"@type":"ListItem","position":2,"name":"Ma\u011faza","item":"https:\/\/sweetheaven.com.tr\/en\/magaza\/"},{"@type":"ListItem","position":3,"name":"Muz Aromal\u0131 Magnolya"}]},{"@type":"WebSite","@id":"https:\/\/sweetheaven.com.tr\/#website","url":"https:\/\/sweetheaven.com.tr\/","name":"Sweet Heaven Cakes &amp; Coffee","description":"","potentialAction":[{"@type":"SearchAction","target":{"@type":"EntryPoint","urlTemplate":"https:\/\/sweetheaven.com.tr\/?s={search_term_string}"},"query-input":{"@type":"PropertyValueSpecification","valueRequired":true,"valueName":"search_term_string"}}],"inLanguage":"de"}]}},"_links":{"self":[{"href":"https:\/\/sweetheaven.com.tr\/de\/wp-json\/wp\/v2\/product\/952","targetHints":{"allow":["GET"]}}],"collection":[{"href":"https:\/\/sweetheaven.com.tr\/de\/wp-json\/wp\/v2\/product"}],"about":[{"href":"https:\/\/sweetheaven.com.tr\/de\/wp-json\/wp\/v2\/types\/product"}],"wp:featuredmedia":[{"embeddable":true,"href":"https:\/\/sweetheaven.com.tr\/de\/wp-json\/wp\/v2\/media\/953"}],"wp:attachment":[{"href":"https:\/\/sweetheaven.com.tr\/de\/wp-json\/wp\/v2\/media?parent=952"}],"wp:term":[{"taxonomy":"product_cat","embeddable":true,"href":"https:\/\/sweetheaven.com.tr\/de\/wp-json\/wp\/v2\/product_cat?post=952"},{"taxonomy":"product_tag","embeddable":true,"href":"https:\/\/sweetheaven.com.tr\/de\/wp-json\/wp\/v2\/product_tag?post=952"}],"curies":[{"name":"wp","href":"https:\/\/api.w.org\/{rel}","templated":true}]}}