{"id":769,"date":"2023-03-21T17:22:13","date_gmt":"2023-03-21T14:22:13","guid":{"rendered":"https:\/\/sweetheaven.com.tr\/?post_type=product&#038;p=769"},"modified":"2023-08-07T17:04:28","modified_gmt":"2023-08-07T14:04:28","slug":"antep-fistikli-salep","status":"publish","type":"product","link":"https:\/\/sweetheaven.com.tr\/de\/antep-fistikli-salep\/","title":{"rendered":"Pistazien-Salep"},"content":{"rendered":"<div class=\"wpb-content-wrapper\"><div class=\"vc_row wpb_row vc_row-fluid\"><div class=\"wpb_column vc_column_container vc_col-sm-12\"><div class=\"vc_column-inner\"><div class=\"wpb_wrapper\">\n\t<div class=\"wpb_text_column wpb_content_element weight\" >\n\t\t<div class=\"wpb_wrapper\">\n\t\t\t<p>1000 gr.<\/p>\n\n\t\t<\/div>\n\t<\/div>\n\n\t<div class=\"wpb_text_column wpb_content_element\" id=\"custom-description\">\n\t\t<div class=\"wpb_wrapper\">\n\t\t\t<p>Ein einzigartiges Aroma mit seinem Duft und Pistaziengeschmack...<\/p>\n<p>Zubereitung: 25 g (1 Messl\u00f6ffel) Pistazien-Salep-Pulver in 150 ml Milch (eine Porzellantasse) geben, umr\u00fchren, dann auf dem Dampfstab zum Kochen bringen und servieren.<\/p>\n\n\t\t<\/div>\n\t<\/div>\n<\/div><\/div><\/div><\/div>\n<\/div>","protected":false},"excerpt":{"rendered":"1000 gr. Mis kokusu ve Antep F\u0131st\u0131\u011f\u0131 tad\u0131yla e\u015fsiz bir lezzet\u2026 Haz\u0131rlan\u0131\u015f\u0131: 150ml s\u00fct (bir porselen fincan) i\u00e7ine 25gr (1","protected":false},"featured_media":1409,"template":"","meta":[],"product_cat":[65,60],"product_tag":[],"class_list":{"0":"post-769","1":"product","2":"type-product","3":"status-publish","4":"has-post-thumbnail","6":"product_cat-urunlerimiz","7":"product_cat-salep-cesitleri","9":"first","10":"instock","11":"shipping-taxable","12":"product-type-simple"},"yoast_head":"<!-- This site is optimized with the Yoast SEO plugin v23.8 - https:\/\/yoast.com\/wordpress\/plugins\/seo\/ -->\n<title>Antep F\u0131st\u0131kl\u0131 Salep - Sweet Heaven Cakes &amp; Coffee<\/title>\n<meta name=\"robots\" content=\"index, follow, max-snippet:-1, max-image-preview:large, max-video-preview:-1\" \/>\n<link rel=\"canonical\" href=\"https:\/\/sweetheaven.com.tr\/de\/antep-fistikli-salep\/\" \/>\n<meta property=\"og:locale\" content=\"de_DE\" \/>\n<meta property=\"og:type\" content=\"article\" \/>\n<meta property=\"og:title\" content=\"Antep F\u0131st\u0131kl\u0131 Salep - Sweet Heaven Cakes &amp; Coffee\" \/>\n<meta property=\"og:url\" content=\"https:\/\/sweetheaven.com.tr\/de\/antep-fistikli-salep\/\" \/>\n<meta property=\"og:site_name\" content=\"Sweet Heaven Cakes &amp; Coffee\" \/>\n<meta property=\"article:modified_time\" content=\"2023-08-07T14:04:28+00:00\" \/>\n<meta property=\"og:image\" content=\"https:\/\/sweetheaven.com.tr\/wp-content\/uploads\/2023\/03\/antepfistkli-salep-1.jpg\" \/>\n\t<meta property=\"og:image:width\" content=\"1280\" \/>\n\t<meta property=\"og:image:height\" content=\"770\" \/>\n\t<meta property=\"og:image:type\" content=\"image\/jpeg\" \/>\n<meta name=\"twitter:card\" content=\"summary_large_image\" \/>\n<meta name=\"twitter:label1\" content=\"Gesch\u00e4tzte Lesezeit\" \/>\n\t<meta name=\"twitter:data1\" content=\"1\u00a0Minute\" \/>\n<script type=\"application\/ld+json\" class=\"yoast-schema-graph\">{\"@context\":\"https:\/\/schema.org\",\"@graph\":[{\"@type\":\"WebPage\",\"@id\":\"https:\/\/sweetheaven.com.tr\/antep-fistikli-salep\/\",\"url\":\"https:\/\/sweetheaven.com.tr\/antep-fistikli-salep\/\",\"name\":\"Antep F\u0131st\u0131kl\u0131 Salep - Sweet Heaven Cakes &amp; Coffee\",\"isPartOf\":{\"@id\":\"https:\/\/sweetheaven.com.tr\/#website\"},\"primaryImageOfPage\":{\"@id\":\"https:\/\/sweetheaven.com.tr\/antep-fistikli-salep\/#primaryimage\"},\"image\":{\"@id\":\"https:\/\/sweetheaven.com.tr\/antep-fistikli-salep\/#primaryimage\"},\"thumbnailUrl\":\"https:\/\/sweetheaven.com.tr\/wp-content\/uploads\/2023\/03\/antepfistkli-salep-1.jpg\",\"datePublished\":\"2023-03-21T14:22:13+00:00\",\"dateModified\":\"2023-08-07T14:04:28+00:00\",\"breadcrumb\":{\"@id\":\"https:\/\/sweetheaven.com.tr\/antep-fistikli-salep\/#breadcrumb\"},\"inLanguage\":\"de\",\"potentialAction\":[{\"@type\":\"ReadAction\",\"target\":[\"https:\/\/sweetheaven.com.tr\/antep-fistikli-salep\/\"]}]},{\"@type\":\"ImageObject\",\"inLanguage\":\"de\",\"@id\":\"https:\/\/sweetheaven.com.tr\/antep-fistikli-salep\/#primaryimage\",\"url\":\"https:\/\/sweetheaven.com.tr\/wp-content\/uploads\/2023\/03\/antepfistkli-salep-1.jpg\",\"contentUrl\":\"https:\/\/sweetheaven.com.tr\/wp-content\/uploads\/2023\/03\/antepfistkli-salep-1.jpg\",\"width\":1280,\"height\":770},{\"@type\":\"BreadcrumbList\",\"@id\":\"https:\/\/sweetheaven.com.tr\/antep-fistikli-salep\/#breadcrumb\",\"itemListElement\":[{\"@type\":\"ListItem\",\"position\":1,\"name\":\"Anasayfa\",\"item\":\"https:\/\/sweetheaven.com.tr\/en\/\"},{\"@type\":\"ListItem\",\"position\":2,\"name\":\"Ma\u011faza\",\"item\":\"https:\/\/sweetheaven.com.tr\/en\/magaza\/\"},{\"@type\":\"ListItem\",\"position\":3,\"name\":\"Antep F\u0131st\u0131kl\u0131 Salep\"}]},{\"@type\":\"WebSite\",\"@id\":\"https:\/\/sweetheaven.com.tr\/#website\",\"url\":\"https:\/\/sweetheaven.com.tr\/\",\"name\":\"Sweet Heaven Cakes &amp; Coffee\",\"description\":\"\",\"potentialAction\":[{\"@type\":\"SearchAction\",\"target\":{\"@type\":\"EntryPoint\",\"urlTemplate\":\"https:\/\/sweetheaven.com.tr\/?s={search_term_string}\"},\"query-input\":{\"@type\":\"PropertyValueSpecification\",\"valueRequired\":true,\"valueName\":\"search_term_string\"}}],\"inLanguage\":\"de\"}]}<\/script>\n<!-- \/ Yoast SEO plugin. -->","yoast_head_json":{"title":"Antep F\u0131st\u0131kl\u0131 Salep - Sweet Heaven Cakes &amp; Coffee","robots":{"index":"index","follow":"follow","max-snippet":"max-snippet:-1","max-image-preview":"max-image-preview:large","max-video-preview":"max-video-preview:-1"},"canonical":"https:\/\/sweetheaven.com.tr\/de\/antep-fistikli-salep\/","og_locale":"de_DE","og_type":"article","og_title":"Antep F\u0131st\u0131kl\u0131 Salep - Sweet Heaven Cakes &amp; Coffee","og_url":"https:\/\/sweetheaven.com.tr\/de\/antep-fistikli-salep\/","og_site_name":"Sweet Heaven Cakes &amp; Coffee","article_modified_time":"2023-08-07T14:04:28+00:00","og_image":[{"width":1280,"height":770,"url":"https:\/\/sweetheaven.com.tr\/wp-content\/uploads\/2023\/03\/antepfistkli-salep-1.jpg","type":"image\/jpeg"}],"twitter_card":"summary_large_image","twitter_misc":{"Gesch\u00e4tzte Lesezeit":"1\u00a0Minute"},"schema":{"@context":"https:\/\/schema.org","@graph":[{"@type":"WebPage","@id":"https:\/\/sweetheaven.com.tr\/antep-fistikli-salep\/","url":"https:\/\/sweetheaven.com.tr\/antep-fistikli-salep\/","name":"Antep F\u0131st\u0131kl\u0131 Salep - Sweet Heaven Cakes &amp; Coffee","isPartOf":{"@id":"https:\/\/sweetheaven.com.tr\/#website"},"primaryImageOfPage":{"@id":"https:\/\/sweetheaven.com.tr\/antep-fistikli-salep\/#primaryimage"},"image":{"@id":"https:\/\/sweetheaven.com.tr\/antep-fistikli-salep\/#primaryimage"},"thumbnailUrl":"https:\/\/sweetheaven.com.tr\/wp-content\/uploads\/2023\/03\/antepfistkli-salep-1.jpg","datePublished":"2023-03-21T14:22:13+00:00","dateModified":"2023-08-07T14:04:28+00:00","breadcrumb":{"@id":"https:\/\/sweetheaven.com.tr\/antep-fistikli-salep\/#breadcrumb"},"inLanguage":"de","potentialAction":[{"@type":"ReadAction","target":["https:\/\/sweetheaven.com.tr\/antep-fistikli-salep\/"]}]},{"@type":"ImageObject","inLanguage":"de","@id":"https:\/\/sweetheaven.com.tr\/antep-fistikli-salep\/#primaryimage","url":"https:\/\/sweetheaven.com.tr\/wp-content\/uploads\/2023\/03\/antepfistkli-salep-1.jpg","contentUrl":"https:\/\/sweetheaven.com.tr\/wp-content\/uploads\/2023\/03\/antepfistkli-salep-1.jpg","width":1280,"height":770},{"@type":"BreadcrumbList","@id":"https:\/\/sweetheaven.com.tr\/antep-fistikli-salep\/#breadcrumb","itemListElement":[{"@type":"ListItem","position":1,"name":"Anasayfa","item":"https:\/\/sweetheaven.com.tr\/en\/"},{"@type":"ListItem","position":2,"name":"Ma\u011faza","item":"https:\/\/sweetheaven.com.tr\/en\/magaza\/"},{"@type":"ListItem","position":3,"name":"Antep F\u0131st\u0131kl\u0131 Salep"}]},{"@type":"WebSite","@id":"https:\/\/sweetheaven.com.tr\/#website","url":"https:\/\/sweetheaven.com.tr\/","name":"Sweet Heaven Cakes &amp; Coffee","description":"","potentialAction":[{"@type":"SearchAction","target":{"@type":"EntryPoint","urlTemplate":"https:\/\/sweetheaven.com.tr\/?s={search_term_string}"},"query-input":{"@type":"PropertyValueSpecification","valueRequired":true,"valueName":"search_term_string"}}],"inLanguage":"de"}]}},"_links":{"self":[{"href":"https:\/\/sweetheaven.com.tr\/de\/wp-json\/wp\/v2\/product\/769","targetHints":{"allow":["GET"]}}],"collection":[{"href":"https:\/\/sweetheaven.com.tr\/de\/wp-json\/wp\/v2\/product"}],"about":[{"href":"https:\/\/sweetheaven.com.tr\/de\/wp-json\/wp\/v2\/types\/product"}],"wp:featuredmedia":[{"embeddable":true,"href":"https:\/\/sweetheaven.com.tr\/de\/wp-json\/wp\/v2\/media\/1409"}],"wp:attachment":[{"href":"https:\/\/sweetheaven.com.tr\/de\/wp-json\/wp\/v2\/media?parent=769"}],"wp:term":[{"taxonomy":"product_cat","embeddable":true,"href":"https:\/\/sweetheaven.com.tr\/de\/wp-json\/wp\/v2\/product_cat?post=769"},{"taxonomy":"product_tag","embeddable":true,"href":"https:\/\/sweetheaven.com.tr\/de\/wp-json\/wp\/v2\/product_tag?post=769"}],"curies":[{"name":"wp","href":"https:\/\/api.w.org\/{rel}","templated":true}]}}