{"id":720,"date":"2023-03-21T16:56:47","date_gmt":"2023-03-21T13:56:47","guid":{"rendered":"https:\/\/sweetheaven.com.tr\/?post_type=product&#038;p=720"},"modified":"2023-08-16T09:52:05","modified_gmt":"2023-08-16T06:52:05","slug":"brazilian-santos","status":"publish","type":"product","link":"https:\/\/sweetheaven.com.tr\/de\/brazilian-santos\/","title":{"rendered":"Brasilianischer Santos"},"content":{"rendered":"<div class=\"wpb-content-wrapper\"><div class=\"vc_row wpb_row vc_row-fluid\"><div class=\"wpb_column vc_column_container vc_col-sm-12\"><div class=\"vc_column-inner\"><div class=\"wpb_wrapper\">\n\t<div class=\"wpb_text_column wpb_content_element weight\" >\n\t\t<div class=\"wpb_wrapper\">\n\t\t\t<p>500 gr.<\/p>\n\n\t\t<\/div>\n\t<\/div>\n\n\t<div class=\"wpb_text_column wpb_content_element\" id=\"custom-description\">\n\t\t<div class=\"wpb_wrapper\">\n\t\t\t<p>Rak\u0131m: 1200- 1700 mt<\/p>\n<p>Tad\u0131m Notlar\u0131: Tar\u00e7\u0131n, \u00c7ikolata<\/p>\n<p>Medium ger\u00f6stet<\/p>\n<p>Asidite: D\u00fc\u015f\u00fck Az<\/p>\n<p>K\u00f6rper Zentrum<\/p>\n<p>\u0130\u00e7im: Hafif, Dengeli<\/p>\n<p>Zubereitung: Pro 225 ml hei\u00dfem Wasser wird 1 Messl\u00f6ffel (15 g) Filterkaffee verwendet. Die empfohlene Br\u00fchzeit betr\u00e4gt 2 Minuten. K\u00fchl, trocken und geruchsneutral lagern. Vor direktem Sonnenlicht sch\u00fctzen.<\/p>\n<p>Geeignet f\u00fcr die Verwendung in einer French Press, V60, Cehemex oder Filterkaffeemaschine.<\/p>\n\n\t\t<\/div>\n\t<\/div>\n<\/div><\/div><\/div><\/div>\n<\/div>","protected":false},"excerpt":{"rendered":"500 gr. Rak\u0131m: 1200- 1700 mt Tad\u0131m Notlar\u0131: Tar\u00e7\u0131n, \u00c7ikolata Kavurma: Orta Asidite: D\u00fc\u015f\u00fck Az G\u00f6vde: Orta \u0130\u00e7im: Hafif, Dengeli","protected":false},"featured_media":1352,"template":"","meta":[],"product_cat":[65,55,49],"product_tag":[],"class_list":{"0":"post-720","1":"product","2":"type-product","3":"status-publish","4":"has-post-thumbnail","6":"product_cat-urunlerimiz","7":"product_cat-kahveler","8":"product_cat-filtre-kahveler","10":"first","11":"instock","12":"shipping-taxable","13":"product-type-simple"},"yoast_head":"<!-- This site is optimized with the Yoast SEO plugin v23.8 - https:\/\/yoast.com\/wordpress\/plugins\/seo\/ -->\n<title>Brazilian Santos - Sweet Heaven Cakes &amp; Coffee<\/title>\n<meta name=\"robots\" content=\"index, follow, max-snippet:-1, max-image-preview:large, max-video-preview:-1\" \/>\n<link rel=\"canonical\" href=\"https:\/\/sweetheaven.com.tr\/de\/brazilian-santos\/\" \/>\n<meta property=\"og:locale\" content=\"de_DE\" \/>\n<meta property=\"og:type\" content=\"article\" \/>\n<meta property=\"og:title\" content=\"Brazilian Santos - Sweet Heaven Cakes &amp; Coffee\" \/>\n<meta property=\"og:url\" content=\"https:\/\/sweetheaven.com.tr\/de\/brazilian-santos\/\" \/>\n<meta property=\"og:site_name\" content=\"Sweet Heaven Cakes &amp; Coffee\" \/>\n<meta property=\"article:modified_time\" content=\"2023-08-16T06:52:05+00:00\" \/>\n<meta property=\"og:image\" content=\"https:\/\/sweetheaven.com.tr\/wp-content\/uploads\/2023\/03\/brazilian-1.jpg\" \/>\n\t<meta property=\"og:image:width\" content=\"1280\" \/>\n\t<meta property=\"og:image:height\" content=\"770\" \/>\n\t<meta property=\"og:image:type\" content=\"image\/jpeg\" \/>\n<meta name=\"twitter:card\" content=\"summary_large_image\" \/>\n<meta name=\"twitter:label1\" content=\"Gesch\u00e4tzte Lesezeit\" \/>\n\t<meta name=\"twitter:data1\" content=\"1\u00a0Minute\" \/>\n<script type=\"application\/ld+json\" class=\"yoast-schema-graph\">{\"@context\":\"https:\/\/schema.org\",\"@graph\":[{\"@type\":\"WebPage\",\"@id\":\"https:\/\/sweetheaven.com.tr\/brazilian-santos\/\",\"url\":\"https:\/\/sweetheaven.com.tr\/brazilian-santos\/\",\"name\":\"Brazilian Santos - Sweet Heaven Cakes &amp; Coffee\",\"isPartOf\":{\"@id\":\"https:\/\/sweetheaven.com.tr\/#website\"},\"primaryImageOfPage\":{\"@id\":\"https:\/\/sweetheaven.com.tr\/brazilian-santos\/#primaryimage\"},\"image\":{\"@id\":\"https:\/\/sweetheaven.com.tr\/brazilian-santos\/#primaryimage\"},\"thumbnailUrl\":\"https:\/\/sweetheaven.com.tr\/wp-content\/uploads\/2023\/03\/brazilian-1.jpg\",\"datePublished\":\"2023-03-21T13:56:47+00:00\",\"dateModified\":\"2023-08-16T06:52:05+00:00\",\"breadcrumb\":{\"@id\":\"https:\/\/sweetheaven.com.tr\/brazilian-santos\/#breadcrumb\"},\"inLanguage\":\"de\",\"potentialAction\":[{\"@type\":\"ReadAction\",\"target\":[\"https:\/\/sweetheaven.com.tr\/brazilian-santos\/\"]}]},{\"@type\":\"ImageObject\",\"inLanguage\":\"de\",\"@id\":\"https:\/\/sweetheaven.com.tr\/brazilian-santos\/#primaryimage\",\"url\":\"https:\/\/sweetheaven.com.tr\/wp-content\/uploads\/2023\/03\/brazilian-1.jpg\",\"contentUrl\":\"https:\/\/sweetheaven.com.tr\/wp-content\/uploads\/2023\/03\/brazilian-1.jpg\",\"width\":1280,\"height\":770},{\"@type\":\"BreadcrumbList\",\"@id\":\"https:\/\/sweetheaven.com.tr\/brazilian-santos\/#breadcrumb\",\"itemListElement\":[{\"@type\":\"ListItem\",\"position\":1,\"name\":\"Anasayfa\",\"item\":\"https:\/\/sweetheaven.com.tr\/en\/\"},{\"@type\":\"ListItem\",\"position\":2,\"name\":\"Ma\u011faza\",\"item\":\"https:\/\/sweetheaven.com.tr\/en\/magaza\/\"},{\"@type\":\"ListItem\",\"position\":3,\"name\":\"Brazilian Santos\"}]},{\"@type\":\"WebSite\",\"@id\":\"https:\/\/sweetheaven.com.tr\/#website\",\"url\":\"https:\/\/sweetheaven.com.tr\/\",\"name\":\"Sweet Heaven Cakes &amp; Coffee\",\"description\":\"\",\"potentialAction\":[{\"@type\":\"SearchAction\",\"target\":{\"@type\":\"EntryPoint\",\"urlTemplate\":\"https:\/\/sweetheaven.com.tr\/?s={search_term_string}\"},\"query-input\":{\"@type\":\"PropertyValueSpecification\",\"valueRequired\":true,\"valueName\":\"search_term_string\"}}],\"inLanguage\":\"de\"}]}<\/script>\n<!-- \/ Yoast SEO plugin. -->","yoast_head_json":{"title":"Brazilian Santos - Sweet Heaven Cakes &amp; Coffee","robots":{"index":"index","follow":"follow","max-snippet":"max-snippet:-1","max-image-preview":"max-image-preview:large","max-video-preview":"max-video-preview:-1"},"canonical":"https:\/\/sweetheaven.com.tr\/de\/brazilian-santos\/","og_locale":"de_DE","og_type":"article","og_title":"Brazilian Santos - Sweet Heaven Cakes &amp; Coffee","og_url":"https:\/\/sweetheaven.com.tr\/de\/brazilian-santos\/","og_site_name":"Sweet Heaven Cakes &amp; Coffee","article_modified_time":"2023-08-16T06:52:05+00:00","og_image":[{"width":1280,"height":770,"url":"https:\/\/sweetheaven.com.tr\/wp-content\/uploads\/2023\/03\/brazilian-1.jpg","type":"image\/jpeg"}],"twitter_card":"summary_large_image","twitter_misc":{"Gesch\u00e4tzte Lesezeit":"1\u00a0Minute"},"schema":{"@context":"https:\/\/schema.org","@graph":[{"@type":"WebPage","@id":"https:\/\/sweetheaven.com.tr\/brazilian-santos\/","url":"https:\/\/sweetheaven.com.tr\/brazilian-santos\/","name":"Brazilian Santos - Sweet Heaven Cakes &amp; Coffee","isPartOf":{"@id":"https:\/\/sweetheaven.com.tr\/#website"},"primaryImageOfPage":{"@id":"https:\/\/sweetheaven.com.tr\/brazilian-santos\/#primaryimage"},"image":{"@id":"https:\/\/sweetheaven.com.tr\/brazilian-santos\/#primaryimage"},"thumbnailUrl":"https:\/\/sweetheaven.com.tr\/wp-content\/uploads\/2023\/03\/brazilian-1.jpg","datePublished":"2023-03-21T13:56:47+00:00","dateModified":"2023-08-16T06:52:05+00:00","breadcrumb":{"@id":"https:\/\/sweetheaven.com.tr\/brazilian-santos\/#breadcrumb"},"inLanguage":"de","potentialAction":[{"@type":"ReadAction","target":["https:\/\/sweetheaven.com.tr\/brazilian-santos\/"]}]},{"@type":"ImageObject","inLanguage":"de","@id":"https:\/\/sweetheaven.com.tr\/brazilian-santos\/#primaryimage","url":"https:\/\/sweetheaven.com.tr\/wp-content\/uploads\/2023\/03\/brazilian-1.jpg","contentUrl":"https:\/\/sweetheaven.com.tr\/wp-content\/uploads\/2023\/03\/brazilian-1.jpg","width":1280,"height":770},{"@type":"BreadcrumbList","@id":"https:\/\/sweetheaven.com.tr\/brazilian-santos\/#breadcrumb","itemListElement":[{"@type":"ListItem","position":1,"name":"Anasayfa","item":"https:\/\/sweetheaven.com.tr\/en\/"},{"@type":"ListItem","position":2,"name":"Ma\u011faza","item":"https:\/\/sweetheaven.com.tr\/en\/magaza\/"},{"@type":"ListItem","position":3,"name":"Brazilian Santos"}]},{"@type":"WebSite","@id":"https:\/\/sweetheaven.com.tr\/#website","url":"https:\/\/sweetheaven.com.tr\/","name":"Sweet Heaven Cakes &amp; Coffee","description":"","potentialAction":[{"@type":"SearchAction","target":{"@type":"EntryPoint","urlTemplate":"https:\/\/sweetheaven.com.tr\/?s={search_term_string}"},"query-input":{"@type":"PropertyValueSpecification","valueRequired":true,"valueName":"search_term_string"}}],"inLanguage":"de"}]}},"_links":{"self":[{"href":"https:\/\/sweetheaven.com.tr\/de\/wp-json\/wp\/v2\/product\/720","targetHints":{"allow":["GET"]}}],"collection":[{"href":"https:\/\/sweetheaven.com.tr\/de\/wp-json\/wp\/v2\/product"}],"about":[{"href":"https:\/\/sweetheaven.com.tr\/de\/wp-json\/wp\/v2\/types\/product"}],"wp:featuredmedia":[{"embeddable":true,"href":"https:\/\/sweetheaven.com.tr\/de\/wp-json\/wp\/v2\/media\/1352"}],"wp:attachment":[{"href":"https:\/\/sweetheaven.com.tr\/de\/wp-json\/wp\/v2\/media?parent=720"}],"wp:term":[{"taxonomy":"product_cat","embeddable":true,"href":"https:\/\/sweetheaven.com.tr\/de\/wp-json\/wp\/v2\/product_cat?post=720"},{"taxonomy":"product_tag","embeddable":true,"href":"https:\/\/sweetheaven.com.tr\/de\/wp-json\/wp\/v2\/product_tag?post=720"}],"curies":[{"name":"wp","href":"https:\/\/api.w.org\/{rel}","templated":true}]}}