{"id":1037,"date":"2023-03-22T13:13:51","date_gmt":"2023-03-22T10:13:51","guid":{"rendered":"https:\/\/sweetheaven.com.tr\/?post_type=product&#038;p=1037"},"modified":"2023-04-18T22:17:47","modified_gmt":"2023-04-18T19:17:47","slug":"glutensiz-cikolatali-pasta-3","status":"publish","type":"product","link":"https:\/\/sweetheaven.com.tr\/de\/glutensiz-cikolatali-pasta-3\/","title":{"rendered":"Glutenfreier Schokoladenkuchen"},"content":{"rendered":"<div class=\"wpb-content-wrapper\"><div class=\"vc_row wpb_row vc_row-fluid\"><div class=\"wpb_column vc_column_container vc_col-sm-12\"><div class=\"vc_column-inner\"><div class=\"wpb_wrapper\">\n\t<div class=\"wpb_text_column wpb_content_element\" id=\"custom-description\">\n\t\t<div class=\"wpb_wrapper\">\n\t\t\t<p>\u2018\u2019\u00d6zel olarak geli\u015ftirdi\u011fimiz re\u00e7etemiz ile glutensiz kakaolu pandispanyaya e\u015flik eden Bel\u00e7ika \u00e7ikolatal\u0131 hafif muss \u00fczerinde bulunan bitter ve s\u00fctl\u00fc \u00e7ikolata par\u00e7alar\u0131\u201d<\/p>\n\n\t\t<\/div>\n\t<\/div>\n\n\t<div class=\"wpb_text_column wpb_content_element weight\" >\n\t\t<div class=\"wpb_wrapper\">\n\t\t\t<p>600 gr.<\/p>\n\n\t\t<\/div>\n\t<\/div>\n\n\t<div class=\"wpb_raw_code wpb_raw_html wpb_content_element tables\" >\n\t\t<div class=\"wpb_wrapper\">\n\t\t\t<table class=\"custom-desc\">\n    <tr>\n        <td colspan=\"3\">Details zum Produkt<\/td>\n    <\/tr>\n    <tr>\n        <td>Kutu \u0130\u00e7i Adedi<\/td>\n        <td>Gewicht<\/td>\n        <td>Portion Gewicht<\/td>\n    <\/tr>\n    <tr class=\"properties\">\n        <td><span>1<\/span><span>st\u00fccke<\/span><\/td>\n        <td><span>600 gr.<\/span><span>\u00b1 5 gr.<\/span><\/td>\n        <td><span>150-120 gr.<\/span><span>\u00b1 5 gr.<\/span><\/td>\n    <\/tr>\n<\/table>\n\n<table class=\"custom-desc\">\n    <tr>\n        <td colspan=\"3\">Lagerungsbedingungen<\/td>\n    <\/tr>\n    <tr>\n        <td>Lagerzeit<\/td>\n        <td>Auftauzeit<\/td>\n        <td>Dauer<\/td>\n    <\/tr>\n    <tr class=\"properties\">\n        <td><span>bei -18 \u00b0C<\/span><span>12 Monate<\/span><\/td>\n        <td><span>bei +4 \u00b0C<\/span><span>3-3,5 Stunden<\/span><\/td>\n        <td><span>bei +4 \u00b0C<\/span><span>3 oder 4 Tage<\/span><\/td>\n    <\/tr>\n<\/table>\n\t\t<\/div>\n\t<\/div>\n<\/div><\/div><\/div><\/div>\n<\/div>","protected":false},"excerpt":{"rendered":"\u2018\u2019\u00d6zel olarak geli\u015ftirdi\u011fimiz re\u00e7etemiz ile glutensiz kakaolu pandispanyaya e\u015flik eden Bel\u00e7ika \u00e7ikolatal\u0131 hafif muss \u00fczerinde bulunan bitter ve s\u00fctl\u00fc \u00e7ikolata","protected":false},"featured_media":1039,"template":"","meta":[],"product_cat":[65,33,37,66,68],"product_tag":[31],"class_list":{"0":"post-1037","1":"product","2":"type-product","3":"status-publish","4":"has-post-thumbnail","6":"product_cat-urunlerimiz","7":"product_cat-pastalar","8":"product_cat-market-pastalari","9":"product_cat-glutensiz-vegan-urunler","10":"product_cat-glutensiz","11":"product_tag-glutensiz","13":"first","14":"instock","15":"shipping-taxable","16":"product-type-simple"},"yoast_head":"<!-- This site is optimized with the Yoast SEO plugin v23.8 - https:\/\/yoast.com\/wordpress\/plugins\/seo\/ -->\n<title>Glutensiz \u00c7ikolatal\u0131 Pasta - Sweet Heaven Cakes &amp; Coffee<\/title>\n<meta name=\"robots\" content=\"index, follow, max-snippet:-1, max-image-preview:large, max-video-preview:-1\" \/>\n<link rel=\"canonical\" href=\"https:\/\/sweetheaven.com.tr\/de\/glutensiz-cikolatali-pasta-3\/\" \/>\n<meta property=\"og:locale\" content=\"de_DE\" \/>\n<meta property=\"og:type\" content=\"article\" \/>\n<meta property=\"og:title\" content=\"Glutensiz \u00c7ikolatal\u0131 Pasta - Sweet Heaven Cakes &amp; Coffee\" \/>\n<meta property=\"og:url\" content=\"https:\/\/sweetheaven.com.tr\/de\/glutensiz-cikolatali-pasta-3\/\" \/>\n<meta property=\"og:site_name\" content=\"Sweet Heaven Cakes &amp; Coffee\" \/>\n<meta property=\"article:modified_time\" content=\"2023-04-18T19:17:47+00:00\" \/>\n<meta property=\"og:image\" content=\"https:\/\/sweetheaven.com.tr\/wp-content\/uploads\/2023\/03\/cikolatali-pasta-2-1.jpg\" \/>\n\t<meta property=\"og:image:width\" content=\"1280\" \/>\n\t<meta property=\"og:image:height\" content=\"770\" \/>\n\t<meta property=\"og:image:type\" content=\"image\/jpeg\" \/>\n<meta name=\"twitter:card\" content=\"summary_large_image\" \/>\n<meta name=\"twitter:label1\" content=\"Gesch\u00e4tzte Lesezeit\" \/>\n\t<meta name=\"twitter:data1\" content=\"1\u00a0Minute\" \/>\n<script type=\"application\/ld+json\" class=\"yoast-schema-graph\">{\"@context\":\"https:\/\/schema.org\",\"@graph\":[{\"@type\":\"WebPage\",\"@id\":\"https:\/\/sweetheaven.com.tr\/glutensiz-cikolatali-pasta-3\/\",\"url\":\"https:\/\/sweetheaven.com.tr\/glutensiz-cikolatali-pasta-3\/\",\"name\":\"Glutensiz \u00c7ikolatal\u0131 Pasta - Sweet Heaven Cakes &amp; Coffee\",\"isPartOf\":{\"@id\":\"https:\/\/sweetheaven.com.tr\/#website\"},\"primaryImageOfPage\":{\"@id\":\"https:\/\/sweetheaven.com.tr\/glutensiz-cikolatali-pasta-3\/#primaryimage\"},\"image\":{\"@id\":\"https:\/\/sweetheaven.com.tr\/glutensiz-cikolatali-pasta-3\/#primaryimage\"},\"thumbnailUrl\":\"https:\/\/sweetheaven.com.tr\/wp-content\/uploads\/2023\/03\/cikolatali-pasta-2-1.jpg\",\"datePublished\":\"2023-03-22T10:13:51+00:00\",\"dateModified\":\"2023-04-18T19:17:47+00:00\",\"breadcrumb\":{\"@id\":\"https:\/\/sweetheaven.com.tr\/glutensiz-cikolatali-pasta-3\/#breadcrumb\"},\"inLanguage\":\"de\",\"potentialAction\":[{\"@type\":\"ReadAction\",\"target\":[\"https:\/\/sweetheaven.com.tr\/glutensiz-cikolatali-pasta-3\/\"]}]},{\"@type\":\"ImageObject\",\"inLanguage\":\"de\",\"@id\":\"https:\/\/sweetheaven.com.tr\/glutensiz-cikolatali-pasta-3\/#primaryimage\",\"url\":\"https:\/\/sweetheaven.com.tr\/wp-content\/uploads\/2023\/03\/cikolatali-pasta-2-1.jpg\",\"contentUrl\":\"https:\/\/sweetheaven.com.tr\/wp-content\/uploads\/2023\/03\/cikolatali-pasta-2-1.jpg\",\"width\":1280,\"height\":770},{\"@type\":\"BreadcrumbList\",\"@id\":\"https:\/\/sweetheaven.com.tr\/glutensiz-cikolatali-pasta-3\/#breadcrumb\",\"itemListElement\":[{\"@type\":\"ListItem\",\"position\":1,\"name\":\"Anasayfa\",\"item\":\"https:\/\/sweetheaven.com.tr\/en\/\"},{\"@type\":\"ListItem\",\"position\":2,\"name\":\"Ma\u011faza\",\"item\":\"https:\/\/sweetheaven.com.tr\/en\/magaza\/\"},{\"@type\":\"ListItem\",\"position\":3,\"name\":\"Glutensiz \u00c7ikolatal\u0131 Pasta\"}]},{\"@type\":\"WebSite\",\"@id\":\"https:\/\/sweetheaven.com.tr\/#website\",\"url\":\"https:\/\/sweetheaven.com.tr\/\",\"name\":\"Sweet Heaven Cakes &amp; Coffee\",\"description\":\"\",\"potentialAction\":[{\"@type\":\"SearchAction\",\"target\":{\"@type\":\"EntryPoint\",\"urlTemplate\":\"https:\/\/sweetheaven.com.tr\/?s={search_term_string}\"},\"query-input\":{\"@type\":\"PropertyValueSpecification\",\"valueRequired\":true,\"valueName\":\"search_term_string\"}}],\"inLanguage\":\"de\"}]}<\/script>\n<!-- \/ Yoast SEO plugin. -->","yoast_head_json":{"title":"Glutensiz \u00c7ikolatal\u0131 Pasta - Sweet Heaven Cakes &amp; Coffee","robots":{"index":"index","follow":"follow","max-snippet":"max-snippet:-1","max-image-preview":"max-image-preview:large","max-video-preview":"max-video-preview:-1"},"canonical":"https:\/\/sweetheaven.com.tr\/de\/glutensiz-cikolatali-pasta-3\/","og_locale":"de_DE","og_type":"article","og_title":"Glutensiz \u00c7ikolatal\u0131 Pasta - Sweet Heaven Cakes &amp; Coffee","og_url":"https:\/\/sweetheaven.com.tr\/de\/glutensiz-cikolatali-pasta-3\/","og_site_name":"Sweet Heaven Cakes &amp; Coffee","article_modified_time":"2023-04-18T19:17:47+00:00","og_image":[{"width":1280,"height":770,"url":"https:\/\/sweetheaven.com.tr\/wp-content\/uploads\/2023\/03\/cikolatali-pasta-2-1.jpg","type":"image\/jpeg"}],"twitter_card":"summary_large_image","twitter_misc":{"Gesch\u00e4tzte Lesezeit":"1\u00a0Minute"},"schema":{"@context":"https:\/\/schema.org","@graph":[{"@type":"WebPage","@id":"https:\/\/sweetheaven.com.tr\/glutensiz-cikolatali-pasta-3\/","url":"https:\/\/sweetheaven.com.tr\/glutensiz-cikolatali-pasta-3\/","name":"Glutensiz \u00c7ikolatal\u0131 Pasta - Sweet Heaven Cakes &amp; Coffee","isPartOf":{"@id":"https:\/\/sweetheaven.com.tr\/#website"},"primaryImageOfPage":{"@id":"https:\/\/sweetheaven.com.tr\/glutensiz-cikolatali-pasta-3\/#primaryimage"},"image":{"@id":"https:\/\/sweetheaven.com.tr\/glutensiz-cikolatali-pasta-3\/#primaryimage"},"thumbnailUrl":"https:\/\/sweetheaven.com.tr\/wp-content\/uploads\/2023\/03\/cikolatali-pasta-2-1.jpg","datePublished":"2023-03-22T10:13:51+00:00","dateModified":"2023-04-18T19:17:47+00:00","breadcrumb":{"@id":"https:\/\/sweetheaven.com.tr\/glutensiz-cikolatali-pasta-3\/#breadcrumb"},"inLanguage":"de","potentialAction":[{"@type":"ReadAction","target":["https:\/\/sweetheaven.com.tr\/glutensiz-cikolatali-pasta-3\/"]}]},{"@type":"ImageObject","inLanguage":"de","@id":"https:\/\/sweetheaven.com.tr\/glutensiz-cikolatali-pasta-3\/#primaryimage","url":"https:\/\/sweetheaven.com.tr\/wp-content\/uploads\/2023\/03\/cikolatali-pasta-2-1.jpg","contentUrl":"https:\/\/sweetheaven.com.tr\/wp-content\/uploads\/2023\/03\/cikolatali-pasta-2-1.jpg","width":1280,"height":770},{"@type":"BreadcrumbList","@id":"https:\/\/sweetheaven.com.tr\/glutensiz-cikolatali-pasta-3\/#breadcrumb","itemListElement":[{"@type":"ListItem","position":1,"name":"Anasayfa","item":"https:\/\/sweetheaven.com.tr\/en\/"},{"@type":"ListItem","position":2,"name":"Ma\u011faza","item":"https:\/\/sweetheaven.com.tr\/en\/magaza\/"},{"@type":"ListItem","position":3,"name":"Glutensiz \u00c7ikolatal\u0131 Pasta"}]},{"@type":"WebSite","@id":"https:\/\/sweetheaven.com.tr\/#website","url":"https:\/\/sweetheaven.com.tr\/","name":"Sweet Heaven Cakes &amp; Coffee","description":"","potentialAction":[{"@type":"SearchAction","target":{"@type":"EntryPoint","urlTemplate":"https:\/\/sweetheaven.com.tr\/?s={search_term_string}"},"query-input":{"@type":"PropertyValueSpecification","valueRequired":true,"valueName":"search_term_string"}}],"inLanguage":"de"}]}},"_links":{"self":[{"href":"https:\/\/sweetheaven.com.tr\/de\/wp-json\/wp\/v2\/product\/1037","targetHints":{"allow":["GET"]}}],"collection":[{"href":"https:\/\/sweetheaven.com.tr\/de\/wp-json\/wp\/v2\/product"}],"about":[{"href":"https:\/\/sweetheaven.com.tr\/de\/wp-json\/wp\/v2\/types\/product"}],"wp:featuredmedia":[{"embeddable":true,"href":"https:\/\/sweetheaven.com.tr\/de\/wp-json\/wp\/v2\/media\/1039"}],"wp:attachment":[{"href":"https:\/\/sweetheaven.com.tr\/de\/wp-json\/wp\/v2\/media?parent=1037"}],"wp:term":[{"taxonomy":"product_cat","embeddable":true,"href":"https:\/\/sweetheaven.com.tr\/de\/wp-json\/wp\/v2\/product_cat?post=1037"},{"taxonomy":"product_tag","embeddable":true,"href":"https:\/\/sweetheaven.com.tr\/de\/wp-json\/wp\/v2\/product_tag?post=1037"}],"curies":[{"name":"wp","href":"https:\/\/api.w.org\/{rel}","templated":true}]}}