{"id":34,"date":"2022-11-22T09:39:49","date_gmt":"2022-11-22T06:39:49","guid":{"rendered":"https:\/\/sweetheaven.com.tr\/?page_id=34"},"modified":"2023-11-08T14:44:41","modified_gmt":"2023-11-08T11:44:41","slug":"hakkimizda","status":"publish","type":"page","link":"https:\/\/sweetheaven.com.tr\/de\/hakkimizda\/","title":{"rendered":"\u00dcber uns"},"content":{"rendered":"<div class=\"wpb-content-wrapper\"><div class=\"vc_row wpb_row vc_row-fluid\"><div class=\"wpb_column vc_column_container vc_col-sm-12\"><div class=\"vc_column-inner\"><div class=\"wpb_wrapper\"><div class=\"vc_row wpb_row vc_inner vc_row-fluid vc_row-o-content-middle vc_row-flex wd-rs-63edfde661d26\"><div class=\"wpb_column vc_column_container vc_col-sm-6\"><div class=\"vc_column-inner\"><div class=\"wpb_wrapper\">\t\t<div id=\"wd-641d5c2241d35\" class=\"wd-image wd-wpb wd-rs-641d5c2241d35 text-center\">\n\t\t\t\n\t\t\t<img loading=\"lazy\" decoding=\"async\" width=\"590\" height=\"558\" src=\"https:\/\/sweetheaven.com.tr\/wp-content\/uploads\/2023\/03\/sweet-heaven-hakkimizda-gorsel.png\" class=\"attachment-full\" alt=\"\" title=\"sweet-heaven-hakkimizda-gorsel\" srcset=\"https:\/\/sweetheaven.com.tr\/wp-content\/uploads\/2023\/03\/sweet-heaven-hakkimizda-gorsel.png 590w, https:\/\/sweetheaven.com.tr\/wp-content\/uploads\/2023\/03\/sweet-heaven-hakkimizda-gorsel-150x142.png 150w, https:\/\/sweetheaven.com.tr\/wp-content\/uploads\/2023\/03\/sweet-heaven-hakkimizda-gorsel-300x284.png 300w\" sizes=\"auto, (max-width: 590px) 100vw, 590px\" \/>\n\t\t\t\t\t<\/div>\n\t\t<\/div><\/div><\/div><div class=\"wpb_column vc_column_container vc_col-sm-6\"><div class=\"vc_column-inner\"><div class=\"wpb_wrapper\">\n\t\t<div id=\"wd-643e755295642\" class=\"title-wrapper wd-wpb set-mb-s reset-last-child  wd-rs-643e755295642 wd-title-color-default wd-title-style-default text-left  wd-underline-colored\">\n\t\t\t\n\t\t\t<div class=\"liner-continer\">\n\t\t\t\t<h1 class=\"woodmart-title-container title  wd-font-weight- wd-fontsize-xl\" >\u00dcBER UNS<\/h1>\n\t\t\t\t\t\t\t<\/div>\n\t\t\t\n\t\t\t\t\t\t\t<div class=\"title-after_title  set-cont-mb-s reset-last-child  wd-fontsize-s\">Als Sweet Heaven Familie, mit unseren speziellen Rezepten und einer breiten Produktpalette seit 2007, kommen die unwiderstehlichen Aromen von Restaurants, Caf\u00e9s und Bistros seit Jahren aus unserem s\u00fc\u00dfen Himmel. Wir freuen uns, unsere nach nat\u00fcrlichen Rezepten zubereiteten Torten, Kuchen und T\u00f6rtchen an die Orte zu liefern, an denen Sie gerne Zeit verbringen. Unser Abenteuer, das wir mit zwei Personen begonnen haben, hat sich in eine gro\u00dfe Familie von 300 Personen verwandelt, die heute ihre Arbeit mit Liebe machen, mit jahrelanger handwerklicher Erfahrung, Investitionen, Technologie und Managementsystemen. Wir sind stolz darauf, Sie mit 32 Haupth\u00e4ndlern in der ganzen T\u00fcrkei zu bedienen. Mit unseren H\u00e4ndlern, die die gleiche Leidenschaft wie wir haben, liefern wir Ihnen unsere Produkte im In- und Ausland mit der gleichen Sensibilit\u00e4t und Freude.<\/div>\n\t\t\t\n\t\t\t\n\t\t<\/div>\n\t\t\n\t\t<\/div><\/div><\/div><\/div><div class=\"vc_row wpb_row vc_inner vc_row-fluid\"><div class=\"wpb_column vc_column_container vc_col-sm-6\"><div class=\"vc_column-inner\"><div class=\"wpb_wrapper\">\n\t\t<div id=\"wd-654b72af550c1\" class=\"title-wrapper wd-wpb set-mb-s reset-last-child  wd-rs-654b72af550c1 wd-title-color-default wd-title-style-default text-left  wd-title-empty wd-underline-colored\">\n\t\t\t\n\t\t\t<div class=\"liner-continer\">\n\t\t\t\t<h4 class=\"woodmart-title-container title  wd-font-weight- wd-fontsize-l\" ><\/h4>\n\t\t\t\t\t\t\t<\/div>\n\t\t\t\n\t\t\t\t\t\t\t<div class=\"title-after_title  set-cont-mb-s reset-last-child  wd-fontsize-xs\">Wir wollten guten Kaffee und die besten Kuchen anbieten, deren Geschmack vom Gaumen zum Herzen geht.<br \/>\nMit unserer Erfahrung im Bereich der Tiefk\u00fchltorten haben wir uns entschlossen, einen weiteren gro\u00dfen Schritt zu machen und Kaffee zu produzieren, der zu den Torten passt. In diesem Zusammenhang bieten wir unseren Verbrauchern und Fachleuten mit unseren Kaffeesorten, die wir seit 2016 durch die Auswahl der besten Kaffeebohnen produzieren, den besten Kaffee und die besten Torten.<\/p>\n<p>Obwohl wir unsere Qualit\u00e4t durch den Geschmack, den wir am Gaumen hinterlassen, und durch die Reaktionen unserer Kunden beweisen, ist unser BRC-Zertifikat der offizielle Beweis f\u00fcr unseren Erfolg.<\/p>\n<p>Wir liefern unsere hygienisch hergestellten Produkte erfolgreich in alle vier Ecken der T\u00fcrkei und der Welt mit unserer zertifizierten Qualit\u00e4t. Dank unseres tadellos funktionierenden Systems und der hohen Disziplin unseres Fachpersonals findet jede Bestellung p\u00fcnktlich und in der Frische des ersten Tages ihren Platz in den Vitrinen.<\/div>\n\t\t\t\n\t\t\t\n\t\t<\/div>\n\t\t\n\t\t<\/div><\/div><\/div><div class=\"wpb_column vc_column_container vc_col-sm-6\"><div class=\"vc_column-inner\"><div class=\"wpb_wrapper\">\n\t<div class=\"wpb_raw_code wpb_raw_html wpb_content_element\" >\n\t\t<div class=\"wpb_wrapper\">\n\t\t\t<iframe loading=\"lazy\" width=\"560\" height=\"315\" src=\"https:\/\/www.youtube.com\/embed\/onxDcvNopuE?autoplay=1\" title=\"Sweet Heaven Cakes and Coffee \u2013 Kurumsal Tan\u0131t\u0131m Filmi\" frameborder=\"0\" allow=\"accelerometer; autoplay=1; clipboard-write; encrypted-media; gyroscope; picture-in-picture; web-share\" allowfullscreen><\/iframe>\n\t\t<\/div>\n\t<\/div>\n<\/div><\/div><\/div><\/div><\/div><\/div><\/div><\/div>\n<\/div>","protected":false},"excerpt":{"rendered":"HAKKIMIZDA Sweet Heaven ailesi olarak 2007 y\u0131l\u0131ndan bug\u00fcne \u00f6zel re\u00e7etelerimiz ve geni\u015f \u00fcr\u00fcn yelpazemiz ile restoran , kafe, bistrolar\u0131n kar\u015f\u0131","protected":false},"author":1,"featured_media":0,"parent":0,"menu_order":0,"comment_status":"closed","ping_status":"closed","template":"","meta":{"footnotes":""},"class_list":["post-34","page","type-page","status-publish","hentry"],"yoast_head":"<!-- This site is optimized with the Yoast SEO plugin v23.8 - https:\/\/yoast.com\/wordpress\/plugins\/seo\/ -->\n<title>Hakk\u0131m\u0131zda - Sweet Heaven Cakes &amp; Coffee<\/title>\n<meta name=\"robots\" content=\"index, follow, max-snippet:-1, max-image-preview:large, max-video-preview:-1\" \/>\n<link rel=\"canonical\" href=\"https:\/\/sweetheaven.com.tr\/de\/hakkimizda\/\" \/>\n<meta property=\"og:locale\" content=\"de_DE\" \/>\n<meta property=\"og:type\" content=\"article\" \/>\n<meta property=\"og:title\" content=\"Hakk\u0131m\u0131zda - Sweet Heaven Cakes &amp; Coffee\" \/>\n<meta property=\"og:url\" content=\"https:\/\/sweetheaven.com.tr\/de\/hakkimizda\/\" \/>\n<meta property=\"og:site_name\" content=\"Sweet Heaven Cakes &amp; Coffee\" \/>\n<meta property=\"article:modified_time\" content=\"2023-11-08T11:44:41+00:00\" \/>\n<meta name=\"twitter:card\" content=\"summary_large_image\" \/>\n<meta name=\"twitter:label1\" content=\"Gesch\u00e4tzte Lesezeit\" \/>\n\t<meta name=\"twitter:data1\" content=\"2\u00a0Minuten\" \/>\n<script type=\"application\/ld+json\" class=\"yoast-schema-graph\">{\"@context\":\"https:\/\/schema.org\",\"@graph\":[{\"@type\":\"WebPage\",\"@id\":\"https:\/\/sweetheaven.com.tr\/hakkimizda\/\",\"url\":\"https:\/\/sweetheaven.com.tr\/hakkimizda\/\",\"name\":\"Hakk\u0131m\u0131zda - Sweet Heaven Cakes &amp; Coffee\",\"isPartOf\":{\"@id\":\"https:\/\/sweetheaven.com.tr\/#website\"},\"datePublished\":\"2022-11-22T06:39:49+00:00\",\"dateModified\":\"2023-11-08T11:44:41+00:00\",\"breadcrumb\":{\"@id\":\"https:\/\/sweetheaven.com.tr\/hakkimizda\/#breadcrumb\"},\"inLanguage\":\"de\",\"potentialAction\":[{\"@type\":\"ReadAction\",\"target\":[\"https:\/\/sweetheaven.com.tr\/hakkimizda\/\"]}]},{\"@type\":\"BreadcrumbList\",\"@id\":\"https:\/\/sweetheaven.com.tr\/hakkimizda\/#breadcrumb\",\"itemListElement\":[{\"@type\":\"ListItem\",\"position\":1,\"name\":\"Anasayfa\",\"item\":\"https:\/\/sweetheaven.com.tr\/en\/\"},{\"@type\":\"ListItem\",\"position\":2,\"name\":\"Hakk\u0131m\u0131zda\"}]},{\"@type\":\"WebSite\",\"@id\":\"https:\/\/sweetheaven.com.tr\/#website\",\"url\":\"https:\/\/sweetheaven.com.tr\/\",\"name\":\"Sweet Heaven Cakes &amp; Coffee\",\"description\":\"\",\"potentialAction\":[{\"@type\":\"SearchAction\",\"target\":{\"@type\":\"EntryPoint\",\"urlTemplate\":\"https:\/\/sweetheaven.com.tr\/?s={search_term_string}\"},\"query-input\":{\"@type\":\"PropertyValueSpecification\",\"valueRequired\":true,\"valueName\":\"search_term_string\"}}],\"inLanguage\":\"de\"}]}<\/script>\n<!-- \/ Yoast SEO plugin. -->","yoast_head_json":{"title":"Hakk\u0131m\u0131zda - Sweet Heaven Cakes &amp; Coffee","robots":{"index":"index","follow":"follow","max-snippet":"max-snippet:-1","max-image-preview":"max-image-preview:large","max-video-preview":"max-video-preview:-1"},"canonical":"https:\/\/sweetheaven.com.tr\/de\/hakkimizda\/","og_locale":"de_DE","og_type":"article","og_title":"Hakk\u0131m\u0131zda - Sweet Heaven Cakes &amp; Coffee","og_url":"https:\/\/sweetheaven.com.tr\/de\/hakkimizda\/","og_site_name":"Sweet Heaven Cakes &amp; Coffee","article_modified_time":"2023-11-08T11:44:41+00:00","twitter_card":"summary_large_image","twitter_misc":{"Gesch\u00e4tzte Lesezeit":"2\u00a0Minuten"},"schema":{"@context":"https:\/\/schema.org","@graph":[{"@type":"WebPage","@id":"https:\/\/sweetheaven.com.tr\/hakkimizda\/","url":"https:\/\/sweetheaven.com.tr\/hakkimizda\/","name":"Hakk\u0131m\u0131zda - Sweet Heaven Cakes &amp; Coffee","isPartOf":{"@id":"https:\/\/sweetheaven.com.tr\/#website"},"datePublished":"2022-11-22T06:39:49+00:00","dateModified":"2023-11-08T11:44:41+00:00","breadcrumb":{"@id":"https:\/\/sweetheaven.com.tr\/hakkimizda\/#breadcrumb"},"inLanguage":"de","potentialAction":[{"@type":"ReadAction","target":["https:\/\/sweetheaven.com.tr\/hakkimizda\/"]}]},{"@type":"BreadcrumbList","@id":"https:\/\/sweetheaven.com.tr\/hakkimizda\/#breadcrumb","itemListElement":[{"@type":"ListItem","position":1,"name":"Anasayfa","item":"https:\/\/sweetheaven.com.tr\/en\/"},{"@type":"ListItem","position":2,"name":"Hakk\u0131m\u0131zda"}]},{"@type":"WebSite","@id":"https:\/\/sweetheaven.com.tr\/#website","url":"https:\/\/sweetheaven.com.tr\/","name":"Sweet Heaven Cakes &amp; Coffee","description":"","potentialAction":[{"@type":"SearchAction","target":{"@type":"EntryPoint","urlTemplate":"https:\/\/sweetheaven.com.tr\/?s={search_term_string}"},"query-input":{"@type":"PropertyValueSpecification","valueRequired":true,"valueName":"search_term_string"}}],"inLanguage":"de"}]}},"_links":{"self":[{"href":"https:\/\/sweetheaven.com.tr\/de\/wp-json\/wp\/v2\/pages\/34","targetHints":{"allow":["GET"]}}],"collection":[{"href":"https:\/\/sweetheaven.com.tr\/de\/wp-json\/wp\/v2\/pages"}],"about":[{"href":"https:\/\/sweetheaven.com.tr\/de\/wp-json\/wp\/v2\/types\/page"}],"author":[{"embeddable":true,"href":"https:\/\/sweetheaven.com.tr\/de\/wp-json\/wp\/v2\/users\/1"}],"replies":[{"embeddable":true,"href":"https:\/\/sweetheaven.com.tr\/de\/wp-json\/wp\/v2\/comments?post=34"}],"version-history":[{"count":0,"href":"https:\/\/sweetheaven.com.tr\/de\/wp-json\/wp\/v2\/pages\/34\/revisions"}],"wp:attachment":[{"href":"https:\/\/sweetheaven.com.tr\/de\/wp-json\/wp\/v2\/media?parent=34"}],"curies":[{"name":"wp","href":"https:\/\/api.w.org\/{rel}","templated":true}]}}