{"id":169,"date":"2023-02-15T14:44:02","date_gmt":"2023-02-15T11:44:02","guid":{"rendered":"https:\/\/sweetheaven.com.tr\/?page_id=169"},"modified":"2024-12-31T16:49:08","modified_gmt":"2024-12-31T13:49:08","slug":"sertifikalar","status":"publish","type":"page","link":"http:\/\/sweetheaven.com.tr\/fr\/sertifikalar\/","title":{"rendered":"Certificats"},"content":{"rendered":"<div class=\"wpb-content-wrapper\"><div id=\"title\" data-vc-full-width=\"true\" data-vc-full-width-init=\"false\" data-vc-stretch-content=\"true\" class=\"vc_row wpb_row vc_row-fluid vc_row-no-padding wd-rs-641959be8a4fd\"><div class=\"wpb_column vc_column_container vc_col-sm-12\"><div class=\"vc_column-inner\"><div class=\"wpb_wrapper\">\n\t\t<div id=\"wd-64196318cd865\" class=\"title-wrapper wd-wpb set-mb-s reset-last-child  wd-rs-64196318cd865 wd-title-color-default wd-title-style-default text-center  wd-underline-colored\">\n\t\t\t\n\t\t\t<div class=\"liner-continer\">\n\t\t\t\t<h1 class=\"woodmart-title-container title  wd-font-weight- wd-fontsize-xl\" >Certificats<\/h1>\n\t\t\t\t\t\t\t<\/div>\n\t\t\t\n\t\t\t\n\t\t\t\n\t\t<\/div>\n\t\t\n\t\t<\/div><\/div><\/div><\/div><div class=\"vc_row-full-width vc_clearfix\"><\/div><div class=\"vc_row wpb_row vc_row-fluid certificates wd-rs-641956135d314\"><div class=\"wpb_column vc_column_container vc_col-sm-4\"><div class=\"vc_column-inner\"><div class=\"wpb_wrapper\">\n\t<div  class=\"wpb_single_image wpb_content_element vc_align_center\">\n\t\t<h2 class=\"wpb_heading wpb_singleimage_heading\">MARKA TESC\u0130L BELGES\u0130<\/h2>\n\t\t<figure class=\"wpb_wrapper vc_figure\">\n\t\t\t<a class=\"\" data-lightbox=\"lightbox[rel-169-1610674207]\" href=\"https:\/\/sweetheaven.com.tr\/wp-content\/uploads\/2023\/11\/Marka-Tescil-2-724x1024.jpg\" target=\"_self\"><img loading=\"lazy\" decoding=\"async\" width=\"1414\" height=\"2000\" src=\"https:\/\/sweetheaven.com.tr\/wp-content\/uploads\/2023\/11\/Marka-Tescil-2.jpg\" class=\"vc_single_image-img attachment-full\" alt=\"\" title=\"Marka Tescil-2\" srcset=\"https:\/\/sweetheaven.com.tr\/wp-content\/uploads\/2023\/11\/Marka-Tescil-2.jpg 1414w, https:\/\/sweetheaven.com.tr\/wp-content\/uploads\/2023\/11\/Marka-Tescil-2-150x212.jpg 150w, https:\/\/sweetheaven.com.tr\/wp-content\/uploads\/2023\/11\/Marka-Tescil-2-1200x1697.jpg 1200w, https:\/\/sweetheaven.com.tr\/wp-content\/uploads\/2023\/11\/Marka-Tescil-2-212x300.jpg 212w, https:\/\/sweetheaven.com.tr\/wp-content\/uploads\/2023\/11\/Marka-Tescil-2-724x1024.jpg 724w, https:\/\/sweetheaven.com.tr\/wp-content\/uploads\/2023\/11\/Marka-Tescil-2-768x1086.jpg 768w, https:\/\/sweetheaven.com.tr\/wp-content\/uploads\/2023\/11\/Marka-Tescil-2-1086x1536.jpg 1086w, https:\/\/sweetheaven.com.tr\/wp-content\/uploads\/2023\/11\/Marka-Tescil-2-8x12.jpg 8w\" sizes=\"auto, (max-width: 1414px) 100vw, 1414px\" \/><\/a>\n\t\t<\/figure>\n\t<\/div>\n<\/div><\/div><\/div><div class=\"wpb_column vc_column_container vc_col-sm-4\"><div class=\"vc_column-inner\"><div class=\"wpb_wrapper\">\n\t<div  class=\"wpb_single_image wpb_content_element vc_align_center\">\n\t\t<h2 class=\"wpb_heading wpb_singleimage_heading\">TARIM VE HAYVANCILIK M\u00dcD\u00dcRL\u00dc\u011e\u00dc \u0130\u015eLETME KAYIT BELGES\u0130<\/h2>\n\t\t<figure class=\"wpb_wrapper vc_figure\">\n\t\t\t<a class=\"\" data-lightbox=\"lightbox[rel-169-1651912155]\" href=\"https:\/\/sweetheaven.com.tr\/wp-content\/uploads\/2024\/12\/Ekran-Resmi-2024-12-27-17.38.38-718x1024.png\" target=\"_self\"><img loading=\"lazy\" decoding=\"async\" width=\"1770\" height=\"2526\" src=\"https:\/\/sweetheaven.com.tr\/wp-content\/uploads\/2024\/12\/Ekran-Resmi-2024-12-27-17.38.38.png\" class=\"vc_single_image-img attachment-full\" alt=\"\" title=\"Ekran Resmi 2024-12-27 17.38.38\" srcset=\"https:\/\/sweetheaven.com.tr\/wp-content\/uploads\/2024\/12\/Ekran-Resmi-2024-12-27-17.38.38.png 1770w, https:\/\/sweetheaven.com.tr\/wp-content\/uploads\/2024\/12\/Ekran-Resmi-2024-12-27-17.38.38-150x214.png 150w, https:\/\/sweetheaven.com.tr\/wp-content\/uploads\/2024\/12\/Ekran-Resmi-2024-12-27-17.38.38-1200x1713.png 1200w, https:\/\/sweetheaven.com.tr\/wp-content\/uploads\/2024\/12\/Ekran-Resmi-2024-12-27-17.38.38-210x300.png 210w, https:\/\/sweetheaven.com.tr\/wp-content\/uploads\/2024\/12\/Ekran-Resmi-2024-12-27-17.38.38-718x1024.png 718w, https:\/\/sweetheaven.com.tr\/wp-content\/uploads\/2024\/12\/Ekran-Resmi-2024-12-27-17.38.38-768x1096.png 768w, https:\/\/sweetheaven.com.tr\/wp-content\/uploads\/2024\/12\/Ekran-Resmi-2024-12-27-17.38.38-1076x1536.png 1076w, https:\/\/sweetheaven.com.tr\/wp-content\/uploads\/2024\/12\/Ekran-Resmi-2024-12-27-17.38.38-1435x2048.png 1435w, https:\/\/sweetheaven.com.tr\/wp-content\/uploads\/2024\/12\/Ekran-Resmi-2024-12-27-17.38.38-8x12.png 8w\" sizes=\"auto, (max-width: 1770px) 100vw, 1770px\" \/><\/a>\n\t\t<\/figure>\n\t<\/div>\n<\/div><\/div><\/div><div class=\"wpb_column vc_column_container vc_col-sm-4\"><div class=\"vc_column-inner\"><div class=\"wpb_wrapper\">\n\t<div  class=\"wpb_single_image wpb_content_element vc_align_center\">\n\t\t<h2 class=\"wpb_heading wpb_singleimage_heading\">CERTIFICATION V\u00c9GANE<\/h2>\n\t\t<figure class=\"wpb_wrapper vc_figure\">\n\t\t\t<a class=\"\" data-lightbox=\"lightbox[rel-169-1963581794]\" href=\"https:\/\/sweetheaven.com.tr\/wp-content\/uploads\/2024\/12\/Ekran-Resmi-2024-12-27-17.23.01-708x1024.png\" target=\"_self\"><img loading=\"lazy\" decoding=\"async\" width=\"1766\" height=\"2554\" src=\"https:\/\/sweetheaven.com.tr\/wp-content\/uploads\/2024\/12\/Ekran-Resmi-2024-12-27-17.23.01.png\" class=\"vc_single_image-img attachment-full\" alt=\"\" title=\"Ekran Resmi 2024-12-27 17.23.01\" srcset=\"https:\/\/sweetheaven.com.tr\/wp-content\/uploads\/2024\/12\/Ekran-Resmi-2024-12-27-17.23.01.png 1766w, https:\/\/sweetheaven.com.tr\/wp-content\/uploads\/2024\/12\/Ekran-Resmi-2024-12-27-17.23.01-150x217.png 150w, https:\/\/sweetheaven.com.tr\/wp-content\/uploads\/2024\/12\/Ekran-Resmi-2024-12-27-17.23.01-1200x1735.png 1200w, https:\/\/sweetheaven.com.tr\/wp-content\/uploads\/2024\/12\/Ekran-Resmi-2024-12-27-17.23.01-207x300.png 207w, https:\/\/sweetheaven.com.tr\/wp-content\/uploads\/2024\/12\/Ekran-Resmi-2024-12-27-17.23.01-708x1024.png 708w, https:\/\/sweetheaven.com.tr\/wp-content\/uploads\/2024\/12\/Ekran-Resmi-2024-12-27-17.23.01-768x1111.png 768w, https:\/\/sweetheaven.com.tr\/wp-content\/uploads\/2024\/12\/Ekran-Resmi-2024-12-27-17.23.01-1062x1536.png 1062w, https:\/\/sweetheaven.com.tr\/wp-content\/uploads\/2024\/12\/Ekran-Resmi-2024-12-27-17.23.01-1416x2048.png 1416w, https:\/\/sweetheaven.com.tr\/wp-content\/uploads\/2024\/12\/Ekran-Resmi-2024-12-27-17.23.01-8x12.png 8w\" sizes=\"auto, (max-width: 1766px) 100vw, 1766px\" \/><\/a>\n\t\t<\/figure>\n\t<\/div>\n<\/div><\/div><\/div><\/div><div class=\"vc_row wpb_row vc_row-fluid certificates wd-rs-654b783a60624\"><div class=\"wpb_column vc_column_container vc_col-sm-4\"><div class=\"vc_column-inner\"><div class=\"wpb_wrapper\">\n\t<div  class=\"wpb_single_image wpb_content_element vc_align_center\">\n\t\t<h2 class=\"wpb_heading wpb_singleimage_heading\">CERTIFICAT DU BRC<\/h2>\n\t\t<figure class=\"wpb_wrapper vc_figure\">\n\t\t\t<a class=\"\" data-lightbox=\"lightbox[rel-169-1568951685]\" href=\"https:\/\/sweetheaven.com.tr\/wp-content\/uploads\/2024\/12\/Ekran-Resmi-2024-12-27-17.13.58-705x1024.png\" target=\"_self\"><img loading=\"lazy\" decoding=\"async\" width=\"1746\" height=\"2536\" src=\"https:\/\/sweetheaven.com.tr\/wp-content\/uploads\/2024\/12\/Ekran-Resmi-2024-12-27-17.13.58.png\" class=\"vc_single_image-img attachment-full\" alt=\"\" title=\"Ekran Resmi 2024-12-27 17.13.58\" srcset=\"https:\/\/sweetheaven.com.tr\/wp-content\/uploads\/2024\/12\/Ekran-Resmi-2024-12-27-17.13.58.png 1746w, https:\/\/sweetheaven.com.tr\/wp-content\/uploads\/2024\/12\/Ekran-Resmi-2024-12-27-17.13.58-150x218.png 150w, https:\/\/sweetheaven.com.tr\/wp-content\/uploads\/2024\/12\/Ekran-Resmi-2024-12-27-17.13.58-1200x1743.png 1200w, https:\/\/sweetheaven.com.tr\/wp-content\/uploads\/2024\/12\/Ekran-Resmi-2024-12-27-17.13.58-207x300.png 207w, https:\/\/sweetheaven.com.tr\/wp-content\/uploads\/2024\/12\/Ekran-Resmi-2024-12-27-17.13.58-705x1024.png 705w, https:\/\/sweetheaven.com.tr\/wp-content\/uploads\/2024\/12\/Ekran-Resmi-2024-12-27-17.13.58-768x1115.png 768w, https:\/\/sweetheaven.com.tr\/wp-content\/uploads\/2024\/12\/Ekran-Resmi-2024-12-27-17.13.58-1058x1536.png 1058w, https:\/\/sweetheaven.com.tr\/wp-content\/uploads\/2024\/12\/Ekran-Resmi-2024-12-27-17.13.58-1410x2048.png 1410w, https:\/\/sweetheaven.com.tr\/wp-content\/uploads\/2024\/12\/Ekran-Resmi-2024-12-27-17.13.58-8x12.png 8w\" sizes=\"auto, (max-width: 1746px) 100vw, 1746px\" \/><\/a>\n\t\t<\/figure>\n\t<\/div>\n<\/div><\/div><\/div><div class=\"wpb_column vc_column_container vc_col-sm-4\"><div class=\"vc_column-inner\"><div class=\"wpb_wrapper\">\n\t<div  class=\"wpb_single_image wpb_content_element vc_align_center\">\n\t\t<h2 class=\"wpb_heading wpb_singleimage_heading\">POLITIQUE DE QUALIT\u00c9 ET DE S\u00c9CURIT\u00c9 ALIMENTAIRE<\/h2>\n\t\t<figure class=\"wpb_wrapper vc_figure\">\n\t\t\t<a class=\"\" data-lightbox=\"lightbox[rel-169-2723160583]\" href=\"https:\/\/sweetheaven.com.tr\/wp-content\/uploads\/2024\/12\/Ekran-Resmi-2024-12-27-17.18.06-774x1024.png\" target=\"_self\"><img loading=\"lazy\" decoding=\"async\" width=\"1096\" height=\"1450\" src=\"https:\/\/sweetheaven.com.tr\/wp-content\/uploads\/2024\/12\/Ekran-Resmi-2024-12-27-17.18.06.png\" class=\"vc_single_image-img attachment-full\" alt=\"\" title=\"Ekran Resmi 2024-12-27 17.18.06\" srcset=\"https:\/\/sweetheaven.com.tr\/wp-content\/uploads\/2024\/12\/Ekran-Resmi-2024-12-27-17.18.06.png 1096w, https:\/\/sweetheaven.com.tr\/wp-content\/uploads\/2024\/12\/Ekran-Resmi-2024-12-27-17.18.06-150x198.png 150w, https:\/\/sweetheaven.com.tr\/wp-content\/uploads\/2024\/12\/Ekran-Resmi-2024-12-27-17.18.06-227x300.png 227w, https:\/\/sweetheaven.com.tr\/wp-content\/uploads\/2024\/12\/Ekran-Resmi-2024-12-27-17.18.06-774x1024.png 774w, https:\/\/sweetheaven.com.tr\/wp-content\/uploads\/2024\/12\/Ekran-Resmi-2024-12-27-17.18.06-768x1016.png 768w, https:\/\/sweetheaven.com.tr\/wp-content\/uploads\/2024\/12\/Ekran-Resmi-2024-12-27-17.18.06-9x12.png 9w\" sizes=\"auto, (max-width: 1096px) 100vw, 1096px\" \/><\/a>\n\t\t<\/figure>\n\t<\/div>\n<\/div><\/div><\/div><div class=\"wpb_column vc_column_container vc_col-sm-4\"><div class=\"vc_column-inner\"><div class=\"wpb_wrapper\">\n\t<div  class=\"wpb_single_image wpb_content_element vc_align_center\">\n\t\t<h2 class=\"wpb_heading wpb_singleimage_heading\">HELAL GIDA SERT\u0130F\u0130KASI<\/h2>\n\t\t<figure class=\"wpb_wrapper vc_figure\">\n\t\t\t<a class=\"\" data-lightbox=\"lightbox[rel-169-424449433]\" href=\"https:\/\/sweetheaven.com.tr\/wp-content\/uploads\/2024\/12\/helal-724x1024.png\" target=\"_self\"><img loading=\"lazy\" decoding=\"async\" width=\"1774\" height=\"2510\" src=\"https:\/\/sweetheaven.com.tr\/wp-content\/uploads\/2024\/12\/helal.png\" class=\"vc_single_image-img attachment-full\" alt=\"\" title=\"helal\" srcset=\"https:\/\/sweetheaven.com.tr\/wp-content\/uploads\/2024\/12\/helal.png 1774w, https:\/\/sweetheaven.com.tr\/wp-content\/uploads\/2024\/12\/helal-150x212.png 150w, https:\/\/sweetheaven.com.tr\/wp-content\/uploads\/2024\/12\/helal-1200x1698.png 1200w, https:\/\/sweetheaven.com.tr\/wp-content\/uploads\/2024\/12\/helal-212x300.png 212w, https:\/\/sweetheaven.com.tr\/wp-content\/uploads\/2024\/12\/helal-724x1024.png 724w, https:\/\/sweetheaven.com.tr\/wp-content\/uploads\/2024\/12\/helal-768x1087.png 768w, https:\/\/sweetheaven.com.tr\/wp-content\/uploads\/2024\/12\/helal-1086x1536.png 1086w, https:\/\/sweetheaven.com.tr\/wp-content\/uploads\/2024\/12\/helal-1447x2048.png 1447w, https:\/\/sweetheaven.com.tr\/wp-content\/uploads\/2024\/12\/helal-8x12.png 8w\" sizes=\"auto, (max-width: 1774px) 100vw, 1774px\" \/><\/a>\n\t\t<\/figure>\n\t<\/div>\n<\/div><\/div><\/div><\/div><div class=\"vc_row wpb_row vc_row-fluid\"><div class=\"wpb_column vc_column_container vc_col-sm-12\"><div class=\"vc_column-inner\"><div class=\"wpb_wrapper\"><\/div><\/div><\/div><\/div>\n<\/div>","protected":false},"excerpt":{"rendered":"Sertifikalar MARKA TESC\u0130L BELGES\u0130 TARIM VE HAYVANCILIK M\u00dcD\u00dcRL\u00dc\u011e\u00dc \u0130\u015eLETME KAYIT BELGES\u0130 VEGAN SERT\u0130F\u0130KASI BRC BELGES\u0130 KAL\u0130TE VE GIDA G\u00dcVENL\u0130\u011e\u0130 POL\u0130T\u0130KASI","protected":false},"author":1,"featured_media":0,"parent":0,"menu_order":0,"comment_status":"closed","ping_status":"closed","template":"","meta":{"footnotes":""},"class_list":["post-169","page","type-page","status-publish","hentry"],"yoast_head":"<!-- This site is optimized with the Yoast SEO plugin v23.8 - https:\/\/yoast.com\/wordpress\/plugins\/seo\/ -->\n<title>Sertifikalar - Sweet Heaven Cakes &amp; Coffee<\/title>\n<meta name=\"robots\" content=\"index, follow, max-snippet:-1, max-image-preview:large, max-video-preview:-1\" \/>\n<link rel=\"canonical\" href=\"http:\/\/sweetheaven.com.tr\/fr\/sertifikalar\/\" \/>\n<meta property=\"og:locale\" content=\"fr_FR\" \/>\n<meta property=\"og:type\" content=\"article\" \/>\n<meta property=\"og:title\" content=\"Sertifikalar - Sweet Heaven Cakes &amp; Coffee\" \/>\n<meta property=\"og:url\" content=\"http:\/\/sweetheaven.com.tr\/fr\/sertifikalar\/\" \/>\n<meta property=\"og:site_name\" content=\"Sweet Heaven Cakes &amp; Coffee\" \/>\n<meta property=\"article:modified_time\" content=\"2024-12-31T13:49:08+00:00\" \/>\n<meta name=\"twitter:card\" content=\"summary_large_image\" \/>\n<meta name=\"twitter:label1\" content=\"Dur\u00e9e de lecture estim\u00e9e\" \/>\n\t<meta name=\"twitter:data1\" content=\"1 minute\" \/>\n<script type=\"application\/ld+json\" class=\"yoast-schema-graph\">{\"@context\":\"https:\/\/schema.org\",\"@graph\":[{\"@type\":\"WebPage\",\"@id\":\"https:\/\/sweetheaven.com.tr\/sertifikalar\/\",\"url\":\"https:\/\/sweetheaven.com.tr\/sertifikalar\/\",\"name\":\"Sertifikalar - Sweet Heaven Cakes &amp; Coffee\",\"isPartOf\":{\"@id\":\"https:\/\/sweetheaven.com.tr\/#website\"},\"datePublished\":\"2023-02-15T11:44:02+00:00\",\"dateModified\":\"2024-12-31T13:49:08+00:00\",\"breadcrumb\":{\"@id\":\"https:\/\/sweetheaven.com.tr\/sertifikalar\/#breadcrumb\"},\"inLanguage\":\"fr-FR\",\"potentialAction\":[{\"@type\":\"ReadAction\",\"target\":[\"https:\/\/sweetheaven.com.tr\/sertifikalar\/\"]}]},{\"@type\":\"BreadcrumbList\",\"@id\":\"https:\/\/sweetheaven.com.tr\/sertifikalar\/#breadcrumb\",\"itemListElement\":[{\"@type\":\"ListItem\",\"position\":1,\"name\":\"Anasayfa\",\"item\":\"https:\/\/sweetheaven.com.tr\/en\/\"},{\"@type\":\"ListItem\",\"position\":2,\"name\":\"Sertifikalar\"}]},{\"@type\":\"WebSite\",\"@id\":\"https:\/\/sweetheaven.com.tr\/#website\",\"url\":\"https:\/\/sweetheaven.com.tr\/\",\"name\":\"Sweet Heaven Cakes &amp; Coffee\",\"description\":\"\",\"potentialAction\":[{\"@type\":\"SearchAction\",\"target\":{\"@type\":\"EntryPoint\",\"urlTemplate\":\"https:\/\/sweetheaven.com.tr\/?s={search_term_string}\"},\"query-input\":{\"@type\":\"PropertyValueSpecification\",\"valueRequired\":true,\"valueName\":\"search_term_string\"}}],\"inLanguage\":\"fr-FR\"}]}<\/script>\n<!-- \/ Yoast SEO plugin. -->","yoast_head_json":{"title":"Sertifikalar - Sweet Heaven Cakes &amp; Coffee","robots":{"index":"index","follow":"follow","max-snippet":"max-snippet:-1","max-image-preview":"max-image-preview:large","max-video-preview":"max-video-preview:-1"},"canonical":"http:\/\/sweetheaven.com.tr\/fr\/sertifikalar\/","og_locale":"fr_FR","og_type":"article","og_title":"Sertifikalar - Sweet Heaven Cakes &amp; Coffee","og_url":"http:\/\/sweetheaven.com.tr\/fr\/sertifikalar\/","og_site_name":"Sweet Heaven Cakes &amp; Coffee","article_modified_time":"2024-12-31T13:49:08+00:00","twitter_card":"summary_large_image","twitter_misc":{"Dur\u00e9e de lecture estim\u00e9e":"1 minute"},"schema":{"@context":"https:\/\/schema.org","@graph":[{"@type":"WebPage","@id":"https:\/\/sweetheaven.com.tr\/sertifikalar\/","url":"https:\/\/sweetheaven.com.tr\/sertifikalar\/","name":"Sertifikalar - Sweet Heaven Cakes &amp; Coffee","isPartOf":{"@id":"https:\/\/sweetheaven.com.tr\/#website"},"datePublished":"2023-02-15T11:44:02+00:00","dateModified":"2024-12-31T13:49:08+00:00","breadcrumb":{"@id":"https:\/\/sweetheaven.com.tr\/sertifikalar\/#breadcrumb"},"inLanguage":"fr-FR","potentialAction":[{"@type":"ReadAction","target":["https:\/\/sweetheaven.com.tr\/sertifikalar\/"]}]},{"@type":"BreadcrumbList","@id":"https:\/\/sweetheaven.com.tr\/sertifikalar\/#breadcrumb","itemListElement":[{"@type":"ListItem","position":1,"name":"Anasayfa","item":"https:\/\/sweetheaven.com.tr\/en\/"},{"@type":"ListItem","position":2,"name":"Sertifikalar"}]},{"@type":"WebSite","@id":"https:\/\/sweetheaven.com.tr\/#website","url":"https:\/\/sweetheaven.com.tr\/","name":"Sweet Heaven Cakes &amp; Coffee","description":"","potentialAction":[{"@type":"SearchAction","target":{"@type":"EntryPoint","urlTemplate":"https:\/\/sweetheaven.com.tr\/?s={search_term_string}"},"query-input":{"@type":"PropertyValueSpecification","valueRequired":true,"valueName":"search_term_string"}}],"inLanguage":"fr-FR"}]}},"_links":{"self":[{"href":"http:\/\/sweetheaven.com.tr\/fr\/wp-json\/wp\/v2\/pages\/169","targetHints":{"allow":["GET"]}}],"collection":[{"href":"http:\/\/sweetheaven.com.tr\/fr\/wp-json\/wp\/v2\/pages"}],"about":[{"href":"http:\/\/sweetheaven.com.tr\/fr\/wp-json\/wp\/v2\/types\/page"}],"author":[{"embeddable":true,"href":"http:\/\/sweetheaven.com.tr\/fr\/wp-json\/wp\/v2\/users\/1"}],"replies":[{"embeddable":true,"href":"http:\/\/sweetheaven.com.tr\/fr\/wp-json\/wp\/v2\/comments?post=169"}],"version-history":[{"count":8,"href":"http:\/\/sweetheaven.com.tr\/fr\/wp-json\/wp\/v2\/pages\/169\/revisions"}],"predecessor-version":[{"id":2885,"href":"http:\/\/sweetheaven.com.tr\/fr\/wp-json\/wp\/v2\/pages\/169\/revisions\/2885"}],"wp:attachment":[{"href":"http:\/\/sweetheaven.com.tr\/fr\/wp-json\/wp\/v2\/media?parent=169"}],"curies":[{"name":"wp","href":"https:\/\/api.w.org\/{rel}","templated":true}]}}